{"id":21258,"date":"2023-07-28T13:47:43","date_gmt":"2023-07-28T13:47:43","guid":{"rendered":"https:\/\/www.customywear.com\/?post_type=product&#038;p=21258"},"modified":"2026-05-07T15:29:51","modified_gmt":"2026-05-07T15:29:51","slug":"camasa-pentru-tineret-personalizat-tip-sirena","status":"publish","type":"product","link":"https:\/\/www.customywear.com\/ro\/personalized-mermaid-girl-youth-shirt\/","title":{"rendered":"Personalizate Siren\u0103 Fat\u0103 De Tineret T-Shirt | Personalizat Aventur\u0103 Subacvatic\u0103 Tee"},"content":{"rendered":"<p>Cufund\u0103-te \u00eentr-o lume a imagina\u021biei cu \u201eTricoul nostru personalizat pentru fete \u0219i tineri cu tematic\u0103 de siren\u0103\u201d, unde fotografia copilului t\u0103u este transformat\u0103 \u00eentr-o ilustra\u021bie vectorial\u0103 captivant\u0103 folosind Adobe Illustrator. Urm\u0103re\u0219te-\u021bi cum micu\u021ba ta pare o siren\u0103 gra\u021bioas\u0103, explor\u00e2nd ad\u00e2ncurile oceanului pe acest tricou personalizat. Acest design \u00eenc\u00e2nt\u0103tor serve\u0219te drept cadoul perfect de inspira\u021bie pentru min\u021bile tinere \u0219i imaginative, captivate de lumea mistic\u0103 a sirenelor. Designerii no\u0219tri pricepu\u021bi \u00ee\u0219i folosesc magia cu Adobe Illustrator \u0219i Adobe Photoshop pentru a crea art\u0103 vectorial\u0103 de \u00eenalt\u0103 calitate, aduc\u00e2nd la via\u021b\u0103 fantezia sirenelor cu culori vibrante \u0219i detalii complexe. Tehnica de imprimare DTG asigur\u0103 c\u0103 designul r\u0103m\u00e2ne viu \u0219i durabil chiar \u0219i dup\u0103 nenum\u0103rate aventuri. Acest tricou unisex este disponibil pentru toate grupele de v\u00e2rst\u0103, inclusiv adul\u021bi, tineri, copii \u0219i copii mici, ceea ce \u00eel face o surpriz\u0103 \u00eenc\u00e2nt\u0103toare pentru \u00eentreaga familie. \u00cen plus, oferim op\u021biunea de a personaliza designul cu orice fa\u021b\u0103 uman\u0103 sau de animal de companie, ad\u0103ug\u00e2nd o not\u0103 suplimentar\u0103 de magie \u0219i unicitate acestui \u00eenc\u00e2nt\u0103tor tricou cu tematic\u0103 de siren\u0103.<\/p>","protected":false},"excerpt":{"rendered":"<p>Explora\u021bi m\u0103rile cu un tricou personalizat pentru tineret cu siren\u0103. Tricourile personalizate subacvatice Adventure transform\u0103 orice fotografie \u00eentr-un tricou juc\u0103u\u0219, unic.<\/p>","protected":false},"featured_media":143011,"comment_status":"open","ping_status":"closed","template":"","meta":{"_acf_changed":false},"product_brand":[],"product_cat":[6193,1615,6412,6428],"product_tag":[6433,6439,6331,1616,65,1617,1618,2457,156],"class_list":{"0":"post-21258","1":"product","2":"type-product","3":"status-publish","4":"has-post-thumbnail","6":"product_cat-girls-t-shirts","7":"product_cat-custom-gifts-mermaid","8":"product_cat-photo-to-tees","9":"product_cat-translate-products","10":"product_tag-ai-artwork","11":"product_tag-ai-kids-artwork","12":"product_tag-custom-picture-t-shirt-for-girls","13":"product_tag-custom-arts-mermaid","14":"product_tag-kid","15":"product_tag-mermaid_gifts","16":"product_tag-mermaid_shirt","17":"product_tag-ocean_shirt","18":"product_tag-youth-girl","20":"first","21":"instock","22":"taxable","23":"shipping-taxable","24":"purchasable","25":"product-type-simple"},"acf":[],"wcpa_form_fields":null,"_links":{"self":[{"href":"https:\/\/www.customywear.com\/ro\/wp-json\/wp\/v2\/product\/21258","targetHints":{"allow":["GET"]}}],"collection":[{"href":"https:\/\/www.customywear.com\/ro\/wp-json\/wp\/v2\/product"}],"about":[{"href":"https:\/\/www.customywear.com\/ro\/wp-json\/wp\/v2\/types\/product"}],"replies":[{"embeddable":true,"href":"https:\/\/www.customywear.com\/ro\/wp-json\/wp\/v2\/comments?post=21258"}],"wp:featuredmedia":[{"embeddable":true,"href":"https:\/\/www.customywear.com\/ro\/wp-json\/wp\/v2\/media\/143011"}],"wp:attachment":[{"href":"https:\/\/www.customywear.com\/ro\/wp-json\/wp\/v2\/media?parent=21258"}],"wp:term":[{"taxonomy":"product_brand","embeddable":true,"href":"https:\/\/www.customywear.com\/ro\/wp-json\/wp\/v2\/product_brand?post=21258"},{"taxonomy":"product_cat","embeddable":true,"href":"https:\/\/www.customywear.com\/ro\/wp-json\/wp\/v2\/product_cat?post=21258"},{"taxonomy":"product_tag","embeddable":true,"href":"https:\/\/www.customywear.com\/ro\/wp-json\/wp\/v2\/product_tag?post=21258"}],"curies":[{"name":"wp","href":"https:\/\/api.w.org\/{rel}","templated":true}]}}