{"id":21307,"date":"2023-07-28T13:48:40","date_gmt":"2023-07-28T13:48:40","guid":{"rendered":"https:\/\/www.customywear.com\/?post_type=product&#038;p=21307"},"modified":"2026-05-07T15:29:49","modified_gmt":"2026-05-07T15:29:49","slug":"camasa-baieti-garda-regala-tricou-london","status":"publish","type":"product","link":"https:\/\/www.customywear.com\/ro\/royal-guard-boys-shirt-london-tee\/","title":{"rendered":"Micul Gardian al Regelui: Tricou personalizat pentru b\u0103ie\u021bi din Garda Regal\u0103 \u2013 Tricou personalizat Londra"},"content":{"rendered":"<p>V\u0103 prezent\u0103m designul nostru creativ de tricou cu m\u00e2nec\u0103 scurt\u0103 \u0219i lung\u0103 pentru copii, \u00een care micu\u021bul dumneavoastr\u0103 se transform\u0103 \u00eentr-o Gard\u0103 Regal\u0103 cu o not\u0103 de magie. Folosind fotografia copilului dumneavoastr\u0103, arti\u0219tii no\u0219tri pricepu\u021bi vor crea o art\u0103 vectorial\u0103 captivant\u0103 care \u00eel va transforma \u00eentr-un membru m\u00e2ndru \u0219i curajos al G\u0103rzilor Imperiale ale Regelui. Acest tricou personalizat pentru b\u0103ie\u021bi este un cadou \u00eenc\u00e2nt\u0103tor \u0219i plin de umor pentru tinerii fascina\u021bi de emblematicul Gard\u0103 Regal\u0103 \u0219i de maiestuosul ora\u0219 Londra. Imprimarea noastr\u0103 DTG asigur\u0103 c\u0103 tricourile sunt de \u00eenalt\u0103 calitate, unisex \u0219i potrivite at\u00e2t pentru adul\u021bi, tineri, copii, c\u00e2t \u0219i pentru copii mici, fiind perfecte pentru toate v\u00e2rstele. Folosim software standard \u00een industrie, precum Adobe Illustrator \u0219i Adobe Photoshop, pentru a desena modele deosebite, unice \u0219i adaptate la unicitatea copilului dumneavoastr\u0103. Acest tricou cu tematic\u0103 londonez\u0103 poate fi personalizat \u0219i cu fe\u021be umane \u0219i de animale de companie, ceea ce \u00eel transform\u0103 \u00eentr-o amintire pre\u021bioas\u0103 pentru micul dumneavoastr\u0103 Gardian \u0219i prietenii s\u0103i bl\u0103no\u0219i. \u00cembr\u0103\u021bi\u0219a\u021bi farmecul tricoului nostru pentru b\u0103ie\u021bi cu Garda Regal\u0103, un omagiu adus tradi\u021biilor atemporale ale Londrei \u0219i un cadou de neuitat pentru tinerii aventurieri din via\u021ba dumneavoastr\u0103. Dac\u0103 ave\u021bi \u00eentreb\u0103ri sau ave\u021bi nevoie de asisten\u021b\u0103 suplimentar\u0103, nu ezita\u021bi s\u0103 ne contacta\u021bi pentru o experien\u021b\u0103 personalizat\u0103 care s\u0103 v\u0103 dep\u0103\u0219easc\u0103 a\u0219tept\u0103rile.<\/p>","protected":false},"excerpt":{"rendered":"<p>P\u0103ze\u0219te cu m\u00e2ndrie o c\u0103ma\u0219\u0103 personalizat\u0103 pentru b\u0103ie\u021bii de la Garda Regal\u0103. Tricourile personalizate din Londra transform\u0103 orice fotografie \u00eentr-un tricou \u00eendr\u0103zne\u021b \u0219i unic.<\/p>","protected":false},"featured_media":143046,"comment_status":"open","ping_status":"closed","template":"","meta":{"_acf_changed":false},"product_brand":[],"product_cat":[6189,2999,6412,6428],"product_tag":[6433,6439,64,65,3051,70,73],"class_list":{"0":"post-21307","1":"product","2":"type-product","3":"status-publish","4":"has-post-thumbnail","6":"product_cat-boys-t-shirts","7":"product_cat-custom-gifts-royal-guard","8":"product_cat-photo-to-tees","9":"product_cat-translate-products","10":"product_tag-ai-artwork","11":"product_tag-ai-kids-artwork","12":"product_tag-country_shirts","13":"product_tag-kid","14":"product_tag-london_shirt","15":"product_tag-travel_gift","16":"product_tag-youth-boy","18":"first","19":"instock","20":"taxable","21":"shipping-taxable","22":"purchasable","23":"product-type-simple"},"acf":[],"wcpa_form_fields":null,"_links":{"self":[{"href":"https:\/\/www.customywear.com\/ro\/wp-json\/wp\/v2\/product\/21307","targetHints":{"allow":["GET"]}}],"collection":[{"href":"https:\/\/www.customywear.com\/ro\/wp-json\/wp\/v2\/product"}],"about":[{"href":"https:\/\/www.customywear.com\/ro\/wp-json\/wp\/v2\/types\/product"}],"replies":[{"embeddable":true,"href":"https:\/\/www.customywear.com\/ro\/wp-json\/wp\/v2\/comments?post=21307"}],"wp:featuredmedia":[{"embeddable":true,"href":"https:\/\/www.customywear.com\/ro\/wp-json\/wp\/v2\/media\/143046"}],"wp:attachment":[{"href":"https:\/\/www.customywear.com\/ro\/wp-json\/wp\/v2\/media?parent=21307"}],"wp:term":[{"taxonomy":"product_brand","embeddable":true,"href":"https:\/\/www.customywear.com\/ro\/wp-json\/wp\/v2\/product_brand?post=21307"},{"taxonomy":"product_cat","embeddable":true,"href":"https:\/\/www.customywear.com\/ro\/wp-json\/wp\/v2\/product_cat?post=21307"},{"taxonomy":"product_tag","embeddable":true,"href":"https:\/\/www.customywear.com\/ro\/wp-json\/wp\/v2\/product_tag?post=21307"}],"curies":[{"name":"wp","href":"https:\/\/api.w.org\/{rel}","templated":true}]}}