{"id":21312,"date":"2023-07-28T13:48:42","date_gmt":"2023-07-28T13:48:42","guid":{"rendered":"https:\/\/www.customywear.com\/?post_type=product&#038;p=21312"},"modified":"2026-05-07T15:29:49","modified_gmt":"2026-05-07T15:29:49","slug":"camasa-pentru-baiat-alergator","status":"publish","type":"product","link":"https:\/\/www.customywear.com\/ro\/runner-boy-shirt\/","title":{"rendered":"Alimenteaz\u0103 pasiunea t\u00e2n\u0103rului t\u0103u campion cu tricoul nostru Runner Boy"},"content":{"rendered":"<p>Aprinde sc\u00e2nteia atletismului \u00een t\u00e2n\u0103rul t\u0103u campion cu tricoul nostru personalizat pentru alerg\u0103tor! Create cu creativitate \u0219i grij\u0103, tricourile noastre cu m\u00e2nec\u0103 scurt\u0103 \u0219i lung\u0103 pentru copii prezint\u0103 grafic\u0103 vectorial\u0103 personalizat\u0103, transform\u00e2nd fotografia copilului t\u0103u \u00eentr-o ilustra\u021bie energic\u0103 a lui alerg\u00e2nd \u00een aer liber. Acest tricou personalizat unic serve\u0219te drept cadoul perfect de inspira\u021bie pentru tinerii activi, aliment\u00e2ndu-le pasiunea pentru fitness \u0219i \u00eencuraj\u00e2ndu-i s\u0103 adopte un stil de via\u021b\u0103 activ. Cu imprimare DTG \u0219i grafic\u0103 vectorial\u0103 de \u00eenalt\u0103 calitate, tricoul nostru pentru alerg\u0103tor ofer\u0103 culori vibrante \u0219i detalii fine, f\u0103c\u00e2nd ca aventurile de alergare ale copilului t\u0103u s\u0103 prind\u0103 via\u021b\u0103 pe material textil. Disponibile \u00eentr-o varietate de m\u0103rimi pentru a se potrivi tinerilor, copiilor \u0219i copiilor mici, tricourile noastre unisex se adreseaz\u0103 tinerilor sportivi de diferite v\u00e2rste. Fie c\u0103 sunt pasiona\u021bi de jogging, curse sau pur \u0219i simplu iubesc fiorul alerg\u0103rii \u00een aer liber, tricoul nostru personalizat pentru alerg\u0103tor este o modalitate excelent\u0103 de a le spori \u00eencrederea \u0219i de a-\u0219i s\u0103rb\u0103tori activit\u0103\u021bile active. \u00cembr\u0103\u021bi\u0219eaz\u0103 bucuria de a-\u021bi vedea t\u00e2n\u0103rul alerg\u0103tor radiind de m\u00e2ndrie \u00een timp ce poart\u0103 un tricou personalizat special pentru el, reflect\u00e2nd entuziasmul s\u0103u de a r\u0103m\u00e2ne activ \u0219i de a se bucura de activit\u0103\u021bi \u00een aer liber.<\/p>","protected":false},"excerpt":{"rendered":"<p>Alimenta\u021bi-v\u0103 pasiunea t\u00e2n\u0103rului campion cu o c\u0103ma\u0219\u0103 de b\u0103iat alerg\u0103tor. Tricourile personalizate de alergare transform\u0103 orice fotografie \u00eentr-un tricou sportiv, unic.<\/p>","protected":false},"featured_media":143074,"comment_status":"open","ping_status":"closed","template":"","meta":{"_acf_changed":false},"product_brand":[],"product_cat":[6189,3004,6412,6428],"product_tag":[6433,6439,3005,546,65,298,105,1827,73],"class_list":{"0":"post-21312","1":"product","2":"type-product","3":"status-publish","4":"has-post-thumbnail","6":"product_cat-boys-t-shirts","7":"product_cat-custom-gifts-running-and-jogging","8":"product_cat-photo-to-tees","9":"product_cat-translate-products","10":"product_tag-ai-artwork","11":"product_tag-ai-kids-artwork","12":"product_tag-custom-arts-running-jogging","13":"product_tag-gym","14":"product_tag-kid","15":"product_tag-outdoor_shirt","16":"product_tag-summer_shirt","17":"product_tag-workout_shirt","18":"product_tag-youth-boy","20":"first","21":"instock","22":"taxable","23":"shipping-taxable","24":"purchasable","25":"product-type-simple"},"acf":[],"wcpa_form_fields":null,"_links":{"self":[{"href":"https:\/\/www.customywear.com\/ro\/wp-json\/wp\/v2\/product\/21312","targetHints":{"allow":["GET"]}}],"collection":[{"href":"https:\/\/www.customywear.com\/ro\/wp-json\/wp\/v2\/product"}],"about":[{"href":"https:\/\/www.customywear.com\/ro\/wp-json\/wp\/v2\/types\/product"}],"replies":[{"embeddable":true,"href":"https:\/\/www.customywear.com\/ro\/wp-json\/wp\/v2\/comments?post=21312"}],"wp:featuredmedia":[{"embeddable":true,"href":"https:\/\/www.customywear.com\/ro\/wp-json\/wp\/v2\/media\/143074"}],"wp:attachment":[{"href":"https:\/\/www.customywear.com\/ro\/wp-json\/wp\/v2\/media?parent=21312"}],"wp:term":[{"taxonomy":"product_brand","embeddable":true,"href":"https:\/\/www.customywear.com\/ro\/wp-json\/wp\/v2\/product_brand?post=21312"},{"taxonomy":"product_cat","embeddable":true,"href":"https:\/\/www.customywear.com\/ro\/wp-json\/wp\/v2\/product_cat?post=21312"},{"taxonomy":"product_tag","embeddable":true,"href":"https:\/\/www.customywear.com\/ro\/wp-json\/wp\/v2\/product_tag?post=21312"}],"curies":[{"name":"wp","href":"https:\/\/api.w.org\/{rel}","templated":true}]}}