{"id":21319,"date":"2023-07-28T13:48:48","date_gmt":"2023-07-28T13:48:48","guid":{"rendered":"https:\/\/www.customywear.com\/?post_type=product&#038;p=21319"},"modified":"2026-05-07T15:29:49","modified_gmt":"2026-05-07T15:29:49","slug":"camasa-de-baiat-scotian-personalizat","status":"publish","type":"product","link":"https:\/\/www.customywear.com\/ro\/custom-scottish-boy-shirt\/","title":{"rendered":"\u00cembr\u0103\u021bi\u0219eaz\u0103 mo\u0219tenirea sco\u021bian\u0103 cu tricoul nostru personalizat pentru b\u0103ie\u021bi sco\u021bieni"},"content":{"rendered":"<p>Cufund\u0103-\u021bi copilul \u00een lumea fermec\u0103toare a Sco\u021biei cu tricoul nostru personalizat sco\u021bian pentru b\u0103ie\u021bi! Folosind imprimare DTG \u0219i art\u0103 vectorial\u0103 de \u00eenalt\u0103 calitate, vom transforma cu m\u0103iestrie fotografia copilului t\u0103u \u00eentr-o ilustra\u021bie captivant\u0103, f\u0103c\u00e2ndu-l s\u0103 par\u0103 c\u0103 poart\u0103 o rochie tradi\u021bional\u0103 sco\u021bian\u0103. Acest tricou creativ \u0219i personalizat pentru copii, cu m\u00e2nec\u0103 scurt\u0103 \u0219i m\u00e2nec\u0103 lung\u0103, este cadoul perfect pentru tinerii pasiona\u021bi de c\u0103l\u0103torii care apreciaz\u0103 profund diferite culturi \u0219i sunt fermeca\u021bi de farmecul Sco\u021biei. S\u0103rb\u0103tore\u0219te dragostea copilului t\u0103u pentru mo\u0219tenirea sco\u021bian\u0103 sau fascina\u021bia sa pentru bogatele tradi\u021bii \u0219i obiceiuri ale acestei \u021b\u0103ri europene. Tricoul nostru unisex este disponibil at\u00e2t pentru b\u0103ie\u021bi, c\u00e2t \u0219i pentru fete, asigur\u00e2ndu-se c\u0103 micu\u021bul t\u0103u \u00ee\u0219i poate etala cu m\u00e2ndrie stilul \u0219i interesele unice. Fie c\u0103 are r\u0103d\u0103cini sco\u021biene sau pur \u0219i simplu ador\u0103 bog\u0103\u021bia cultural\u0103 a Sco\u021biei, tricoul nostru personalizat sco\u021bian pentru b\u0103ie\u021bi va fi o completare pre\u021buit\u0103 a garderobei sale \u0219i o reprezentare tangibil\u0103 a individualit\u0103\u021bii sale. \u00cembr\u0103\u021bi\u0219eaz\u0103 magia Sco\u021biei cu acest tricou personalizat excep\u021bional \u0219i las\u0103 imagina\u021bia copilului t\u0103u s\u0103 zburde!<\/p>","protected":false},"excerpt":{"rendered":"<p>S\u0103rb\u0103tore\u0219te mo\u0219tenirea cu o c\u0103ma\u0219\u0103 de b\u0103iat sco\u021bian personalizat\u0103. Tricourile personalizate transform\u0103 orice fotografie \u00eentr-un tricou unic, inspirat de tradi\u021bie.<\/p>","protected":false},"featured_media":143102,"comment_status":"open","ping_status":"closed","template":"","meta":{"_acf_changed":false},"product_brand":[],"product_cat":[6189,3018,6412,6428],"product_tag":[6433,6439,64,65,67,3021,73],"class_list":{"0":"post-21319","1":"product","2":"type-product","3":"status-publish","4":"has-post-thumbnail","6":"product_cat-boys-t-shirts","7":"product_cat-custom-gifts-scottish-culture","8":"product_cat-photo-to-tees","9":"product_cat-translate-products","10":"product_tag-ai-artwork","11":"product_tag-ai-kids-artwork","12":"product_tag-country_shirts","13":"product_tag-kid","14":"product_tag-kids_birthday_shirt","15":"product_tag-scottish-art","16":"product_tag-youth-boy","18":"first","19":"instock","20":"taxable","21":"shipping-taxable","22":"purchasable","23":"product-type-simple"},"acf":[],"wcpa_form_fields":null,"_links":{"self":[{"href":"https:\/\/www.customywear.com\/ro\/wp-json\/wp\/v2\/product\/21319","targetHints":{"allow":["GET"]}}],"collection":[{"href":"https:\/\/www.customywear.com\/ro\/wp-json\/wp\/v2\/product"}],"about":[{"href":"https:\/\/www.customywear.com\/ro\/wp-json\/wp\/v2\/types\/product"}],"replies":[{"embeddable":true,"href":"https:\/\/www.customywear.com\/ro\/wp-json\/wp\/v2\/comments?post=21319"}],"wp:featuredmedia":[{"embeddable":true,"href":"https:\/\/www.customywear.com\/ro\/wp-json\/wp\/v2\/media\/143102"}],"wp:attachment":[{"href":"https:\/\/www.customywear.com\/ro\/wp-json\/wp\/v2\/media?parent=21319"}],"wp:term":[{"taxonomy":"product_brand","embeddable":true,"href":"https:\/\/www.customywear.com\/ro\/wp-json\/wp\/v2\/product_brand?post=21319"},{"taxonomy":"product_cat","embeddable":true,"href":"https:\/\/www.customywear.com\/ro\/wp-json\/wp\/v2\/product_cat?post=21319"},{"taxonomy":"product_tag","embeddable":true,"href":"https:\/\/www.customywear.com\/ro\/wp-json\/wp\/v2\/product_tag?post=21319"}],"curies":[{"name":"wp","href":"https:\/\/api.w.org\/{rel}","templated":true}]}}