{"id":21320,"date":"2023-07-28T13:48:49","date_gmt":"2023-07-28T13:48:49","guid":{"rendered":"https:\/\/www.customywear.com\/?post_type=product&#038;p=21320"},"modified":"2026-05-07T15:29:49","modified_gmt":"2026-05-07T15:29:49","slug":"camasa-personalizata-pentru-fete-scotiane","status":"publish","type":"product","link":"https:\/\/www.customywear.com\/ro\/custom-scottish-girl-shirt\/","title":{"rendered":"Dezl\u0103n\u021bui Sco\u021bian Farmec cu Obiceiul Nostru Sco\u021bian\u0103 Tricou"},"content":{"rendered":"<p>Aprinde\u021bi pofta de c\u0103l\u0103torie a copilului dumneavoastr\u0103 \u0219i celebra\u021bi farmecul captivant al Sco\u021biei cu tricoul nostru unic pentru feti\u021be sco\u021biene! Imprimarea noastr\u0103 DTG \u0219i arta vectorial\u0103 de \u00eenalt\u0103 calitate vor transforma cu m\u0103iestrie fotografia copilului dumneavoastr\u0103 \u00eentr-o ilustra\u021bie \u00eenc\u00e2nt\u0103toare, \u00een care acesta va fi v\u0103zut purt\u00e2nd o rochie tradi\u021bional\u0103 sco\u021bian\u0103. Acest tricou pentru copii, cu m\u00e2nec\u0103 scurt\u0103 \u0219i m\u00e2nec\u0103 lung\u0103, conceput creativ, este cadoul personalizat perfect pentru tinerii pasiona\u021bi de c\u0103l\u0103torii, fascina\u021bi de \u021b\u0103rile europene \u0219i de bogata lor mo\u0219tenire cultural\u0103. \u00cembr\u0103\u021bi\u0219a\u021bi frumuse\u021bea hainelor personalizate \u00een timp ce aducem la via\u021b\u0103 visele copilului dumneavoastr\u0103 despre Sco\u021bia. Acest tricou unisex este disponibil at\u00e2t pentru b\u0103ie\u021bi, c\u00e2t \u0219i pentru fete, fiind un plus versatil pentru garderoba oric\u0103rui t\u00e2n\u0103r aventurier. Fie c\u0103 au r\u0103d\u0103cini sco\u021biene sau pur \u0219i simplu ador\u0103 farmecul acestei \u021b\u0103ri europene inspirate, tricoul nostru pentru feti\u021be sco\u021biene va fi o pies\u0103 pre\u021bioas\u0103 \u0219i unic\u0103, care va permite individualit\u0103\u021bii copilului dumneavoastr\u0103 s\u0103 str\u0103luceasc\u0103. Transporta\u021bi-v\u0103 micu\u021bul \u00een lumea captivant\u0103 a Sco\u021biei cu acest tricou personalizat excep\u021bional!<\/p>","protected":false},"excerpt":{"rendered":"<p>Arat\u0103 farmecul cu o c\u0103ma\u0219\u0103 personalizat\u0103 de fat\u0103 sco\u021bian\u0103. Tricourile personalizate transform\u0103 orice fotografie \u00eentr-un tricou juc\u0103u\u0219, unic, cu tematic\u0103 sco\u021bian\u0103.<\/p>","protected":false},"featured_media":143109,"comment_status":"open","ping_status":"closed","template":"","meta":{"_acf_changed":false},"product_brand":[],"product_cat":[6193,3018,6412,6428],"product_tag":[6433,6439,64,65,67,3021,156],"class_list":{"0":"post-21320","1":"product","2":"type-product","3":"status-publish","4":"has-post-thumbnail","6":"product_cat-girls-t-shirts","7":"product_cat-custom-gifts-scottish-culture","8":"product_cat-photo-to-tees","9":"product_cat-translate-products","10":"product_tag-ai-artwork","11":"product_tag-ai-kids-artwork","12":"product_tag-country_shirts","13":"product_tag-kid","14":"product_tag-kids_birthday_shirt","15":"product_tag-scottish-art","16":"product_tag-youth-girl","18":"first","19":"instock","20":"taxable","21":"shipping-taxable","22":"purchasable","23":"product-type-simple"},"acf":[],"wcpa_form_fields":null,"_links":{"self":[{"href":"https:\/\/www.customywear.com\/ro\/wp-json\/wp\/v2\/product\/21320","targetHints":{"allow":["GET"]}}],"collection":[{"href":"https:\/\/www.customywear.com\/ro\/wp-json\/wp\/v2\/product"}],"about":[{"href":"https:\/\/www.customywear.com\/ro\/wp-json\/wp\/v2\/types\/product"}],"replies":[{"embeddable":true,"href":"https:\/\/www.customywear.com\/ro\/wp-json\/wp\/v2\/comments?post=21320"}],"wp:featuredmedia":[{"embeddable":true,"href":"https:\/\/www.customywear.com\/ro\/wp-json\/wp\/v2\/media\/143109"}],"wp:attachment":[{"href":"https:\/\/www.customywear.com\/ro\/wp-json\/wp\/v2\/media?parent=21320"}],"wp:term":[{"taxonomy":"product_brand","embeddable":true,"href":"https:\/\/www.customywear.com\/ro\/wp-json\/wp\/v2\/product_brand?post=21320"},{"taxonomy":"product_cat","embeddable":true,"href":"https:\/\/www.customywear.com\/ro\/wp-json\/wp\/v2\/product_cat?post=21320"},{"taxonomy":"product_tag","embeddable":true,"href":"https:\/\/www.customywear.com\/ro\/wp-json\/wp\/v2\/product_tag?post=21320"}],"curies":[{"name":"wp","href":"https:\/\/api.w.org\/{rel}","templated":true}]}}