{"id":21339,"date":"2023-07-28T13:49:15","date_gmt":"2023-07-28T13:49:15","guid":{"rendered":"https:\/\/www.customywear.com\/?post_type=product&#038;p=21339"},"modified":"2026-05-05T20:23:29","modified_gmt":"2026-05-05T20:23:29","slug":"camasa-de-femeie-cu-sanius","status":"publish","type":"product","link":"https:\/\/www.customywear.com\/ro\/sledding-santa-woman-shirt\/","title":{"rendered":"Preg\u0103te\u0219te-te s\u0103 te dai cu sania \u00een distrac\u021bie cu tricoul nostru pentru Mo\u0219 Cr\u0103ciun care se dau cu sania!"},"content":{"rendered":"<p>\u00cembr\u0103\u021bi\u0219eaz\u0103 spiritul s\u0103rb\u0103torilor \u0219i al\u0103tur\u0103-te distrac\u021biei de iarn\u0103 cu \u201eTricoul nostru Mo\u0219 Cr\u0103ciun care merge cu sania!\u201d. Acest tricou personalizat pentru adul\u021bi, unisex, cu m\u00e2nec\u0103 scurt\u0103 \u0219i lung\u0103, este cadoul perfect de Cr\u0103ciun pentru a face sezonul \u0219i mai \u00eenc\u00e2nt\u0103tor. Folosind imprimare DTG de \u00eenalt\u0103 calitate \u0219i grafic\u0103 vectorial\u0103 de \u00eenalt\u0103 calitate, vom transforma fotografia ta \u00eentr-o portretizare umoristic\u0103 a ta d\u00e2nd cu sania pe dealuri \u00eenz\u0103pezite, costumat \u00een Mo\u0219 Cr\u0103ciun. Acest tricou amuzant \u0219i festiv surprinde bucuria \u0219i veselia sezonului s\u0103rb\u0103torilor, fiind o completare minunat\u0103 a garderobei tale de Cr\u0103ciun.<\/p>\n<p>Indiferent dac\u0103 sunte\u021bi \u00een c\u0103utarea unui cadou de Cr\u0103ciun unic \u0219i personalizat sau dori\u021bi s\u0103 r\u0103sp\u00e2ndi\u021bi r\u00e2sete \u0219i veselie oriunde a\u021bi merge, tricoul nostru cu Mo\u0219 Cr\u0103ciun care merge cu sania este r\u0103spunsul. Nu este doar un tricou; este o amintire pre\u021buit\u0103, un subiect de conversa\u021bie \u0219i o declara\u021bie de entuziasm pentru s\u0103rb\u0103tori. Preg\u0103te\u0219te-te s\u0103 te dai cu sania \u00een t\u0103r\u00e2mul minunat al distrac\u021biei \u0219i entuziasmului de iarn\u0103 cu \u00eenc\u00e2nt\u0103torul nostru \u201etricou cu Mo\u0219 Cr\u0103ciun care merge cu sania!\u201d. Personaliza\u021bi-l cu orice fa\u021b\u0103 uman\u0103 sau de animal de companie \u0219i face\u021bi acest Cr\u0103ciun cu adev\u0103rat memorabil. Dac\u0103 ave\u021bi \u00eentreb\u0103ri sau ave\u021bi nevoie de asisten\u021b\u0103 cu comanda dvs., nu ezita\u021bi s\u0103 ne contacta\u021bi. Plimb\u0103ri cu sania fericite \u0219i Cr\u0103ciun fericit!<\/p>","protected":false},"excerpt":{"rendered":"<p>s\u0103ni cu sania cu c\u0103ma\u0219a noastr\u0103 cu sania Mo\u0219 Cr\u0103ciun. Tricourile personalizate transform\u0103 fotografiile \u00een modele festive de iarn\u0103.<\/p>","protected":false},"featured_media":101660,"comment_status":"open","ping_status":"closed","template":"","meta":{"_acf_changed":false},"product_brand":[],"product_cat":[6191,6412,6428,6435,6361],"product_tag":[795,2203,352,801,803,112],"class_list":{"0":"post-21339","1":"product","2":"type-product","3":"status-publish","4":"has-post-thumbnail","6":"product_cat-t-shirts-women","7":"product_cat-photo-to-tees","8":"product_cat-translate-products","9":"product_cat-v2-women-tee","10":"product_cat-womens-christmas-t-shirts","11":"product_tag-christmas","12":"product_tag-christmas-arts","13":"product_tag-honeymoon_shirt","14":"product_tag-personalized_gifts","15":"product_tag-wedding_gift","16":"product_tag-women","17":"wcpa_has_options","19":"first","20":"instock","21":"taxable","22":"shipping-taxable","23":"purchasable","24":"product-type-simple"},"acf":[],"wcpa_form_fields":{"wcpaData":{"product":{"product_price":24.99,"price_html":"<span class=\"wmc-wc-price\" ><span class=\"woocommerce-Price-amount amount\"><bdi><span class=\"woocommerce-Price-currencySymbol\">&euro;<\/span>24,99<\/bdi><\/span><span data-wmc_price_cache=\"{&quot;USD&quot;:&quot;&lt;span class=\\&quot;woocommerce-Price-amount amount\\&quot;&gt;&lt;bdi&gt;&lt;span class=\\&quot;woocommerce-Price-currencySymbol\\&quot;&gt;&amp;#36;&lt;\\\/span&gt;29,24&lt;\\\/bdi&gt;&lt;\\\/span&gt;&quot;,&quot;EUR&quot;:&quot;&lt;span class=\\&quot;woocommerce-Price-amount amount\\&quot;&gt;&lt;bdi&gt;&lt;span class=\\&quot;woocommerce-Price-currencySymbol\\&quot;&gt;&amp;euro;&lt;\\\/span&gt;24,99&lt;\\\/bdi&gt;&lt;\\\/span&gt;&quot;,&quot;CAD&quot;:&quot;&lt;span class=\\&quot;woocommerce-Price-amount amount\\&quot;&gt;&lt;bdi&gt;&lt;span class=\\&quot;woocommerce-Price-currencySymbol\\&quot;&gt;CAD$ &lt;\\\/span&gt;39,98&lt;\\\/bdi&gt;&lt;\\\/span&gt;&quot;,&quot;GBP&quot;:&quot;&lt;span class=\\&quot;woocommerce-Price-amount amount\\&quot;&gt;&lt;bdi&gt;&lt;span class=\\&quot;woocommerce-Price-currencySymbol\\&quot;&gt;&amp;pound;&lt;\\\/span&gt;21,74&lt;\\\/bdi&gt;&lt;\\\/span&gt;&quot;,&quot;PLN&quot;:&quot;&lt;span class=\\&quot;woocommerce-Price-amount amount\\&quot;&gt;&lt;bdi&gt;&lt;span class=\\&quot;woocommerce-Price-currencySymbol\\&quot;&gt;z\\u0142 &lt;\\\/span&gt;105,96&lt;\\\/bdi&gt;&lt;\\\/span&gt;&quot;,&quot;SEK&quot;:&quot;&lt;span class=\\&quot;woocommerce-Price-amount amount\\&quot;&gt;&lt;bdi&gt;&lt;span class=\\&quot;woocommerce-Price-currencySymbol\\&quot;&gt;kr &lt;\\\/span&gt;272,64&lt;\\\/bdi&gt;&lt;\\\/span&gt;&quot;,&quot;AUD&quot;:&quot;&lt;span class=\\&quot;woocommerce-Price-amount amount\\&quot;&gt;&lt;bdi&gt;&lt;span class=\\&quot;woocommerce-Price-currencySymbol\\&quot;&gt;AUD$ &lt;\\\/span&gt;40,23&lt;\\\/bdi&gt;&lt;\\\/span&gt;&quot;,&quot;JPY&quot;:&quot;&lt;span class=\\&quot;woocommerce-Price-amount amount\\&quot;&gt;&lt;bdi&gt;&lt;span class=\\&quot;woocommerce-Price-currencySymbol\\&quot;&gt;&amp;yen;&lt;\\\/span&gt;4.620,90&lt;\\\/bdi&gt;&lt;\\\/span&gt;&quot;,&quot;CZK&quot;:&quot;&lt;span class=\\&quot;woocommerce-Price-amount amount\\&quot;&gt;&lt;bdi&gt;&lt;span class=\\&quot;woocommerce-Price-currencySymbol\\&quot;&gt;K\\u010d &lt;\\\/span&gt;607,76&lt;\\\/bdi&gt;&lt;\\\/span&gt;&quot;,&quot;NZD&quot;:&quot;&lt;span class=\\&quot;woocommerce-Price-amount amount\\&quot;&gt;&lt;bdi&gt;&lt;span class=\\&quot;woocommerce-Price-currencySymbol\\&quot;&gt;NZD$ &lt;\\\/span&gt;49,23&lt;\\\/bdi&gt;&lt;\\\/span&gt;&quot;,&quot;CHF&quot;:&quot;&lt;span class=\\&quot;woocommerce-Price-amount amount\\&quot;&gt;&lt;bdi&gt;&lt;span class=\\&quot;woocommerce-Price-currencySymbol\\&quot;&gt;CHF &lt;\\\/span&gt;22,99&lt;\\\/bdi&gt;&lt;\\\/span&gt;&quot;}\" style=\"display: none;\" class=\"wmc-price-cache-list\"><\/span><\/span>","original_product_price":24.99,"price_including_tax":24.99,"price_excluding_tax":20.825,"product_id":{"parent":21339,"variation":false},"is_variable":false,"stock_status":"instock","stock_quantity":null,"parent_sku":"cwc 10363","product_attributes":{"pa_style":{"is_variation":false,"values":["womens-t-shirt"]},"pa_customization":{"is_variation":false,"values":["add-your-photo","add-your-text-or-name","add-your-logo"]},"pa_material":{"is_variation":false,"values":["100-cotton"]},"pa_key-details":{"is_variation":false,"values":["unisex","regular-fit","premium-quality","digital-art"]},"pa_brand":{"is_variation":false,"values":["customywear"]},"pa_age-group":{"is_variation":false,"values":["adult"]},"pa_color":{"is_variation":false,"values":["black","white","navy","red"]},"pa_print-type":{"is_variation":false,"values":["dtg-print-direct-to-garment"]},"pa_gender":{"is_variation":false,"values":["female"]},"pa_size":{"is_variation":false,"values":["xs","s","m","l","xl","2xl","3xl"]}},"custom_fields":[],"is_taxable":true,"product_name":"Get Ready to Sled into Fun with Our Sledding Santa Woman Shirt!"},"fields":{"sec_068d3c9600016f":{"extra":{"key":"sec_068d3c9600016f","section_id":"sec_068d3c9600016f","name":"T-shirt size and color","status":1,"cl_rule":"show","enableCl":false,"relations":[],"toggle":true,"title_tag":"h4","show_title":false,"showPrice":"default","form_id":137346,"form_rules":{"exclude_from_discount":false,"fee_label":"\u00dccret","disp_hide_options_price":false,"disp_show_section_price":false,"disp_show_field_price":true,"layout_option":"standard","pric_use_as_fee":false,"process_fee_as":"woo_fee"},"layout_option":"standard"},"fields":[[{"active":true,"col":6,"relations":false,"cl_rule":"show","enableCl":false,"price":"","enablePrice":false,"className":"","label_position":"default","desc_position":"default","type":"color-group","required":false,"elementId":"color_group_7101367211","label":"Color","name":"color_group_7101367211","disp_type":"circle","values":[{"label":"Black","value":"Black","selected":false,"color":"#000000","tempId":"aco_63","gt_translate_keys":["label"]},{"label":"White","value":"White","selected":false,"color":"#ffffff","tempId":"aco_64","gt_translate_keys":["label"]},{"label":"Navy","value":"Navy","selected":false,"color":"#213a92","tempId":"aco_65","gt_translate_keys":["label"]},{"label":"Red","value":"Red","selected":false,"color":"#d0021b","tempId":"aco_136","gt_translate_keys":["label"]}],"layOut":"inline","error":false,"tooltip":"Pick your preferred T-shirt color","selection_type":"tick-border","show_selected_option":true,"adjust_width":true,"cart_display_type":"text","gt_translate_keys":["label","tooltip"],"price_dependency":false,"cl_dependency":false,"value":""}],[{"active":true,"col":6,"relations":false,"cl_rule":"show","enableCl":false,"price":"","enablePrice":false,"className":"","label_position":"default","desc_position":"default","type":"radio-group","required":false,"elementId":"radio-group_1068d3c960001b2","label":"Size ","name":"radio-group_1068d3c960001b2","values":[{"label":"XS","value":"XS","selected":false,"tempId":"aco_92","gt_translate_keys":["label"]},{"label":"S","value":"S","selected":false,"tempId":"aco_93","gt_translate_keys":["label"]},{"label":"M","value":"M","selected":false,"tempId":"aco_94","gt_translate_keys":["label"]},{"label":"L","value":"L","selected":false,"tempId":"aco_167","gt_translate_keys":["label"]},{"label":"XL","value":"XL","selected":false,"tempId":"aco_177","gt_translate_keys":["label"]},{"label":"2XL","value":"2XL","selected":false,"tempId":"aco_187","gt_translate_keys":["label"]},{"label":"3XL","value":"3XL","selected":false,"tempId":"aco_19","gt_translate_keys":["label"]}],"layOut":"inline","error":false,"checkUi":"button","tooltip":"Choose your T-shirt size \u2013 suitable for both men and women.","show_selected_option":true,"gt_translate_keys":["label","tooltip"],"price_dependency":false,"cl_dependency":false,"value":""}],[{"active":true,"col":6,"relations":[],"cl_rule":"hide","enableCl":false,"price":"","enablePrice":false,"className":"","label_position":"default","desc_position":"default","type":"file","required":false,"elementId":"file_668d3c960001c9","name":"file_668d3c960001c9","label":"Upload your photo(s)","upload_type":"ajax","uploadSize":"50","file_types":["images","docs","design"],"exts_supported":["jpg","jpeg","png","gif","webp","pdf","PSD"],"error":false,"hideImageIn_email":true,"multiple_upload":true,"max_file_count":"25","tooltip":"Please provide clear photos of the person looking directly at the camera","cartLabel":"Photo(s)","allowedFileTypes":".jpg,.jpeg,.png,.gif,.webp,.pdf,.PSD,image\/*,.doc,.docx,.xml,.dot,.docm,.dotm,.dotx,.htm,.html,.odt,.rtf,.txt,.wps,.xps,application\/msword,application\/vnd,.psd,.eps,.ai,.indd,.raw","gt_translate_keys":["label","tooltip"],"price_dependency":false,"cl_dependency":false,"value":""}],[{"active":true,"col":6,"relations":false,"cl_rule":"show","enableCl":false,"price":"","enablePrice":false,"className":"","label_position":"default","desc_position":"default","type":"checkbox","required":false,"elementId":"checkbox_268d3c960001de","label":"View more options","name":"checkbox_268d3c960001de","value":"","check_value":"Yes","checkUi":"","error":false,"hideFieldIn_cart":true,"hideFieldIn_order":true,"gt_translate_keys":["label","value","check_value"],"price_dependency":false,"cl_dependency":["text_168d3c960001ef","radio-group_1068d3c96000205","radio-group_568d3c9600021b"]}],[{"active":true,"col":6,"relations":[{"operator":false,"rules":[{"operator":"AND","rules":{"cl_field":"checkbox_268d3c960001de","cl_relation":"is","cl_val":true}}]}],"cl_rule":"show","enableCl":true,"price":"","enablePrice":false,"className":"","label_position":"default","desc_position":"default","type":"text","subtype":"text","required":false,"elementId":"text_168d3c960001ef","label":"Add text to your T-shirt design (optional)","name":"text_168d3c960001ef","value":"","error":false,"tooltip":"Your text will be added to the top or bottom of the T-shirt design.","placeholder":"eg: \"Emily: The best woman ever\"","cartLabel":"Text","gt_translate_keys":["label","placeholder","value","tooltip"],"price_dependency":false,"cl_dependency":false}],[{"active":true,"col":6,"relations":[{"operator":false,"rules":[{"operator":"AND","rules":{"cl_field":"checkbox_268d3c960001de","cl_relation":"is","cl_val":true}}]}],"cl_rule":"show","enableCl":true,"price":"","enablePrice":false,"className":"","label_position":"default","desc_position":"default","type":"radio-group","required":true,"elementId":"radio-group_1068d3c96000205","label":"Select t-shirt print location","name":"radio-group_1068d3c96000205","values":[{"label":"Front Side","value":"Front Side","selected":true,"tempId":"aco_5504","gt_translate_keys":["label"]},{"label":"Back Side","value":"Back Side","selected":false,"tempId":"aco_5505","gt_translate_keys":["label"]}],"layOut":"inline","error":false,"checkUi":"","cartLabel":"Print location","gt_translate_keys":["label"],"price_dependency":false,"cl_dependency":false,"value":""}],[{"active":true,"col":6,"relations":[{"operator":false,"rules":[{"operator":"AND","rules":{"cl_field":"checkbox_268d3c960001de","cl_relation":"is","cl_val":true}}]}],"cl_rule":"show","enableCl":true,"price":"","enablePrice":false,"className":"","label_position":"default","desc_position":"default","type":"radio-group","required":false,"elementId":"radio-group_568d3c9600021b","label":"Would you like to review the design before printing?","name":"radio-group_568d3c9600021b","values":[{"label":"No","value":"No","selected":true,"tempId":"aco_6274","gt_translate_keys":["label"]},{"label":"Yes","value":"Yes","selected":false,"tempId":"aco_6275","price":"","gt_translate_keys":["label"]}],"layOut":"inline","error":false,"checkUi":"","priceOptions":"different_for_all","pricingType":"fixed","use_as_fee":false,"fee_label":"Preview Image","tooltip":"If yes, we\u2019ll email you a preview of the design before printing. This may add 1-2 days to delivery time.*","cartLabel":"Preview Image","hideFieldIn_cart":true,"gt_translate_keys":["label","tooltip"],"price_dependency":false,"cl_dependency":["content_268d3c9600022d"],"value":""}],[{"active":true,"col":6,"relations":[{"operator":false,"rules":[{"operator":"AND","rules":{"cl_field":"radio-group_568d3c9600021b","cl_relation":"is","cl_val":"Yes"}}]}],"cl_rule":"show","enableCl":true,"price":"","enablePrice":false,"className":"","label_position":"default","desc_position":"default","type":"content","required":false,"elementId":"content_268d3c9600022d","label":"","name":"content_268d3c9600022d","contentType":"plain","value":"Please check your inbox, including Spam or other folders, within 1-2 business days for the preview image","error":false,"subtype":"p","hideFieldIn_cart":true,"hideFieldIn_order":true,"gt_translate_keys":["label","value"],"price_dependency":false,"cl_dependency":false}]]}},"config":{"price_override":"","enable_recaptcha":false,"bind_quantity":false,"quantity_bind_formula":false,"disp_summ_show_option_price":false,"disp_summ_show_product_price":false,"disp_summ_show_total_price":false,"disp_summ_show_fee":false,"disp_summ_show_discount":false,"summary_title":"","options_total_label":"Opsiyon Fiyat\u0131","total_label":"Total","options_product_label":"\u00dcr\u00fcn Fiyat\u0131","fee_label":"\u00dccret","discount_label":"\u0130ndirim","has_price":true,"has_quantity_formula":false},"mc_unit":1,"tax_rate":1,"tax_rate_real":0,"discount":{"percentage":0,"fixed":0},"design":{"conf":{"LabelPosition":"above","DescPosition":"above","UploadField":"default","QuantityFieldStyle":"default"},"css":{"LeftLabelWidth":"120px"}},"formulas":[],"clones":false,"cartKey":false}},"_links":{"self":[{"href":"https:\/\/www.customywear.com\/ro\/wp-json\/wp\/v2\/product\/21339","targetHints":{"allow":["GET"]}}],"collection":[{"href":"https:\/\/www.customywear.com\/ro\/wp-json\/wp\/v2\/product"}],"about":[{"href":"https:\/\/www.customywear.com\/ro\/wp-json\/wp\/v2\/types\/product"}],"replies":[{"embeddable":true,"href":"https:\/\/www.customywear.com\/ro\/wp-json\/wp\/v2\/comments?post=21339"}],"wp:featuredmedia":[{"embeddable":true,"href":"https:\/\/www.customywear.com\/ro\/wp-json\/wp\/v2\/media\/101660"}],"wp:attachment":[{"href":"https:\/\/www.customywear.com\/ro\/wp-json\/wp\/v2\/media?parent=21339"}],"wp:term":[{"taxonomy":"product_brand","embeddable":true,"href":"https:\/\/www.customywear.com\/ro\/wp-json\/wp\/v2\/product_brand?post=21339"},{"taxonomy":"product_cat","embeddable":true,"href":"https:\/\/www.customywear.com\/ro\/wp-json\/wp\/v2\/product_cat?post=21339"},{"taxonomy":"product_tag","embeddable":true,"href":"https:\/\/www.customywear.com\/ro\/wp-json\/wp\/v2\/product_tag?post=21339"}],"curies":[{"name":"wp","href":"https:\/\/api.w.org\/{rel}","templated":true}]}}