{"id":21361,"date":"2023-07-28T13:49:31","date_gmt":"2023-07-28T13:49:31","guid":{"rendered":"https:\/\/www.customywear.com\/?post_type=product&#038;p=21361"},"modified":"2026-05-07T15:29:48","modified_gmt":"2026-05-07T15:29:48","slug":"tricou-personalizat-pentru-tineret-pentru-fete-de-surfing","status":"publish","type":"product","link":"https:\/\/www.customywear.com\/ro\/custom-surfing-girl-youth-tee\/","title":{"rendered":"Tricou personalizat pentru fete surfing"},"content":{"rendered":"<p>Dezl\u0103n\u021buie spiritul aventuros al tinerei tale surfere cu tricoul nostru personalizat Surfing Girl pentru tineret. Creat cu grij\u0103, tricoul nostru cu m\u00e2nec\u0103 scurt\u0103 \u0219i lung\u0103 pentru copii prezint\u0103 imprimare DTG de cea mai bun\u0103 calitate \u0219i grafic\u0103 vectorial\u0103 de \u00eenalt\u0103 calitate. Vom folosi fotografia copilului t\u0103u pentru a crea un portret captivant care \u00eel \u00eenf\u0103\u021bi\u0219eaz\u0103 c\u0103l\u0103rind f\u0103r\u0103 team\u0103 un val mare \u00een ocean. Acest tricou personalizat serve\u0219te drept cadoul perfect de var\u0103, inspir\u00e2ndu-i \u0219i motiv\u00e2ndu-i pe cei mici s\u0103-\u0219i \u00eembr\u0103\u021bi\u0219eze dragostea pentru surfing \u0219i mare. Tricoul nostru personalizat Surfing Girl pentru tineret este conceput pentru a fi unisex, fiind ideal at\u00e2t pentru fete, c\u00e2t \u0219i pentru b\u0103ie\u021bi pasiona\u021bi de c\u0103l\u0103ritul valurilor. Indiferent dac\u0103 micu\u021bul t\u0103u surfer este un profesionist experimentat sau abia la \u00eenceput, acest tricou personalizat va fi o amintire pre\u021bioas\u0103 care surprinde bucuria surfingului \u0219i fiorul aventurilor de var\u0103. Surprinde-\u021bi t\u00e2n\u0103rul iubitor de ap\u0103 cu acest tricou unic \u0219i de neuitat, celebr\u00e2ndu-i dragostea pentru ocean \u0219i experien\u021ba antrenant\u0103 de a prinde valul perfect.<\/p>","protected":false},"excerpt":{"rendered":"<p>Prinde surf-ul cu un tricou personalizat de surfing girl pentru tineret. Tricourile personalizate transform\u0103 orice fotografie \u00eentr-un tricou juc\u0103u\u0219, unic.<\/p>","protected":false},"featured_media":143165,"comment_status":"open","ping_status":"closed","template":"","meta":{"_acf_changed":false},"product_brand":[],"product_cat":[6193,1189,6412,6428],"product_tag":[6433,6439,67,326,105,355,1191],"class_list":{"0":"post-21361","1":"product","2":"type-product","3":"status-publish","4":"has-post-thumbnail","6":"product_cat-girls-t-shirts","7":"product_cat-custom-gifts-surfing","8":"product_cat-photo-to-tees","9":"product_cat-translate-products","10":"product_tag-ai-artwork","11":"product_tag-ai-kids-artwork","12":"product_tag-kids_birthday_shirt","13":"product_tag-sports","14":"product_tag-summer_shirt","15":"product_tag-surf_shirt","16":"product_tag-surfing_shirt","18":"first","19":"instock","20":"taxable","21":"shipping-taxable","22":"purchasable","23":"product-type-simple"},"acf":[],"wcpa_form_fields":null,"_links":{"self":[{"href":"https:\/\/www.customywear.com\/ro\/wp-json\/wp\/v2\/product\/21361","targetHints":{"allow":["GET"]}}],"collection":[{"href":"https:\/\/www.customywear.com\/ro\/wp-json\/wp\/v2\/product"}],"about":[{"href":"https:\/\/www.customywear.com\/ro\/wp-json\/wp\/v2\/types\/product"}],"replies":[{"embeddable":true,"href":"https:\/\/www.customywear.com\/ro\/wp-json\/wp\/v2\/comments?post=21361"}],"wp:featuredmedia":[{"embeddable":true,"href":"https:\/\/www.customywear.com\/ro\/wp-json\/wp\/v2\/media\/143165"}],"wp:attachment":[{"href":"https:\/\/www.customywear.com\/ro\/wp-json\/wp\/v2\/media?parent=21361"}],"wp:term":[{"taxonomy":"product_brand","embeddable":true,"href":"https:\/\/www.customywear.com\/ro\/wp-json\/wp\/v2\/product_brand?post=21361"},{"taxonomy":"product_cat","embeddable":true,"href":"https:\/\/www.customywear.com\/ro\/wp-json\/wp\/v2\/product_cat?post=21361"},{"taxonomy":"product_tag","embeddable":true,"href":"https:\/\/www.customywear.com\/ro\/wp-json\/wp\/v2\/product_tag?post=21361"}],"curies":[{"name":"wp","href":"https:\/\/api.w.org\/{rel}","templated":true}]}}