{"id":21414,"date":"2023-07-28T13:49:59","date_gmt":"2023-07-28T13:49:59","guid":{"rendered":"https:\/\/www.customywear.com\/?post_type=product&#038;p=21414"},"modified":"2026-05-05T20:23:29","modified_gmt":"2026-05-05T20:23:29","slug":"camasa-de-gratar-personalizata-pentru-femei","status":"publish","type":"product","link":"https:\/\/www.customywear.com\/ro\/personalized-womens-bbq-shirt\/","title":{"rendered":"Personalized Women&#8217;s BBQ Shirt &#8211; Custom BBQ Lover Tees for mom, wife, girlfriend"},"content":{"rendered":"<p>Aprinde gr\u0103tarul \u0219i savureaz\u0103 aroma cu tricoul nostru personalizat pentru femei cu tematic\u0103 de gr\u0103tar, un tricou personalizat conceput pentru iubitorii de gr\u0103tar de toate v\u00e2rstele, inclusiv adul\u021bi, tineri, copii \u0219i copii mici! Folosind fotografia ta, vom crea cu m\u0103iestrie un portret vectorial captivant, care te va face s\u0103 pari maestrul suprem al gr\u0103tarului, cufundat \u00eentr-o sesiune de gr\u0103tar. Acest tricou personalizat unisex cu m\u00e2nec\u0103 scurt\u0103 \u0219i m\u00e2nec\u0103 lung\u0103 pentru adul\u021bi prezint\u0103 desenul nostru premium, fiind cadoul perfect pentru oricine se bucur\u0103 de arta gr\u0103tarului. Confec\u021bionat cu precizie folosind tehnologia de imprimare DTG, tricoul nostru asigur\u0103 o calitate superioar\u0103 \u0219i culori vibrante, oferind o potrivire confortabil\u0103 pentru toat\u0103 lumea. \u00cen plus, aceste tricouri pot fi personalizate cu orice fa\u021b\u0103 uman\u0103 sau de animal de companie, cre\u00e2nd o amintire cu adev\u0103rat unic\u0103 pentru iubitorii de gr\u0103tar. \u00cembr\u0103\u021bi\u0219eaz\u0103 aromele gr\u0103tarului \u0219i f\u0103 fiecare sesiune de gr\u0103tar memorabil\u0103 cu tricoul t\u0103u personalizat pentru femei cu tematic\u0103 de gr\u0103tar! Aprinde-\u021bi pasiunea pentru gr\u0103tar cu tricoul nostru personalizat pentru femei cu tematic\u0103 de gr\u0103tar, un tricou personalizat conceput pentru pasiona\u021bii de gr\u0103tar de toate v\u00e2rstele, inclusiv adul\u021bi, tineri, copii \u0219i copii mici! Folosind fotografia ta, vom crea cu m\u0103iestrie un portret vectorial captivant, care te va face s\u0103 pari maestrul suprem al gr\u0103tarului, cufundat \u00eentr-o sesiune de gr\u0103tar. Acest tricou personalizat unisex pentru adul\u021bi, cu m\u00e2nec\u0103 scurt\u0103 \u0219i lung\u0103, prezint\u0103 desenul nostru premium, fiind cadoul perfect pentru oricine se bucur\u0103 de arta gr\u0103tarului. Confec\u021bionat cu precizie folosind tehnologia de imprimare DTG, tricoul nostru asigur\u0103 o calitate superioar\u0103 \u0219i culori vibrante, oferind o potrivire confortabil\u0103 pentru toat\u0103 lumea. \u00cen plus, aceste tricouri pot fi personalizate cu orice fa\u021b\u0103 uman\u0103 sau de animal de companie, cre\u00e2nd un suvenir cu adev\u0103rat unic pentru iubitorii de gr\u0103tar. \u00cembr\u0103\u021bi\u0219eaz\u0103 aromele gr\u0103tarului \u0219i f\u0103 fiecare sesiune de gr\u0103tar memorabil\u0103 cu tricoul t\u0103u personalizat pentru femei!<\/p>","protected":false},"excerpt":{"rendered":"<p>Grill in style with a Personalized Women&#8217;s BBQ Shirt. Custom BBQ Lover Tees turn any photo into a playful, unique t-shirt.<\/p>","protected":false},"featured_media":142552,"comment_status":"open","ping_status":"closed","template":"","meta":{"_acf_changed":false},"product_brand":[],"product_cat":[6191,291,6412,307,6428,6356],"product_tag":[6433,293,561,298,112],"class_list":{"0":"post-21414","1":"product","2":"type-product","3":"status-publish","4":"has-post-thumbnail","6":"product_cat-t-shirts-women","7":"product_cat-custom-gifts-bbq","8":"product_cat-photo-to-tees","9":"product_cat-summer","10":"product_cat-translate-products","11":"product_cat-womens-summer-t-shirts","12":"product_tag-ai-artwork","13":"product_tag-bbq-tees","14":"product_tag-camping_shirt","15":"product_tag-outdoor_shirt","16":"product_tag-women","18":"first","19":"instock","20":"taxable","21":"shipping-taxable","22":"purchasable","23":"product-type-simple"},"acf":[],"wcpa_form_fields":null,"_links":{"self":[{"href":"https:\/\/www.customywear.com\/ro\/wp-json\/wp\/v2\/product\/21414","targetHints":{"allow":["GET"]}}],"collection":[{"href":"https:\/\/www.customywear.com\/ro\/wp-json\/wp\/v2\/product"}],"about":[{"href":"https:\/\/www.customywear.com\/ro\/wp-json\/wp\/v2\/types\/product"}],"replies":[{"embeddable":true,"href":"https:\/\/www.customywear.com\/ro\/wp-json\/wp\/v2\/comments?post=21414"}],"wp:featuredmedia":[{"embeddable":true,"href":"https:\/\/www.customywear.com\/ro\/wp-json\/wp\/v2\/media\/142552"}],"wp:attachment":[{"href":"https:\/\/www.customywear.com\/ro\/wp-json\/wp\/v2\/media?parent=21414"}],"wp:term":[{"taxonomy":"product_brand","embeddable":true,"href":"https:\/\/www.customywear.com\/ro\/wp-json\/wp\/v2\/product_brand?post=21414"},{"taxonomy":"product_cat","embeddable":true,"href":"https:\/\/www.customywear.com\/ro\/wp-json\/wp\/v2\/product_cat?post=21414"},{"taxonomy":"product_tag","embeddable":true,"href":"https:\/\/www.customywear.com\/ro\/wp-json\/wp\/v2\/product_tag?post=21414"}],"curies":[{"name":"wp","href":"https:\/\/api.w.org\/{rel}","templated":true}]}}