{"id":21415,"date":"2023-07-28T13:50:00","date_gmt":"2023-07-28T13:50:00","guid":{"rendered":"https:\/\/www.customywear.com\/?post_type=product&#038;p=21415"},"modified":"2026-05-05T20:23:29","modified_gmt":"2026-05-05T20:23:29","slug":"tricou-personalizat-de-yoga-pentru-plaja-pentru-femei","status":"publish","type":"product","link":"https:\/\/www.customywear.com\/ro\/personalized-womens-beach-yoga-shirt\/","title":{"rendered":"Tricou personalizat de yoga pentru plaj\u0103 pentru femei | Tricou de yoga personalizat"},"content":{"rendered":"<p>\u00cembr\u0103\u021bi\u0219eaz\u0103 senin\u0103tatea yoga pe plaj\u0103 cu tricoul nostru personalizat de yoga pentru femei, un tricou de yoga personalizat, conceput pentru femei de toate v\u00e2rstele, inclusiv adul\u021bi, tineri, copii \u0219i copii mici! Folosind fotografia ta, vom crea cu pricepere o ilustra\u021bie \u00eenc\u00e2nt\u0103toare, f\u0103c\u00e2ndu-te s\u0103 pari ca \u0219i cum ai practica yoga pe o plaj\u0103 frumoas\u0103. Acest tricou personalizat celebreaz\u0103 pasiunea ta at\u00e2t pentru yoga, c\u00e2t \u0219i pentru natur\u0103, radiind pozitivitate \u0219i devenind cel mai bun tricou personalizat al t\u0103u. Confec\u021bionat cu precizie folosind tehnologia de imprimare DTG, tricoul nostru unisex ofer\u0103 o calitate excep\u021bional\u0103 \u0219i culori vibrante, asigur\u00e2nd o potrivire confortabil\u0103 pentru toat\u0103 lumea. Mai mult, aceste tricouri pot fi personalizate cu orice fa\u021b\u0103 uman\u0103 sau de animal de companie, f\u0103c\u00e2nd din fiecare design o amintire unic\u0103 \u0219i pre\u021buit\u0103. \u00cembr\u0103\u021bi\u0219eaz\u0103 leg\u0103tura armonioas\u0103 dintre yoga \u0219i natur\u0103 - comand\u0103 acum tricoul t\u0103u personalizat de yoga pentru femei \u0219i las\u0103-\u021bi pacea interioar\u0103 s\u0103 str\u0103luceasc\u0103 cu o not\u0103 personalizat\u0103!<\/p>\n<p>Relaxeaz\u0103-te practic\u00e2nd lini\u0219titor yoga pe plaj\u0103, cu ajutorul tricoului nostru personalizat de yoga pentru femei, conceput pentru femei de toate v\u00e2rstele, inclusiv adul\u021bi, tineri, copii \u0219i copii mici! Folosind fotografia ta, vom crea cu m\u0103iestrie o ilustra\u021bie \u00eenc\u00e2nt\u0103toare, f\u0103c\u00e2ndu-te s\u0103 pari ca \u0219i cum ai practica yoga pe o plaj\u0103 frumoas\u0103. Acest tricou personalizat celebreaz\u0103 pasiunea ta at\u00e2t pentru yoga, c\u00e2t \u0219i pentru natur\u0103, radiind pozitivitate \u0219i devenind cel mai bun tricou personalizat al t\u0103u. Confec\u021bionat cu precizie folosind tehnologia de imprimare DTG, tricoul nostru unisex ofer\u0103 o calitate excep\u021bional\u0103 \u0219i culori vibrante, asigur\u00e2nd o potrivire confortabil\u0103 pentru toat\u0103 lumea. Mai mult, aceste tricouri pot fi personalizate cu orice fa\u021b\u0103 uman\u0103 sau de animal de companie, f\u0103c\u00e2nd din fiecare model o amintire unic\u0103 \u0219i pre\u021buit\u0103. \u00cembr\u0103\u021bi\u0219eaz\u0103 leg\u0103tura armonioas\u0103 dintre yoga \u0219i natur\u0103 - comand\u0103 acum tricoul personalizat de yoga pentru femei \u0219i las\u0103-\u021bi pacea interioar\u0103 s\u0103 str\u0103luceasc\u0103 cu o not\u0103 personalizat\u0103!<\/p>","protected":false},"excerpt":{"rendered":"<p>Stretch in style with a Personalized Women&#8217;s Beach Yoga Shirt. Custom tees turn photos into serene, yoga-inspired designs.<\/p>","protected":false},"featured_media":143219,"comment_status":"open","ping_status":"closed","template":"","meta":{"_acf_changed":false},"product_brand":[],"product_cat":[6191,6412,6428,6362,6248],"product_tag":[6433,6217,576,326,112,594],"class_list":{"0":"post-21415","1":"product","2":"type-product","3":"status-publish","4":"has-post-thumbnail","6":"product_cat-t-shirts-women","7":"product_cat-photo-to-tees","8":"product_cat-translate-products","9":"product_cat-womens-yoga-t-shirts","10":"product_cat-yoga-gifts","11":"product_tag-ai-artwork","12":"product_tag-custom-t-shirt","13":"product_tag-cute-yoga-shirts","14":"product_tag-sports","15":"product_tag-women","16":"product_tag-yoga_tee_shirt","18":"first","19":"instock","20":"taxable","21":"shipping-taxable","22":"purchasable","23":"product-type-simple"},"acf":[],"wcpa_form_fields":null,"_links":{"self":[{"href":"https:\/\/www.customywear.com\/ro\/wp-json\/wp\/v2\/product\/21415","targetHints":{"allow":["GET"]}}],"collection":[{"href":"https:\/\/www.customywear.com\/ro\/wp-json\/wp\/v2\/product"}],"about":[{"href":"https:\/\/www.customywear.com\/ro\/wp-json\/wp\/v2\/types\/product"}],"replies":[{"embeddable":true,"href":"https:\/\/www.customywear.com\/ro\/wp-json\/wp\/v2\/comments?post=21415"}],"wp:featuredmedia":[{"embeddable":true,"href":"https:\/\/www.customywear.com\/ro\/wp-json\/wp\/v2\/media\/143219"}],"wp:attachment":[{"href":"https:\/\/www.customywear.com\/ro\/wp-json\/wp\/v2\/media?parent=21415"}],"wp:term":[{"taxonomy":"product_brand","embeddable":true,"href":"https:\/\/www.customywear.com\/ro\/wp-json\/wp\/v2\/product_brand?post=21415"},{"taxonomy":"product_cat","embeddable":true,"href":"https:\/\/www.customywear.com\/ro\/wp-json\/wp\/v2\/product_cat?post=21415"},{"taxonomy":"product_tag","embeddable":true,"href":"https:\/\/www.customywear.com\/ro\/wp-json\/wp\/v2\/product_tag?post=21415"}],"curies":[{"name":"wp","href":"https:\/\/api.w.org\/{rel}","templated":true}]}}