{"id":21423,"date":"2023-07-28T13:50:22","date_gmt":"2023-07-28T13:50:22","guid":{"rendered":"https:\/\/www.customywear.com\/?post_type=product&#038;p=21423"},"modified":"2026-05-05T20:24:07","modified_gmt":"2026-05-05T20:24:07","slug":"camasa-de-lupta-de-barbat-luptator","status":"publish","type":"product","link":"https:\/\/www.customywear.com\/ro\/wrestler-man-wrestling-shirt\/","title":{"rendered":"Tricou de lupt\u0103tor masculin"},"content":{"rendered":"<p>Transform\u0103-te \u00eentr-o for\u021b\u0103 de wrestling de neoprit cu tricoul nostru personalizat de wrestling. Echipa noastr\u0103 talentat\u0103 de arti\u0219ti \u00ee\u021bi va face o fotografie \u0219i va crea cu m\u0103iestrie un fizic de wrestler exuberant, f\u0103c\u00e2ndu-te s\u0103 ar\u0103\u021bi ca un adev\u0103rat campion. Cu aten\u021bie la detalii \u0219i precizie, surprindem esen\u021ba puterii \u0219i a for\u021bei \u00een fiecare design.<\/p>\n<p>Fabricate din materiale de \u00eenalt\u0103 calitate, tricourile noastre sunt confortabile \u0219i durabile, perfecte pentru a-\u021bi etala alter ego-ul de wrestling la evenimente sau pentru purtarea de zi cu zi. \u00cembr\u0103\u021bi\u0219eaz\u0103-\u021bi r\u0103zboinicul interior \u0219i f\u0103 o declara\u021bie cu tricoul nostru personalizat de wrestling care \u00eei va uimi pe to\u021bi cu prezen\u021ba ta formidabil\u0103.<\/p>","protected":false},"excerpt":{"rendered":"<p>Lupt\u0103 cu stil cu o c\u0103ma\u0219\u0103 de lupt\u0103 pentru un b\u0103rbat lupt\u0103tor. Tricourile personalizate transform\u0103 fotografiile \u00een modele \u00eendr\u0103zne\u021be, atletice.<\/p>","protected":false},"featured_media":143261,"comment_status":"open","ping_status":"closed","template":"","meta":{"_acf_changed":false},"product_brand":[],"product_cat":[6195,526,186,6339,6412,6428],"product_tag":[6433,6217,6165,546,6216],"class_list":{"0":"post-21423","1":"product","2":"type-product","3":"status-publish","4":"has-post-thumbnail","6":"product_cat-t-shirts-men","7":"product_cat-gym-shirts","8":"product_cat-men","9":"product_cat-mens-sports-t-shirts","10":"product_cat-photo-to-tees","11":"product_cat-translate-products","12":"product_tag-ai-artwork","13":"product_tag-custom-t-shirt","14":"product_tag-custom-gym-tees","15":"product_tag-gym","16":"product_tag-mens-custom-t-shirts","18":"first","19":"instock","20":"taxable","21":"shipping-taxable","22":"purchasable","23":"product-type-simple"},"acf":[],"wcpa_form_fields":null,"_links":{"self":[{"href":"https:\/\/www.customywear.com\/ro\/wp-json\/wp\/v2\/product\/21423","targetHints":{"allow":["GET"]}}],"collection":[{"href":"https:\/\/www.customywear.com\/ro\/wp-json\/wp\/v2\/product"}],"about":[{"href":"https:\/\/www.customywear.com\/ro\/wp-json\/wp\/v2\/types\/product"}],"replies":[{"embeddable":true,"href":"https:\/\/www.customywear.com\/ro\/wp-json\/wp\/v2\/comments?post=21423"}],"wp:featuredmedia":[{"embeddable":true,"href":"https:\/\/www.customywear.com\/ro\/wp-json\/wp\/v2\/media\/143261"}],"wp:attachment":[{"href":"https:\/\/www.customywear.com\/ro\/wp-json\/wp\/v2\/media?parent=21423"}],"wp:term":[{"taxonomy":"product_brand","embeddable":true,"href":"https:\/\/www.customywear.com\/ro\/wp-json\/wp\/v2\/product_brand?post=21423"},{"taxonomy":"product_cat","embeddable":true,"href":"https:\/\/www.customywear.com\/ro\/wp-json\/wp\/v2\/product_cat?post=21423"},{"taxonomy":"product_tag","embeddable":true,"href":"https:\/\/www.customywear.com\/ro\/wp-json\/wp\/v2\/product_tag?post=21423"}],"curies":[{"name":"wp","href":"https:\/\/api.w.org\/{rel}","templated":true}]}}