{"id":34275,"date":"2024-04-23T06:34:27","date_gmt":"2024-04-23T06:34:27","guid":{"rendered":"https:\/\/www.customywear.com\/?post_type=product&#038;p=34275"},"modified":"2026-05-05T20:24:07","modified_gmt":"2026-05-05T20:24:07","slug":"camasi-clasice-de-surf","status":"publish","type":"product","link":"https:\/\/www.customywear.com\/ro\/classic-surf-shirts\/","title":{"rendered":"Tricouri clasice de surf \u2013 C\u0103l\u0103re\u0219te valurile cu tricouri personalizate"},"content":{"rendered":"<p><span data-sheets-root=\"1\" data-sheets-value=\"{&quot;1&quot;:2,&quot;2&quot;:&quot;Classic Surf Shirts: Dive into nostalgia with our custom classic surf tees! We'll transform your photo into a retro-inspired surfing scene, capturing the essence of old-school surf culture right on your shirt. Whether you're hitting the beach or chilling with friends, stand out with our classic surf shirts.&quot;}\" data-sheets-userformat=\"{&quot;2&quot;:897,&quot;3&quot;:{&quot;1&quot;:0},&quot;10&quot;:1,&quot;11&quot;:3,&quot;12&quot;:0}\">Tricouri clasice de surf: Cufund\u0103-te \u00een nostalgie cu tricourile noastre clasice de surf personalizate! \u00ce\u021bi vom transforma fotografia \u00eentr-o scen\u0103 de surfing inspirat\u0103 din stilul retro, surprinz\u00e2nd esen\u021ba culturii surf de mod\u0103 veche direct pe tricou. Fie c\u0103 mergi la plaj\u0103 sau te relaxezi cu prietenii, iese \u00een eviden\u021b\u0103 cu tricourile noastre clasice de surf.<\/span><\/p>","protected":false},"excerpt":{"rendered":"<p>Prinde valuri cu c\u0103m\u0103\u0219i de surf clasice. Tricourile personalizate transform\u0103 orice fotografie \u00eentr-un tricou \u00eendr\u0103zne\u021b, inspirat de plaj\u0103.<\/p>","protected":false},"featured_media":143144,"comment_status":"open","ping_status":"closed","template":"","meta":{"_acf_changed":false},"product_brand":[],"product_cat":[6195,1189,6348,6412,307,6428],"product_tag":[6433,6216,6219,6220],"class_list":{"0":"post-34275","1":"product","2":"type-product","3":"status-publish","4":"has-post-thumbnail","6":"product_cat-t-shirts-men","7":"product_cat-custom-gifts-surfing","8":"product_cat-mens-summer-t-shirts","9":"product_cat-photo-to-tees","10":"product_cat-summer","11":"product_cat-translate-products","12":"product_tag-ai-artwork","13":"product_tag-mens-custom-t-shirts","14":"product_tag-order-custom-shirts","15":"product_tag-t-shirt-printing-near-me","17":"first","18":"instock","19":"taxable","20":"shipping-taxable","21":"purchasable","22":"product-type-simple"},"acf":[],"wcpa_form_fields":null,"_links":{"self":[{"href":"https:\/\/www.customywear.com\/ro\/wp-json\/wp\/v2\/product\/34275","targetHints":{"allow":["GET"]}}],"collection":[{"href":"https:\/\/www.customywear.com\/ro\/wp-json\/wp\/v2\/product"}],"about":[{"href":"https:\/\/www.customywear.com\/ro\/wp-json\/wp\/v2\/types\/product"}],"replies":[{"embeddable":true,"href":"https:\/\/www.customywear.com\/ro\/wp-json\/wp\/v2\/comments?post=34275"}],"wp:featuredmedia":[{"embeddable":true,"href":"https:\/\/www.customywear.com\/ro\/wp-json\/wp\/v2\/media\/143144"}],"wp:attachment":[{"href":"https:\/\/www.customywear.com\/ro\/wp-json\/wp\/v2\/media?parent=34275"}],"wp:term":[{"taxonomy":"product_brand","embeddable":true,"href":"https:\/\/www.customywear.com\/ro\/wp-json\/wp\/v2\/product_brand?post=34275"},{"taxonomy":"product_cat","embeddable":true,"href":"https:\/\/www.customywear.com\/ro\/wp-json\/wp\/v2\/product_cat?post=34275"},{"taxonomy":"product_tag","embeddable":true,"href":"https:\/\/www.customywear.com\/ro\/wp-json\/wp\/v2\/product_tag?post=34275"}],"curies":[{"name":"wp","href":"https:\/\/api.w.org\/{rel}","templated":true}]}}