{"id":34403,"date":"2024-04-23T17:54:19","date_gmt":"2024-04-23T17:54:19","guid":{"rendered":"https:\/\/www.customywear.com\/?post_type=product&#038;p=34403"},"modified":"2026-05-05T20:23:27","modified_gmt":"2026-05-05T20:23:27","slug":"tricouri-pentru-magazinul-de-surf","status":"publish","type":"product","link":"https:\/\/www.customywear.com\/ro\/surf-shop-tees\/","title":{"rendered":"Tricouri Surf Shop \u2013 Vibra\u021bii personalizate pe plaj\u0103"},"content":{"rendered":"<p><span data-sheets-root=\"1\" data-sheets-value=\"{&quot;1&quot;:2,&quot;2&quot;:&quot;Surf Shop Tees: Dive into the surf culture with our custom-designed t-shirts! Featuring vibrant graphics of your own surfing adventures, these tees offer both style and comfort for the beach enthusiast. Embrace your love for the ocean and express your unique personality with our personalized surf shop tees.&quot;}\" data-sheets-userformat=\"{&quot;2&quot;:897,&quot;3&quot;:{&quot;1&quot;:0},&quot;10&quot;:1,&quot;11&quot;:3,&quot;12&quot;:0}\">Tricouri Surf Shop: Cufund\u0103-te \u00een cultura surfingului cu tricourile noastre personalizate! Cu grafic\u0103 vibrant\u0103 a propriilor tale aventuri de surfing, aceste tricouri ofer\u0103 at\u00e2t stil, c\u00e2t \u0219i confort pasiona\u021bilor de plaj\u0103. \u00cembr\u0103\u021bi\u0219eaz\u0103-\u021bi dragostea pentru ocean \u0219i exprim\u0103-\u021bi personalitatea unic\u0103 cu tricourile noastre personalizate Surf Shop.<\/span><\/p>","protected":false},"excerpt":{"rendered":"<p>Aduce\u021bi vibra\u021bii de plaj\u0103 cu tricouri de surf hop. Tricourile personalizate transform\u0103 orice fotografie \u00een \u00eembr\u0103c\u0103minte de surf distractiv\u0103, unic\u0103.<\/p>","protected":false},"featured_media":143151,"comment_status":"open","ping_status":"closed","template":"","meta":{"_acf_changed":false},"product_brand":[],"product_cat":[6191,1189,6412,307,6428,6356],"product_tag":[6214,6433,229,6215],"class_list":{"0":"post-34403","1":"product","2":"type-product","3":"status-publish","4":"has-post-thumbnail","6":"product_cat-t-shirts-women","7":"product_cat-custom-gifts-surfing","8":"product_cat-photo-to-tees","9":"product_cat-summer","10":"product_cat-translate-products","11":"product_cat-womens-summer-t-shirts","12":"product_tag-affordable-custom-t-shirts","13":"product_tag-ai-artwork","14":"product_tag-custom-tee-shirts","15":"product_tag-screen-printing-near-me","17":"first","18":"instock","19":"taxable","20":"shipping-taxable","21":"purchasable","22":"product-type-simple"},"acf":[],"wcpa_form_fields":null,"_links":{"self":[{"href":"https:\/\/www.customywear.com\/ro\/wp-json\/wp\/v2\/product\/34403","targetHints":{"allow":["GET"]}}],"collection":[{"href":"https:\/\/www.customywear.com\/ro\/wp-json\/wp\/v2\/product"}],"about":[{"href":"https:\/\/www.customywear.com\/ro\/wp-json\/wp\/v2\/types\/product"}],"replies":[{"embeddable":true,"href":"https:\/\/www.customywear.com\/ro\/wp-json\/wp\/v2\/comments?post=34403"}],"wp:featuredmedia":[{"embeddable":true,"href":"https:\/\/www.customywear.com\/ro\/wp-json\/wp\/v2\/media\/143151"}],"wp:attachment":[{"href":"https:\/\/www.customywear.com\/ro\/wp-json\/wp\/v2\/media?parent=34403"}],"wp:term":[{"taxonomy":"product_brand","embeddable":true,"href":"https:\/\/www.customywear.com\/ro\/wp-json\/wp\/v2\/product_brand?post=34403"},{"taxonomy":"product_cat","embeddable":true,"href":"https:\/\/www.customywear.com\/ro\/wp-json\/wp\/v2\/product_cat?post=34403"},{"taxonomy":"product_tag","embeddable":true,"href":"https:\/\/www.customywear.com\/ro\/wp-json\/wp\/v2\/product_tag?post=34403"}],"curies":[{"name":"wp","href":"https:\/\/api.w.org\/{rel}","templated":true}]}}