{"id":34427,"date":"2024-04-24T02:41:11","date_gmt":"2024-04-24T02:41:11","guid":{"rendered":"https:\/\/www.customywear.com\/?post_type=product&#038;p=34427"},"modified":"2026-05-07T15:29:46","modified_gmt":"2026-05-07T15:29:46","slug":"tricou-de-surfing-pentru-copil-mic","status":"publish","type":"product","link":"https:\/\/www.customywear.com\/ro\/surfing-t-shirt-for-toddler\/","title":{"rendered":"Tricou de surfing pentru copii mici"},"content":{"rendered":"<p><span data-sheets-root=\"1\" data-sheets-value=\"{&quot;1&quot;:2,&quot;2&quot;:&quot;Surfing T-Shirt for Toddler: Introduce your little one to the world of surfing with our custom-designed toddler shirts! Featuring vibrant graphics of their own surfing adventures, these tees offer both style and comfort for young beach enthusiasts. Embrace their love for the ocean and keep them looking cool in the waves with our personalized surfing t-shirt for toddlers.&quot;}\" data-sheets-userformat=\"{&quot;2&quot;:897,&quot;3&quot;:{&quot;1&quot;:0},&quot;10&quot;:1,&quot;11&quot;:3,&quot;12&quot;:0}\">Tricou de surfing pentru copii mici: Introduce\u021bi-v\u0103 micu\u021bul \u00een lumea surfingului cu tricourile noastre personalizate pentru copii mici! Cu grafic\u0103 vibrant\u0103 a propriilor aventuri de surfing, aceste tricouri ofer\u0103 at\u00e2t stil, c\u00e2t \u0219i confort tinerilor pasiona\u021bi de plaj\u0103. \u00cembr\u0103\u021bi\u0219a\u021bi-i dragostea pentru ocean \u0219i men\u021bine\u021bi-i cool \u00een valuri cu tricoul nostru personalizat de surfing pentru copii mici.<\/span><\/p>","protected":false},"excerpt":{"rendered":"<p>Naviga\u021bi devreme cu un tricou de surfing pentru copii mici. Tricourile personalizate transform\u0103 orice fotografie \u00eentr-un tricou de mini surf distractiv, unic.<\/p>","protected":false},"featured_media":143172,"comment_status":"open","ping_status":"closed","template":"","meta":{"_acf_changed":false},"product_brand":[],"product_cat":[6207,1189,6412,307,6428],"product_tag":[6433,6439,6221],"class_list":{"0":"post-34427","1":"product","2":"type-product","3":"status-publish","4":"has-post-thumbnail","6":"product_cat-toddler-girl-t-shirts","7":"product_cat-custom-gifts-surfing","8":"product_cat-photo-to-tees","9":"product_cat-summer","10":"product_cat-translate-products","11":"product_tag-ai-artwork","12":"product_tag-ai-kids-artwork","13":"product_tag-custom-t-shirts-near-me","15":"first","16":"instock","17":"taxable","18":"shipping-taxable","19":"purchasable","20":"product-type-simple"},"acf":[],"wcpa_form_fields":null,"_links":{"self":[{"href":"https:\/\/www.customywear.com\/ro\/wp-json\/wp\/v2\/product\/34427","targetHints":{"allow":["GET"]}}],"collection":[{"href":"https:\/\/www.customywear.com\/ro\/wp-json\/wp\/v2\/product"}],"about":[{"href":"https:\/\/www.customywear.com\/ro\/wp-json\/wp\/v2\/types\/product"}],"replies":[{"embeddable":true,"href":"https:\/\/www.customywear.com\/ro\/wp-json\/wp\/v2\/comments?post=34427"}],"wp:featuredmedia":[{"embeddable":true,"href":"https:\/\/www.customywear.com\/ro\/wp-json\/wp\/v2\/media\/143172"}],"wp:attachment":[{"href":"https:\/\/www.customywear.com\/ro\/wp-json\/wp\/v2\/media?parent=34427"}],"wp:term":[{"taxonomy":"product_brand","embeddable":true,"href":"https:\/\/www.customywear.com\/ro\/wp-json\/wp\/v2\/product_brand?post=34427"},{"taxonomy":"product_cat","embeddable":true,"href":"https:\/\/www.customywear.com\/ro\/wp-json\/wp\/v2\/product_cat?post=34427"},{"taxonomy":"product_tag","embeddable":true,"href":"https:\/\/www.customywear.com\/ro\/wp-json\/wp\/v2\/product_tag?post=34427"}],"curies":[{"name":"wp","href":"https:\/\/api.w.org\/{rel}","templated":true}]}}