{"id":37901,"date":"2024-05-24T11:34:54","date_gmt":"2024-05-24T11:34:54","guid":{"rendered":"https:\/\/www.customywear.com\/?post_type=product&#038;p=37901"},"modified":"2026-05-16T11:38:06","modified_gmt":"2026-05-16T11:38:06","slug":"tricouri-aniversare-el-ea","status":"publish","type":"product","link":"https:\/\/www.customywear.com\/ro\/his-and-hers-anniversary-t-shirts\/","title":{"rendered":"Tricouri aniversare pentru el \u0219i ea \u2013 Tricou personalizat"},"content":{"rendered":"<p>Tricouri aniversare pentru el \u0219i ea: S\u0103rb\u0103tori\u021bi-v\u0103 dragostea de durat\u0103 cu tricourile noastre fermec\u0103toare pentru aniversarea lui \u0219i a ei! Echipa noastr\u0103 de exper\u021bi v\u0103 va transforma fotografiile \u00een personaje \u00eenc\u00e2nt\u0103toare, \u00eenf\u0103\u021bi\u0219\u00e2nd cuplul fericit \u00een \u021binute elegante pe fundalul decora\u021biunilor festive \u0219i al unei atmosfere vesele, amintind de imaginile produselor noastre. Fabricate din bumbac premium, tricourile noastre ofer\u0103 o croial\u0103 confortabil\u0103 \u0219i \u00ee\u0219i men\u021bin designul vibrant sp\u0103lare dup\u0103 sp\u0103lare. Fie c\u0103 este vorba de anivers\u0103ri importante sau de purtare zilnic\u0103, aceste tricouri sunt alegerea perfect\u0103 pentru a comemora c\u0103l\u0103toria voastr\u0103 \u00eempreun\u0103. Fiecare design este realizat meticulos de arti\u0219tii no\u0219tri digitali pricepu\u021bi, asigur\u00e2ndu-v\u0103 c\u0103 tricourile dvs. aniversare pentru el \u0219i ea sunt o amintire pre\u021bioas\u0103. Personaliza\u021bi-v\u0103 acum tricourile cu propriul text pentru o not\u0103 personal\u0103!<\/p>","protected":false},"excerpt":{"rendered":"<p>Mark anivers\u0103ri cu tricourile sale aniversare \u0219i ale ei. Tricourile personalizate transform\u0103 orice fotografie \u00een tricouri unice, asortate.<\/p>","protected":false},"featured_media":144013,"comment_status":"open","ping_status":"closed","template":"","meta":{"_acf_changed":false},"product_brand":[],"product_cat":[6197,250,6371,6147,6412,6428],"product_tag":[6440,6329,6218,237,6442],"class_list":{"0":"post-37901","1":"product","2":"type-product","3":"status-publish","4":"has-post-thumbnail","6":"product_cat-t-shirts-couple","7":"product_cat-couple","8":"product_cat-couples-wedding-t-shirts","9":"product_cat-custom-gifts-wedding-rose","10":"product_cat-photo-to-tees","11":"product_cat-translate-products","12":"product_tag-ai-artwork-couple","13":"product_tag-custom-t-shirt-from-selfie-for-couples","14":"product_tag-making-your-own-t-shirts","15":"product_tag-personalized-t-shirts","16":"product_tag-top-artwork","18":"first","19":"instock","20":"taxable","21":"shipping-taxable","22":"purchasable","23":"product-type-simple"},"acf":[],"wcpa_form_fields":null,"_links":{"self":[{"href":"https:\/\/www.customywear.com\/ro\/wp-json\/wp\/v2\/product\/37901","targetHints":{"allow":["GET"]}}],"collection":[{"href":"https:\/\/www.customywear.com\/ro\/wp-json\/wp\/v2\/product"}],"about":[{"href":"https:\/\/www.customywear.com\/ro\/wp-json\/wp\/v2\/types\/product"}],"replies":[{"embeddable":true,"href":"https:\/\/www.customywear.com\/ro\/wp-json\/wp\/v2\/comments?post=37901"}],"wp:featuredmedia":[{"embeddable":true,"href":"https:\/\/www.customywear.com\/ro\/wp-json\/wp\/v2\/media\/144013"}],"wp:attachment":[{"href":"https:\/\/www.customywear.com\/ro\/wp-json\/wp\/v2\/media?parent=37901"}],"wp:term":[{"taxonomy":"product_brand","embeddable":true,"href":"https:\/\/www.customywear.com\/ro\/wp-json\/wp\/v2\/product_brand?post=37901"},{"taxonomy":"product_cat","embeddable":true,"href":"https:\/\/www.customywear.com\/ro\/wp-json\/wp\/v2\/product_cat?post=37901"},{"taxonomy":"product_tag","embeddable":true,"href":"https:\/\/www.customywear.com\/ro\/wp-json\/wp\/v2\/product_tag?post=37901"}],"curies":[{"name":"wp","href":"https:\/\/api.w.org\/{rel}","templated":true}]}}