{"id":38131,"date":"2024-05-24T12:22:25","date_gmt":"2024-05-24T12:22:25","guid":{"rendered":"https:\/\/www.customywear.com\/?post_type=product&#038;p=38131"},"modified":"2026-05-07T15:29:44","modified_gmt":"2026-05-07T15:29:44","slug":"tricou-de-nunta-pentru-copil-mic","status":"publish","type":"product","link":"https:\/\/www.customywear.com\/ro\/wedding-t-shirt-for-toddler\/","title":{"rendered":"Tricou de nunt\u0103 pentru copii mici \u2013 Tricou cu imprimeu personalizat"},"content":{"rendered":"<p>Tricou de nunt\u0103 pentru copii mici: Face\u021bi-v\u0103 copilul s\u0103 se simt\u0103 parte a s\u0103rb\u0103torii cu tricoul nostru fermec\u0103tor de nunt\u0103 pentru copii mici! Fabricate dintr-un material moale \u0219i respirabil, aceste tricouri prezint\u0103 modele \u00eenc\u00e2nt\u0103toare, potrivite pentru nun\u021bi, feti\u021be cu flori, purt\u0103toare de inele sau orice ocazie special\u0103. Asigura\u021bi-v\u0103 c\u0103 micu\u021bul dumneavoastr\u0103 este \u00eembr\u0103cat pentru a impresiona \u00een ziua cea mare cu tricoul nostru de nunt\u0103 pentru copii mici.<\/p>","protected":false},"excerpt":{"rendered":"<p>S\u0103rb\u0103tore\u0219te-i pe cei mici cu tricouri de nunt\u0103 pentru copii mici. C\u0103m\u0103\u0219ile cu imprimeu personalizat transform\u0103 orice fotografie \u00eentr-un tricou distractiv \u0219i unic.<\/p>","protected":false},"featured_media":143206,"comment_status":"open","ping_status":"closed","template":"","meta":{"_acf_changed":false},"product_brand":[],"product_cat":[6207,6147,6412,6428],"product_tag":[6433,6439,6221],"class_list":{"0":"post-38131","1":"product","2":"type-product","3":"status-publish","4":"has-post-thumbnail","6":"product_cat-toddler-girl-t-shirts","7":"product_cat-custom-gifts-wedding-rose","8":"product_cat-photo-to-tees","9":"product_cat-translate-products","10":"product_tag-ai-artwork","11":"product_tag-ai-kids-artwork","12":"product_tag-custom-t-shirts-near-me","14":"first","15":"instock","16":"taxable","17":"shipping-taxable","18":"purchasable","19":"product-type-simple"},"acf":[],"wcpa_form_fields":null,"_links":{"self":[{"href":"https:\/\/www.customywear.com\/ro\/wp-json\/wp\/v2\/product\/38131","targetHints":{"allow":["GET"]}}],"collection":[{"href":"https:\/\/www.customywear.com\/ro\/wp-json\/wp\/v2\/product"}],"about":[{"href":"https:\/\/www.customywear.com\/ro\/wp-json\/wp\/v2\/types\/product"}],"replies":[{"embeddable":true,"href":"https:\/\/www.customywear.com\/ro\/wp-json\/wp\/v2\/comments?post=38131"}],"wp:featuredmedia":[{"embeddable":true,"href":"https:\/\/www.customywear.com\/ro\/wp-json\/wp\/v2\/media\/143206"}],"wp:attachment":[{"href":"https:\/\/www.customywear.com\/ro\/wp-json\/wp\/v2\/media?parent=38131"}],"wp:term":[{"taxonomy":"product_brand","embeddable":true,"href":"https:\/\/www.customywear.com\/ro\/wp-json\/wp\/v2\/product_brand?post=38131"},{"taxonomy":"product_cat","embeddable":true,"href":"https:\/\/www.customywear.com\/ro\/wp-json\/wp\/v2\/product_cat?post=38131"},{"taxonomy":"product_tag","embeddable":true,"href":"https:\/\/www.customywear.com\/ro\/wp-json\/wp\/v2\/product_tag?post=38131"}],"curies":[{"name":"wp","href":"https:\/\/api.w.org\/{rel}","templated":true}]}}