{"id":38722,"date":"2024-06-04T13:14:06","date_gmt":"2024-06-04T13:14:06","guid":{"rendered":"https:\/\/www.customywear.com\/?post_type=product&#038;p=38722"},"modified":"2026-05-07T15:29:44","modified_gmt":"2026-05-07T15:29:44","slug":"tricouri-amuzante-pentru-copil-mic-tricouri-cuplu-hilare","status":"publish","type":"product","link":"https:\/\/www.customywear.com\/ro\/toddler-funny-t-shirts-hilarious-couple-shirts\/","title":{"rendered":"Tricouri amuzante pentru copii mici \u2013 Tricouri cupluri amuzante"},"content":{"rendered":"<p>Tricouri amuzante pentru copii mici: Ad\u0103uga\u021bi un plus de umor \u00een garderoba copilului dumneavoastr\u0103 cu tricourile noastre amuzante! Cu grafic\u0103 amuzant\u0103 \u0219i mesaje ingenioase, aceste tricouri vor aduce cu siguran\u021b\u0103 z\u00e2mbete pe fe\u021bele tuturor.<\/p>","protected":false},"excerpt":{"rendered":"<p>Ad\u0103uga\u021bi umor cu tricourile amuzante pentru copii mici. C\u0103m\u0103\u0219ile hilare de cuplu transform\u0103 orice fotografie \u00een tricouri juc\u0103u\u0219e, unice.<\/p>","protected":false},"featured_media":142672,"comment_status":"open","ping_status":"closed","template":"","meta":{"_acf_changed":false},"product_brand":[],"product_cat":[6209,3604,6412,6428],"product_tag":[6433,6439,6221],"class_list":{"0":"post-38722","1":"product","2":"type-product","3":"status-publish","4":"has-post-thumbnail","6":"product_cat-toddler-boy-t-shirts","7":"product_cat-custom-gifts-dj-orange","8":"product_cat-photo-to-tees","9":"product_cat-translate-products","10":"product_tag-ai-artwork","11":"product_tag-ai-kids-artwork","12":"product_tag-custom-t-shirts-near-me","14":"first","15":"instock","16":"taxable","17":"shipping-taxable","18":"purchasable","19":"product-type-simple"},"acf":[],"wcpa_form_fields":null,"_links":{"self":[{"href":"https:\/\/www.customywear.com\/ro\/wp-json\/wp\/v2\/product\/38722","targetHints":{"allow":["GET"]}}],"collection":[{"href":"https:\/\/www.customywear.com\/ro\/wp-json\/wp\/v2\/product"}],"about":[{"href":"https:\/\/www.customywear.com\/ro\/wp-json\/wp\/v2\/types\/product"}],"replies":[{"embeddable":true,"href":"https:\/\/www.customywear.com\/ro\/wp-json\/wp\/v2\/comments?post=38722"}],"wp:featuredmedia":[{"embeddable":true,"href":"https:\/\/www.customywear.com\/ro\/wp-json\/wp\/v2\/media\/142672"}],"wp:attachment":[{"href":"https:\/\/www.customywear.com\/ro\/wp-json\/wp\/v2\/media?parent=38722"}],"wp:term":[{"taxonomy":"product_brand","embeddable":true,"href":"https:\/\/www.customywear.com\/ro\/wp-json\/wp\/v2\/product_brand?post=38722"},{"taxonomy":"product_cat","embeddable":true,"href":"https:\/\/www.customywear.com\/ro\/wp-json\/wp\/v2\/product_cat?post=38722"},{"taxonomy":"product_tag","embeddable":true,"href":"https:\/\/www.customywear.com\/ro\/wp-json\/wp\/v2\/product_tag?post=38722"}],"curies":[{"name":"wp","href":"https:\/\/api.w.org\/{rel}","templated":true}]}}