{"id":39999,"date":"2024-06-16T14:21:14","date_gmt":"2024-06-16T14:21:14","guid":{"rendered":"https:\/\/www.customywear.com\/?post_type=product&#038;p=39999"},"modified":"2026-05-07T15:29:44","modified_gmt":"2026-05-07T15:29:44","slug":"tricou-de-supererou-pentru-copil-mic","status":"publish","type":"product","link":"https:\/\/www.customywear.com\/ro\/superhero-t-shirt-for-toddler\/","title":{"rendered":"Tricou cu supereroi pentru copii mici \u2013 Tricou personalizat"},"content":{"rendered":"<p>Tricou Supererou pentru Copii Mici \u2013 Tricou Personalizat: \u00cembrac\u0103-\u021bi micul erou cu stil cu tricoul nostru Supererou pentru Copii Mici \u2013 Tricou Personalizat. Fabricat din materiale moi \u0219i durabile, acest tricou asigur\u0103 confort pentru copiii mici activi. Cu modele vibrante prin imprimare DTG de \u00eenalt\u0103 calitate, fiecare tricou poate fi personalizat pentru a-l prezenta pe supereroul preferat al copilului t\u0103u. Fie c\u0103 este vorba de \u00eent\u00e2lniri de joac\u0103 sau de aventuri de zi cu zi, tricoul nostru personalizat se potrive\u0219te perfect.<\/p>","protected":false},"excerpt":{"rendered":"<p>\u00cencepe\u021bi t\u00e2n\u0103r cu tricouri cu supereroi pentru copii mici. Tricourile personalizate transform\u0103 orice fotografie \u00eentr-un tricou juc\u0103u\u0219, unic.<\/p>","protected":false},"featured_media":135269,"comment_status":"open","ping_status":"closed","template":"","meta":{"_acf_changed":false},"product_brand":[],"product_cat":[6209,6150,6412,6428],"product_tag":[6433,6439,6221],"class_list":{"0":"post-39999","1":"product","2":"type-product","3":"status-publish","4":"has-post-thumbnail","6":"product_cat-toddler-boy-t-shirts","7":"product_cat-custom-gifts-ai-superhero","8":"product_cat-photo-to-tees","9":"product_cat-translate-products","10":"product_tag-ai-artwork","11":"product_tag-ai-kids-artwork","12":"product_tag-custom-t-shirts-near-me","14":"first","15":"instock","16":"taxable","17":"shipping-taxable","18":"purchasable","19":"product-type-simple"},"acf":[],"wcpa_form_fields":null,"_links":{"self":[{"href":"https:\/\/www.customywear.com\/ro\/wp-json\/wp\/v2\/product\/39999","targetHints":{"allow":["GET"]}}],"collection":[{"href":"https:\/\/www.customywear.com\/ro\/wp-json\/wp\/v2\/product"}],"about":[{"href":"https:\/\/www.customywear.com\/ro\/wp-json\/wp\/v2\/types\/product"}],"replies":[{"embeddable":true,"href":"https:\/\/www.customywear.com\/ro\/wp-json\/wp\/v2\/comments?post=39999"}],"wp:featuredmedia":[{"embeddable":true,"href":"https:\/\/www.customywear.com\/ro\/wp-json\/wp\/v2\/media\/135269"}],"wp:attachment":[{"href":"https:\/\/www.customywear.com\/ro\/wp-json\/wp\/v2\/media?parent=39999"}],"wp:term":[{"taxonomy":"product_brand","embeddable":true,"href":"https:\/\/www.customywear.com\/ro\/wp-json\/wp\/v2\/product_brand?post=39999"},{"taxonomy":"product_cat","embeddable":true,"href":"https:\/\/www.customywear.com\/ro\/wp-json\/wp\/v2\/product_cat?post=39999"},{"taxonomy":"product_tag","embeddable":true,"href":"https:\/\/www.customywear.com\/ro\/wp-json\/wp\/v2\/product_tag?post=39999"}],"curies":[{"name":"wp","href":"https:\/\/api.w.org\/{rel}","templated":true}]}}