{"id":40000,"date":"2024-06-16T14:21:16","date_gmt":"2024-06-16T14:21:16","guid":{"rendered":"https:\/\/www.customywear.com\/?post_type=product&#038;p=40000"},"modified":"2026-05-07T15:29:44","modified_gmt":"2026-05-07T15:29:44","slug":"tricou-de-supererou-pentru-baieti","status":"publish","type":"product","link":"https:\/\/www.customywear.com\/ro\/superhero-t-shirt-for-boys\/","title":{"rendered":"Tricou cu supereroi pentru b\u0103ie\u021bi \u2013 Tricou personalizat la mod\u0103"},"content":{"rendered":"<p>Tricou cu supereroi pentru b\u0103ie\u021bi \u2013 Tricou personalizat la mod\u0103: Stimuleaz\u0103 imagina\u021bia cu tricoul nostru cu supereroi pentru b\u0103ie\u021bi \u2013 Tricou personalizat la mod\u0103. Fabricate din materiale de calitate premium, aceste tricouri ofer\u0103 confort \u0219i durabilitate pentru fiecare t\u00e2n\u0103r supererou. Cu modele vibrante prin imprimare DTG de \u00eenalt\u0103 calitate, fiecare tricou \u00eel transform\u0103 pe b\u0103iatul t\u0103u \u00eentr-un erou elegant. Fie c\u0103 este pentru \u0219coal\u0103 sau pentru joac\u0103, tricoul nostru personalizat la mod\u0103 asigur\u0103 c\u0103 iese \u00een eviden\u021b\u0103 cu \u00eencredere.<\/p>","protected":false},"excerpt":{"rendered":"<p>Dezl\u0103n\u021bui\u021bi eroism cu un tricou de supererou pentru b\u0103ie\u021bi. Tricourile personalizate de mod\u0103 transform\u0103 orice fotografie \u00eentr-un tricou \u00eendr\u0103zne\u021b, unic.<\/p>","protected":false},"featured_media":135265,"comment_status":"open","ping_status":"closed","template":"","meta":{"_acf_changed":false},"product_brand":[],"product_cat":[6189,496,6150,6412,6428],"product_tag":[6433,6439,6221,6330],"class_list":{"0":"post-40000","1":"product","2":"type-product","3":"status-publish","4":"has-post-thumbnail","6":"product_cat-boys-t-shirts","7":"product_cat-birthday","8":"product_cat-custom-gifts-ai-superhero","9":"product_cat-photo-to-tees","10":"product_cat-translate-products","11":"product_tag-ai-artwork","12":"product_tag-ai-kids-artwork","13":"product_tag-custom-t-shirts-near-me","14":"product_tag-photo-print-t-shirt-for-boys","16":"first","17":"instock","18":"taxable","19":"shipping-taxable","20":"purchasable","21":"product-type-simple"},"acf":[],"wcpa_form_fields":null,"_links":{"self":[{"href":"https:\/\/www.customywear.com\/ro\/wp-json\/wp\/v2\/product\/40000","targetHints":{"allow":["GET"]}}],"collection":[{"href":"https:\/\/www.customywear.com\/ro\/wp-json\/wp\/v2\/product"}],"about":[{"href":"https:\/\/www.customywear.com\/ro\/wp-json\/wp\/v2\/types\/product"}],"replies":[{"embeddable":true,"href":"https:\/\/www.customywear.com\/ro\/wp-json\/wp\/v2\/comments?post=40000"}],"wp:featuredmedia":[{"embeddable":true,"href":"https:\/\/www.customywear.com\/ro\/wp-json\/wp\/v2\/media\/135265"}],"wp:attachment":[{"href":"https:\/\/www.customywear.com\/ro\/wp-json\/wp\/v2\/media?parent=40000"}],"wp:term":[{"taxonomy":"product_brand","embeddable":true,"href":"https:\/\/www.customywear.com\/ro\/wp-json\/wp\/v2\/product_brand?post=40000"},{"taxonomy":"product_cat","embeddable":true,"href":"https:\/\/www.customywear.com\/ro\/wp-json\/wp\/v2\/product_cat?post=40000"},{"taxonomy":"product_tag","embeddable":true,"href":"https:\/\/www.customywear.com\/ro\/wp-json\/wp\/v2\/product_tag?post=40000"}],"curies":[{"name":"wp","href":"https:\/\/api.w.org\/{rel}","templated":true}]}}