{"id":40256,"date":"2024-06-26T08:56:53","date_gmt":"2024-06-26T08:56:53","guid":{"rendered":"https:\/\/www.customywear.com\/?post_type=product&#038;p=40256"},"modified":"2026-05-16T11:41:45","modified_gmt":"2026-05-16T11:41:45","slug":"camasa-de-supererou-personalizat-pentru-baieti","status":"publish","type":"product","link":"https:\/\/www.customywear.com\/ro\/custom-boys-superhero-shirt\/","title":{"rendered":"Tricou personalizat pentru b\u0103ie\u021bi \u2013 Creeaz\u0103-\u021bi propriul tricou cu supereroi"},"content":{"rendered":"<p>Tricou personalizat pentru b\u0103ie\u021bi \u2013 Creeaz\u0103-\u021bi propriul tricou cu supereroi: D\u0103 fr\u00e2u liber creativit\u0103\u021bii cu tricoul nostru personalizat pentru b\u0103ie\u021bi \u2013 Creeaz\u0103-\u021bi propriul tricou cu supereroi! Fabricat din bumbac moale 100%, acest tricou de calitate premium ofer\u0103 confort \u0219i durabilitate pentru joaca activ\u0103. Fiecare tricou le permite b\u0103ie\u021bilor s\u0103-\u0219i creeze propriile personaje cu supereroi, imprimate folosind imprimare DTG de \u00eenalt\u0103 calitate pentru grafic\u0103 vibrant\u0103 \u0219i detaliat\u0103. Fie c\u0103 este pentru \u0219coal\u0103 sau pentru \u00eent\u00e2lniri de joac\u0103, acest tricou cu supereroi creeaz\u0103-\u021bi propriul tricou este o p\u00e2nz\u0103 personalizat\u0103 pentru imagina\u021bia lor.<\/p>","protected":false},"excerpt":{"rendered":"<p>Proiecteaz\u0103-\u021bi eroul cu un tricou personalizat pentru b\u0103ie\u021bi. Crea\u021bi-v\u0103 propriile c\u0103m\u0103\u0219i de supererou Transform\u0103 orice fotografie \u00eentr-un tricou \u00eendr\u0103zne\u021b \u0219i unic.<\/p>","protected":false},"featured_media":134952,"comment_status":"open","ping_status":"closed","template":"","meta":{"_acf_changed":false},"product_brand":[],"product_cat":[6189,6152,6412,6428,58],"product_tag":[6433,6439,6221],"class_list":{"0":"post-40256","1":"product","2":"type-product","3":"status-publish","4":"has-post-thumbnail","6":"product_cat-boys-t-shirts","7":"product_cat-custom-gifts-batman","8":"product_cat-photo-to-tees","9":"product_cat-translate-products","10":"product_cat-youth-kids","11":"product_tag-ai-artwork","12":"product_tag-ai-kids-artwork","13":"product_tag-custom-t-shirts-near-me","15":"first","16":"instock","17":"taxable","18":"shipping-taxable","19":"purchasable","20":"product-type-simple"},"acf":[],"wcpa_form_fields":null,"_links":{"self":[{"href":"https:\/\/www.customywear.com\/ro\/wp-json\/wp\/v2\/product\/40256","targetHints":{"allow":["GET"]}}],"collection":[{"href":"https:\/\/www.customywear.com\/ro\/wp-json\/wp\/v2\/product"}],"about":[{"href":"https:\/\/www.customywear.com\/ro\/wp-json\/wp\/v2\/types\/product"}],"replies":[{"embeddable":true,"href":"https:\/\/www.customywear.com\/ro\/wp-json\/wp\/v2\/comments?post=40256"}],"wp:featuredmedia":[{"embeddable":true,"href":"https:\/\/www.customywear.com\/ro\/wp-json\/wp\/v2\/media\/134952"}],"wp:attachment":[{"href":"https:\/\/www.customywear.com\/ro\/wp-json\/wp\/v2\/media?parent=40256"}],"wp:term":[{"taxonomy":"product_brand","embeddable":true,"href":"https:\/\/www.customywear.com\/ro\/wp-json\/wp\/v2\/product_brand?post=40256"},{"taxonomy":"product_cat","embeddable":true,"href":"https:\/\/www.customywear.com\/ro\/wp-json\/wp\/v2\/product_cat?post=40256"},{"taxonomy":"product_tag","embeddable":true,"href":"https:\/\/www.customywear.com\/ro\/wp-json\/wp\/v2\/product_tag?post=40256"}],"curies":[{"name":"wp","href":"https:\/\/api.w.org\/{rel}","templated":true}]}}