{"id":40352,"date":"2024-06-26T09:01:31","date_gmt":"2024-06-26T09:01:31","guid":{"rendered":"https:\/\/www.customywear.com\/?post_type=product&#038;p=40352"},"modified":"2026-05-05T20:23:27","modified_gmt":"2026-05-05T20:23:27","slug":"tricou-personalizat-de-supererou-pentru-femei","status":"publish","type":"product","link":"https:\/\/www.customywear.com\/ro\/womens-custom-superhero-tee\/","title":{"rendered":"Tricou Supererou pentru Femei \u2013 Tricou Supererou Creat la comand\u0103"},"content":{"rendered":"<p>Tricou pentru femei cu supereroi \u2013 Tricou personalizat cu supereroi: Dezl\u0103n\u021buie-\u021bi creativitatea cu tricoul nostru pentru femei cu supereroi \u2013 Tricou personalizat cu supereroi! Fabricat din bumbac 100% moale, acest tricou de calitate premium ofer\u0103 confort \u0219i durabilitate, cu o croial\u0103 standard, ideal\u0103 pentru aventurile de zi cu zi. Fiecare tricou este o crea\u021bie personalizat\u0103 cu un personaj supererou, conceput unic pornind de la ideile tale, imprimat folosind imprimare DTG de \u00eenalt\u0103 calitate pentru o grafic\u0103 vibrant\u0103 \u0219i detaliat\u0103. Fie c\u0103 este pentru exprimare personal\u0103 sau un cadou atent creat, acest tricou personalizat cu supereroi \u00ee\u021bi pune \u00een valoare stilul individual la fiecare purtare.<\/p>","protected":false},"excerpt":{"rendered":"<p>\u00cemputernici\u021bi femeile cu un tricou de supererou pentru femei. Tricourile personalizate cu supereroi de crea\u021bie transform\u0103 orice fotografie \u00eentr-un tricou distractiv \u0219i unic.<\/p>","protected":false},"featured_media":134910,"comment_status":"open","ping_status":"closed","template":"","meta":{"_acf_changed":false},"product_brand":[],"product_cat":[6191,6152,6412,515,6428,75,6350],"product_tag":[6214,6433,6328,229,6215],"class_list":{"0":"post-40352","1":"product","2":"type-product","3":"status-publish","4":"has-post-thumbnail","6":"product_cat-t-shirts-women","7":"product_cat-custom-gifts-batman","8":"product_cat-photo-to-tees","9":"product_cat-superhero","10":"product_cat-translate-products","11":"product_cat-women","12":"product_cat-womens-superhero-t-shirts","13":"product_tag-affordable-custom-t-shirts","14":"product_tag-ai-artwork","15":"product_tag-custom-image-t-shirt-for-women","16":"product_tag-custom-tee-shirts","17":"product_tag-screen-printing-near-me","19":"first","20":"instock","21":"taxable","22":"shipping-taxable","23":"purchasable","24":"product-type-simple"},"acf":[],"wcpa_form_fields":null,"_links":{"self":[{"href":"https:\/\/www.customywear.com\/ro\/wp-json\/wp\/v2\/product\/40352","targetHints":{"allow":["GET"]}}],"collection":[{"href":"https:\/\/www.customywear.com\/ro\/wp-json\/wp\/v2\/product"}],"about":[{"href":"https:\/\/www.customywear.com\/ro\/wp-json\/wp\/v2\/types\/product"}],"replies":[{"embeddable":true,"href":"https:\/\/www.customywear.com\/ro\/wp-json\/wp\/v2\/comments?post=40352"}],"wp:featuredmedia":[{"embeddable":true,"href":"https:\/\/www.customywear.com\/ro\/wp-json\/wp\/v2\/media\/134910"}],"wp:attachment":[{"href":"https:\/\/www.customywear.com\/ro\/wp-json\/wp\/v2\/media?parent=40352"}],"wp:term":[{"taxonomy":"product_brand","embeddable":true,"href":"https:\/\/www.customywear.com\/ro\/wp-json\/wp\/v2\/product_brand?post=40352"},{"taxonomy":"product_cat","embeddable":true,"href":"https:\/\/www.customywear.com\/ro\/wp-json\/wp\/v2\/product_cat?post=40352"},{"taxonomy":"product_tag","embeddable":true,"href":"https:\/\/www.customywear.com\/ro\/wp-json\/wp\/v2\/product_tag?post=40352"}],"curies":[{"name":"wp","href":"https:\/\/api.w.org\/{rel}","templated":true}]}}