{"id":40377,"date":"2024-06-26T09:02:51","date_gmt":"2024-06-26T09:02:51","guid":{"rendered":"https:\/\/www.customywear.com\/?post_type=product&#038;p=40377"},"modified":"2026-05-07T15:29:44","modified_gmt":"2026-05-07T15:29:44","slug":"tricou-de-supererou-pentru-tineret","status":"publish","type":"product","link":"https:\/\/www.customywear.com\/ro\/youth-girl-superhero-tee\/","title":{"rendered":"Tricou supererou pentru fete \u2013 Tricou supererou personalizat"},"content":{"rendered":"<p>Tricou Supererou pentru Fete \u2013 Tricou Personalizat cu Supererou: Exprim\u0103-\u021bi individualitatea cu tricoul nostru Supererou pentru Fete \u2013 Tricou Personalizat cu Supererou! Fabricat din bumbac moale 100%, acest tricou de calitate premium ofer\u0103 confort \u0219i durabilitate fetelor \u00een cre\u0219tere. Fiecare tricou prezint\u0103 modele personalizate cu supereroi, imprimate folosind imprimare DTG de \u00eenalt\u0103 calitate pentru grafic\u0103 vibrant\u0103 \u0219i detaliat\u0103. Fie c\u0103 este vorba de evenimente \u0219colare sau de ie\u0219iri cu prietenii, acest tricou personalizat cu supereroi le permite fetelor s\u0103 \u00ee\u0219i etaleze personalit\u0103\u021bile unice.<\/p>","protected":false},"excerpt":{"rendered":"<p>Inspir\u0103 tinere\u021bea cu un tricou de supererou pentru fete tinere. Tricourile personalizate de supereroi transform\u0103 orice fotografie \u00eentr-un tricou juc\u0103u\u0219, unic.<\/p>","protected":false},"featured_media":134889,"comment_status":"open","ping_status":"closed","template":"","meta":{"_acf_changed":false},"product_brand":[],"product_cat":[6193,6152,152,6412,6428,58],"product_tag":[6433,6439,6153,6331,6154,6155],"class_list":{"0":"post-40377","1":"product","2":"type-product","3":"status-publish","4":"has-post-thumbnail","6":"product_cat-girls-t-shirts","7":"product_cat-custom-gifts-batman","8":"product_cat-girls","9":"product_cat-photo-to-tees","10":"product_cat-translate-products","11":"product_cat-youth-kids","12":"product_tag-ai-artwork","13":"product_tag-ai-kids-artwork","14":"product_tag-batman","15":"product_tag-custom-picture-t-shirt-for-girls","16":"product_tag-dc-comic","17":"product_tag-marvel","19":"first","20":"instock","21":"taxable","22":"shipping-taxable","23":"purchasable","24":"product-type-simple"},"acf":[],"wcpa_form_fields":null,"_links":{"self":[{"href":"https:\/\/www.customywear.com\/ro\/wp-json\/wp\/v2\/product\/40377","targetHints":{"allow":["GET"]}}],"collection":[{"href":"https:\/\/www.customywear.com\/ro\/wp-json\/wp\/v2\/product"}],"about":[{"href":"https:\/\/www.customywear.com\/ro\/wp-json\/wp\/v2\/types\/product"}],"replies":[{"embeddable":true,"href":"https:\/\/www.customywear.com\/ro\/wp-json\/wp\/v2\/comments?post=40377"}],"wp:featuredmedia":[{"embeddable":true,"href":"https:\/\/www.customywear.com\/ro\/wp-json\/wp\/v2\/media\/134889"}],"wp:attachment":[{"href":"https:\/\/www.customywear.com\/ro\/wp-json\/wp\/v2\/media?parent=40377"}],"wp:term":[{"taxonomy":"product_brand","embeddable":true,"href":"https:\/\/www.customywear.com\/ro\/wp-json\/wp\/v2\/product_brand?post=40377"},{"taxonomy":"product_cat","embeddable":true,"href":"https:\/\/www.customywear.com\/ro\/wp-json\/wp\/v2\/product_cat?post=40377"},{"taxonomy":"product_tag","embeddable":true,"href":"https:\/\/www.customywear.com\/ro\/wp-json\/wp\/v2\/product_tag?post=40377"}],"curies":[{"name":"wp","href":"https:\/\/api.w.org\/{rel}","templated":true}]}}