{"id":41201,"date":"2024-07-24T09:25:22","date_gmt":"2024-07-24T09:25:22","guid":{"rendered":"https:\/\/www.customywear.com\/?post_type=product&#038;p=41201"},"modified":"2026-05-07T15:29:44","modified_gmt":"2026-05-07T15:29:44","slug":"imbracaminte-de-supererou-paianjen-pentru-tineret","status":"publish","type":"product","link":"https:\/\/www.customywear.com\/ro\/youth-spider-superhero-clothing\/","title":{"rendered":"Tricou super-erou pentru tineret \u2013 \u00cembr\u0103c\u0103minte personalizat\u0103 pentru supereroi p\u0103ianjen"},"content":{"rendered":"<p>Tricou Supererou pentru Tineret \u2013 \u00cembr\u0103c\u0103minte Personalizat\u0103 Supererou P\u0103ianjen: \u00cemputernice\u0219te-\u021bi tinere\u021bea cu tricoul nostru Supererou pentru Tineret \u2013 \u00cembr\u0103c\u0103minte Personalizat\u0103 Supererou P\u0103ianjen! Acest tricou personalizat prezint\u0103 un design cu supereroi bazat pe o fotografie, imprimat pe bumbac moale 100% folosind tehnologia DTG de \u00eenalt\u0103 calitate. Croiul standard \u0219i stilul unisex ofer\u0103 confort, fiecare tricou fiind realizat cu m\u0103iestrie pentru a oferi o grafic\u0103 vibrant\u0103 \u0219i personalizat\u0103 cu supereroi, care celebreaz\u0103 spiritul lor tineresc.<\/p>","protected":false},"excerpt":{"rendered":"<p>Transform\u0103 stilul de tineret cu un tricou de supererou pentru tineret. \u00cembr\u0103c\u0103mintea personalizat\u0103 cu supereroi de p\u0103ianjen transform\u0103 orice fotografie \u00eentr-un tricou \u00eendr\u0103zne\u021b, unic.<\/p>","protected":false},"featured_media":135190,"comment_status":"open","ping_status":"closed","template":"","meta":{"_acf_changed":false},"product_brand":[],"product_cat":[6189,157,496,6151,6412,515,6428,58],"product_tag":[6433,6439,6221,6330],"class_list":{"0":"post-41201","1":"product","2":"type-product","3":"status-publish","4":"has-post-thumbnail","6":"product_cat-boys-t-shirts","7":"product_cat-best-sellers","8":"product_cat-birthday","9":"product_cat-custom-gifts-spiderman","10":"product_cat-photo-to-tees","11":"product_cat-superhero","12":"product_cat-translate-products","13":"product_cat-youth-kids","14":"product_tag-ai-artwork","15":"product_tag-ai-kids-artwork","16":"product_tag-custom-t-shirts-near-me","17":"product_tag-photo-print-t-shirt-for-boys","19":"first","20":"instock","21":"taxable","22":"shipping-taxable","23":"purchasable","24":"product-type-simple"},"acf":[],"wcpa_form_fields":null,"_links":{"self":[{"href":"https:\/\/www.customywear.com\/ro\/wp-json\/wp\/v2\/product\/41201","targetHints":{"allow":["GET"]}}],"collection":[{"href":"https:\/\/www.customywear.com\/ro\/wp-json\/wp\/v2\/product"}],"about":[{"href":"https:\/\/www.customywear.com\/ro\/wp-json\/wp\/v2\/types\/product"}],"replies":[{"embeddable":true,"href":"https:\/\/www.customywear.com\/ro\/wp-json\/wp\/v2\/comments?post=41201"}],"wp:featuredmedia":[{"embeddable":true,"href":"https:\/\/www.customywear.com\/ro\/wp-json\/wp\/v2\/media\/135190"}],"wp:attachment":[{"href":"https:\/\/www.customywear.com\/ro\/wp-json\/wp\/v2\/media?parent=41201"}],"wp:term":[{"taxonomy":"product_brand","embeddable":true,"href":"https:\/\/www.customywear.com\/ro\/wp-json\/wp\/v2\/product_brand?post=41201"},{"taxonomy":"product_cat","embeddable":true,"href":"https:\/\/www.customywear.com\/ro\/wp-json\/wp\/v2\/product_cat?post=41201"},{"taxonomy":"product_tag","embeddable":true,"href":"https:\/\/www.customywear.com\/ro\/wp-json\/wp\/v2\/product_tag?post=41201"}],"curies":[{"name":"wp","href":"https:\/\/api.w.org\/{rel}","templated":true}]}}