{"id":41241,"date":"2024-07-24T09:26:15","date_gmt":"2024-07-24T09:26:15","guid":{"rendered":"https:\/\/www.customywear.com\/?post_type=product&#038;p=41241"},"modified":"2026-05-07T15:29:43","modified_gmt":"2026-05-07T15:29:43","slug":"camasa-de-supererou-paianjen-pentru-fete","status":"publish","type":"product","link":"https:\/\/www.customywear.com\/ro\/girls-spider-superhero-shirt\/","title":{"rendered":"Tricou personalizat pentru fete \u2013 Tricou personalizat cu supereroi Spider Art"},"content":{"rendered":"<p>Tricou personalizat pentru fete \u2013 Tricou supererou personalizat Art Spider: \u00cemputernice\u0219te-\u021bi micu\u021ba supereroin\u0103 cu tricoul nostru personalizat pentru fete \u2013 Tricou supererou personalizat Art Spider! Acest tricou personalizat prezint\u0103 un design cu supereroin\u0103 inspirat de fotografia ei, imprimat pe bumbac moale 100% folosind tehnologia DTG de \u00eenalt\u0103 calitate. Croiul standard \u0219i stilul unisex ofer\u0103 confort pentru aventurile de zi cu zi, fiecare tricou fiind creat unic pentru a prezenta o grafic\u0103 vibrant\u0103, personalizat\u0103, cu o supereroin\u0103 care o face s\u0103 ias\u0103 \u00een eviden\u021b\u0103.<\/p>","protected":false},"excerpt":{"rendered":"<p>\u00cemputernici\u021bi fetele tinere cu un tricou personalizat pentru fete. C\u0103m\u0103\u0219ile personalizate cu supereroi Art Spider transform\u0103 orice fotografie \u00eentr-un tricou distractiv \u0219i unic.<\/p>","protected":false},"featured_media":135135,"comment_status":"open","ping_status":"closed","template":"","meta":{"_acf_changed":false},"product_brand":[],"product_cat":[6193,496,6151,152,6412,515,6428],"product_tag":[6433,6439,6331,6221],"class_list":{"0":"post-41241","1":"product","2":"type-product","3":"status-publish","4":"has-post-thumbnail","6":"product_cat-girls-t-shirts","7":"product_cat-birthday","8":"product_cat-custom-gifts-spiderman","9":"product_cat-girls","10":"product_cat-photo-to-tees","11":"product_cat-superhero","12":"product_cat-translate-products","13":"product_tag-ai-artwork","14":"product_tag-ai-kids-artwork","15":"product_tag-custom-picture-t-shirt-for-girls","16":"product_tag-custom-t-shirts-near-me","18":"first","19":"instock","20":"taxable","21":"shipping-taxable","22":"purchasable","23":"product-type-simple"},"acf":[],"wcpa_form_fields":null,"_links":{"self":[{"href":"https:\/\/www.customywear.com\/ro\/wp-json\/wp\/v2\/product\/41241","targetHints":{"allow":["GET"]}}],"collection":[{"href":"https:\/\/www.customywear.com\/ro\/wp-json\/wp\/v2\/product"}],"about":[{"href":"https:\/\/www.customywear.com\/ro\/wp-json\/wp\/v2\/types\/product"}],"replies":[{"embeddable":true,"href":"https:\/\/www.customywear.com\/ro\/wp-json\/wp\/v2\/comments?post=41241"}],"wp:featuredmedia":[{"embeddable":true,"href":"https:\/\/www.customywear.com\/ro\/wp-json\/wp\/v2\/media\/135135"}],"wp:attachment":[{"href":"https:\/\/www.customywear.com\/ro\/wp-json\/wp\/v2\/media?parent=41241"}],"wp:term":[{"taxonomy":"product_brand","embeddable":true,"href":"https:\/\/www.customywear.com\/ro\/wp-json\/wp\/v2\/product_brand?post=41241"},{"taxonomy":"product_cat","embeddable":true,"href":"https:\/\/www.customywear.com\/ro\/wp-json\/wp\/v2\/product_cat?post=41241"},{"taxonomy":"product_tag","embeddable":true,"href":"https:\/\/www.customywear.com\/ro\/wp-json\/wp\/v2\/product_tag?post=41241"}],"curies":[{"name":"wp","href":"https:\/\/api.w.org\/{rel}","templated":true}]}}