{"id":42542,"date":"2024-09-11T15:29:39","date_gmt":"2024-09-11T15:29:39","guid":{"rendered":"https:\/\/www.customywear.com\/?post_type=product&#038;p=42542"},"modified":"2026-05-07T15:29:43","modified_gmt":"2026-05-07T15:29:43","slug":"tricou-chitara-pentru-ziua-de-nastere-a-copilului-mic","status":"publish","type":"product","link":"https:\/\/www.customywear.com\/ro\/toddler-birthday-guitar-tee\/","title":{"rendered":"Tricou Basist \u2013 Tricou chitar\u0103 pentru feti\u021be, ziua de na\u0219tere"},"content":{"rendered":"<p>Tricou Basist \u2013 Transform\u0103 ziua de na\u0219tere a feti\u021bei tale \u00een ceva special cu tricoul nostru cu tematic\u0103 de chitar\u0103 pentru feti\u021be, care prezint\u0103 un design unic, creat din fotografiile tale. Acest tricou Basist este confec\u021bionat din bumbac 100% moale pentru confort maxim \u0219i calitate premium pentru durabilitate. Av\u00e2nd o croial\u0103 regulat\u0103 \u0219i un design unisex, este excelent pentru purtarea zilnic\u0103. Bucur\u0103-te de imprimeuri vibrante \u0219i durabile, cu imprimare DTG de \u00eenalt\u0103 calitate \u0219i art\u0103 digital\u0103 personalizat\u0103.<\/p>","protected":false},"excerpt":{"rendered":"<p>S\u0103rb\u0103tore\u0219te muzica cu un basist cu tricou. Tricourile de chitar\u0103 pentru ziua de na\u0219tere pentru feti\u021be transform\u0103 orice fotografie \u00eentr-un tricou distractiv \u0219i unic.<\/p>","protected":false},"featured_media":95523,"comment_status":"open","ping_status":"closed","template":"","meta":{"_acf_changed":false},"product_brand":[],"product_cat":[6207,6123,6412,6428],"product_tag":[6433,6439,6221],"class_list":{"0":"post-42542","1":"product","2":"type-product","3":"status-publish","4":"has-post-thumbnail","6":"product_cat-toddler-girl-t-shirts","7":"product_cat-custom-gifts-ai-guitar","8":"product_cat-photo-to-tees","9":"product_cat-translate-products","10":"product_tag-ai-artwork","11":"product_tag-ai-kids-artwork","12":"product_tag-custom-t-shirts-near-me","14":"first","15":"instock","16":"taxable","17":"shipping-taxable","18":"purchasable","19":"product-type-simple"},"acf":[],"wcpa_form_fields":null,"_links":{"self":[{"href":"https:\/\/www.customywear.com\/ro\/wp-json\/wp\/v2\/product\/42542","targetHints":{"allow":["GET"]}}],"collection":[{"href":"https:\/\/www.customywear.com\/ro\/wp-json\/wp\/v2\/product"}],"about":[{"href":"https:\/\/www.customywear.com\/ro\/wp-json\/wp\/v2\/types\/product"}],"replies":[{"embeddable":true,"href":"https:\/\/www.customywear.com\/ro\/wp-json\/wp\/v2\/comments?post=42542"}],"wp:featuredmedia":[{"embeddable":true,"href":"https:\/\/www.customywear.com\/ro\/wp-json\/wp\/v2\/media\/95523"}],"wp:attachment":[{"href":"https:\/\/www.customywear.com\/ro\/wp-json\/wp\/v2\/media?parent=42542"}],"wp:term":[{"taxonomy":"product_brand","embeddable":true,"href":"https:\/\/www.customywear.com\/ro\/wp-json\/wp\/v2\/product_brand?post=42542"},{"taxonomy":"product_cat","embeddable":true,"href":"https:\/\/www.customywear.com\/ro\/wp-json\/wp\/v2\/product_cat?post=42542"},{"taxonomy":"product_tag","embeddable":true,"href":"https:\/\/www.customywear.com\/ro\/wp-json\/wp\/v2\/product_tag?post=42542"}],"curies":[{"name":"wp","href":"https:\/\/api.w.org\/{rel}","templated":true}]}}