{"id":7277,"date":"2024-09-27T07:53:31","date_gmt":"2024-09-27T07:53:31","guid":{"rendered":"https:\/\/www.customywear.com\/?page_id=7277"},"modified":"2024-09-27T08:01:12","modified_gmt":"2024-09-27T08:01:12","slug":"navratova-politika","status":"publish","type":"page","link":"https:\/\/www.customywear.com\/sk\/return-policy\/","title":{"rendered":"Pravidl\u00e1 vr\u00e1tenia pe\u0148az\u00ed a vr\u00e1tenia tovaru"},"content":{"rendered":"<h1 class=\"wp-block-heading alignfull has-text-align-center has-white-color has-text-color has-background has-link-color wp-elements-6a1b5e9f5e86f55beaf71c896b001019\" style=\"background:linear-gradient(180deg,rgb(35,154,221) 0%,rgb(30,59,102) 100%)\">Pravidl\u00e1 vr\u00e1tenia pe\u0148az\u00ed a vr\u00e1tenia tovaru<\/h1>\n\n\n\n<p><strong>Z\u00c1SADY VR\u00c1TENIA<br><\/strong><\/p>\n\n\n\n<p><strong>Posledn\u00e1 aktualiz\u00e1cia 17. augusta 2024<\/strong><\/p>\n\n\n\n<p>\u010eakujeme za n\u00e1kup. D\u00fafame, \u017ee budete s n\u00e1kupom spokojn\u00fd. Ak v\u0161ak z ak\u00e9hoko\u013evek d\u00f4vodu nie ste \u00faplne spokojn\u00ed s n\u00e1kupom a v\u00e1\u0161 produkt je mo\u017en\u00e9 vr\u00e1ti\u0165, m\u00f4\u017eete n\u00e1m ho vr\u00e1ti\u0165 a po\u017eiada\u0165 o v\u00fdmenu v plnej v\u00fd\u0161ke. Viac inform\u00e1ci\u00ed o na\u0161ej politike vr\u00e1tenia n\u00e1jdete ni\u017e\u0161ie.<br><br><strong>OPR\u00c1VNEN\u00c9 PRODUKTY<br><br><\/strong>Pre vlastn\u00e9 objedn\u00e1vky a produkty:&nbsp;<\/p>\n\n\n\n<ol class=\"wp-block-list\">\n<li><strong>Ak v\u00e1m po\u0161leme nespr\u00e1vne produkty a n\u00e1vrhy<\/strong><\/li>\n\n\n\n<li><strong>Ak s\u00fa v\u00fdrobky chybn\u00e9<\/strong><\/li>\n<\/ol>\n\n\n\n<p><strong><br><\/strong>Pre ne\u0161tandardn\u00e9 objedn\u00e1vky a produkty:&nbsp;<\/p>\n\n\n\n<ol class=\"wp-block-list\">\n<li><strong>V\u0161etky polo\u017eky m\u00f4\u017eete vr\u00e1ti\u0165, ak nie ste spokojn\u00ed<\/strong><\/li>\n<\/ol>\n\n\n\n<p><strong>VR\u00c1TKY<br><\/strong><\/p>\n\n\n\n<p>V\u0161etky vr\u00e1ten\u00e9 z\u00e1sielky musia by\u0165 potvrden\u00e9 po\u0161tovou pe\u010diatkou do \u0161tyridsiatich piatich (45) dn\u00ed od d\u00e1tumu doru\u010denia. V\u0161etky vr\u00e1ten\u00e9 polo\u017eky musia by\u0165 nov\u00e9 a nepou\u017eit\u00e9, so v\u0161etk\u00fdmi p\u00f4vodn\u00fdmi \u0161t\u00edtkami a \u0161t\u00edtkami.<\/p>\n\n\n\n<p><strong>PROCES VR\u00c1TENIA<br><\/strong><\/p>\n\n\n\n<p>Ak chcete vr\u00e1ti\u0165 polo\u017eku, po\u0161lite e-mail na z\u00e1kazn\u00edcky servis na adresu support@customywear.com a z\u00edskajte \u010d\u00edslo opr\u00e1vnenia na vr\u00e1tenie tovaru (RMA). Po prijat\u00ed \u010d\u00edsla RMA polo\u017eku bezpe\u010dne vlo\u017ete do p\u00f4vodn\u00e9ho obalu a prilo\u017ete doklad o k\u00fape a potom po\u0161lite svoj n\u00e1vrat na nasleduj\u00facu adresu:<\/p>\n\n\n\n<p>CustomyWear<\/p>\n\n\n\n<p>Do r\u00fak: N\u00e1vraty<\/p>\n\n\n\n<p>RMA #<\/p>\n\n\n\n<p>11201 Ed Brown Rd<\/p>\n\n\n\n<p>Charlotte, NC 28273<\/p>\n\n\n\n<p>Spojen\u00e9 \u0161t\u00e1ty americk\u00e9<\/p>\n\n\n\n<p>Upozor\u0148ujeme, \u017ee budete zodpoveda\u0165 za v\u0161etky poplatky za sp\u00e4tn\u00fa dopravu. D\u00f4razne odpor\u00fa\u010dame, aby ste na odoslanie vr\u00e1ten\u00e9ho tovaru pou\u017eili sledovate\u013en\u00fd sp\u00f4sob.&nbsp;<\/p>\n\n\n\n<p><strong>N\u00c1HRADY<br><\/strong><\/p>\n\n\n\n<p>Po obdr\u017ean\u00ed v\u00e1\u0161ho vr\u00e1ten\u00e9ho tovaru a kontrole stavu va\u0161ej polo\u017eky spracujeme va\u0161e vr\u00e1tenie alebo v\u00fdmenu. Na spracovanie v\u00e1\u0161ho vr\u00e1tenia alebo v\u00fdmeny po\u010dkajte aspo\u0148 tridsa\u0165 (30) dn\u00ed od prijatia va\u0161ej polo\u017eky. O spracovan\u00ed v\u00e1\u0161ho vr\u00e1tenia v\u00e1s budeme informova\u0165 e-mailom.<\/p>\n\n\n\n<p><strong>V\u00ddNIMKY<\/strong><\/p>\n\n\n\n<p>V pr\u00edpade chybn\u00fdch alebo po\u0161koden\u00fdch produktov n\u00e1s pros\u00edm kontaktujte na ni\u017e\u0161ie uveden\u00fdch kontaktn\u00fdch \u00fadajoch a dohodnite si vr\u00e1tenie pe\u0148az\u00ed alebo v\u00fdmenu.<\/p>\n\n\n\n<p><strong>Pozn\u00e1mka<br><\/strong><\/p>\n\n\n\n<p><strong>&nbsp; &nbsp; &nbsp;\u25cf&nbsp;&nbsp; &nbsp;&nbsp;<\/strong>V\u00fdpredajov\u00e9 polo\u017eky s\u00fa KONE\u010cN\u00dd V\u00ddPREDAJ a nie je mo\u017en\u00e9 ich vr\u00e1ti\u0165.<\/p>\n\n\n\n<p><strong>OT\u00c1ZKY<br><\/strong><\/p>\n\n\n\n<p>Ak m\u00e1te ak\u00e9ko\u013evek ot\u00e1zky t\u00fdkaj\u00face sa na\u0161ich z\u00e1sad vr\u00e1tenia tovaru, kontaktujte n\u00e1s na adrese:<\/p>\n\n\n\n<p><a href=\"mailto:support@customywear.com\"><strong>support@customywear.com<\/strong><\/a><\/p>","protected":false},"excerpt":{"rendered":"<p>Refund and Returns Policy RETURN POLICY Last updated August 17, 2024 Thank you for your purchase. We hope you are happy with your purchase. However, if you are not completely satisfied with your purchase for any reason and your product is eligible to return, you may return it to us for&nbsp;a full refund or an [&hellip;]<\/p>\n","protected":false},"author":2,"featured_media":0,"parent":0,"menu_order":0,"comment_status":"closed","ping_status":"closed","template":"template-fullwidth-no-heading.php","meta":{"_acf_changed":false,"footnotes":""},"class_list":["post-7277","page","type-page","status-publish","hentry"],"acf":[],"_links":{"self":[{"href":"https:\/\/www.customywear.com\/sk\/wp-json\/wp\/v2\/pages\/7277","targetHints":{"allow":["GET"]}}],"collection":[{"href":"https:\/\/www.customywear.com\/sk\/wp-json\/wp\/v2\/pages"}],"about":[{"href":"https:\/\/www.customywear.com\/sk\/wp-json\/wp\/v2\/types\/page"}],"author":[{"embeddable":true,"href":"https:\/\/www.customywear.com\/sk\/wp-json\/wp\/v2\/users\/2"}],"replies":[{"embeddable":true,"href":"https:\/\/www.customywear.com\/sk\/wp-json\/wp\/v2\/comments?post=7277"}],"version-history":[{"count":0,"href":"https:\/\/www.customywear.com\/sk\/wp-json\/wp\/v2\/pages\/7277\/revisions"}],"wp:attachment":[{"href":"https:\/\/www.customywear.com\/sk\/wp-json\/wp\/v2\/media?parent=7277"}],"curies":[{"name":"wp","href":"https:\/\/api.w.org\/{rel}","templated":true}]}}