{"id":127062,"date":"2025-02-11T14:54:18","date_gmt":"2025-02-11T14:54:18","guid":{"rendered":"https:\/\/www.customywear.com\/?post_type=product&#038;p=127062"},"modified":"2026-05-07T15:29:41","modified_gmt":"2026-05-07T15:29:41","slug":"tricko-toddler-chlapec-superhrdina","status":"publish","type":"product","link":"https:\/\/www.customywear.com\/sk\/toddler-boys-custom-superhero-t-shirt\/","title":{"rendered":"Chlap\u010densk\u00e9 tri\u010dko so superhrdinom na mieru"},"content":{"rendered":"<h2>Preme\u0148te fotografiu svojho bato\u013ea\u0165a na superhrdinu<\/h2>\n<p>Predstavujeme na\u0161e tri\u010dko so superhrdinom na mieru pre bato\u013eat\u00e1! Toto jedine\u010dn\u00e9 tri\u010dko v\u00e1m umo\u017en\u00ed digit\u00e1lne premeni\u0165 fotografiu v\u00e1\u0161ho die\u0165a\u0165a na skvel\u00fa personalizovan\u00fa postavu superhrdinu. Va\u0161e die\u0165a sa bude c\u00edti\u0165 v\u00fdnimo\u010dne v tri\u010dku vyrobenom len pre neho, v\u010faka \u010domu je to perfektn\u00fd dar\u010dek pre milovn\u00edkov komiksov o superhrdinoch!<\/p>\n<h2>Kvalita, ktorej m\u00f4\u017eete d\u00f4verova\u0165<\/h2>\n<p>Na\u0161e tri\u010dko je vyroben\u00e9 z m\u00e4kkej 100 % bavlny, tak\u017ee je pohodln\u00e9 a jemn\u00e9 k poko\u017eke v\u00e1\u0161ho bato\u013ea\u0165a. V\u010faka prvotriednym materi\u00e1lom zais\u0165uje odolnos\u0165 a dlh\u00fa \u017eivotnos\u0165, ide\u00e1lne na ka\u017edodenn\u00e9 dobrodru\u017estv\u00e1.<\/p>\n<h2>\u017div\u00e9 dizajny, ktor\u00e9 vydr\u017eia<\/h2>\n<p>Na\u0161e tri\u010dk\u00e1 s vysokokvalitnou DTG potla\u010dou sa m\u00f4\u017eu pochv\u00e1li\u0165 \u017eiv\u00fdmi a trv\u00e1cnymi vzormi. Ka\u017ed\u00e9 digit\u00e1lne umeleck\u00e9 dielo je jedine\u010dn\u00e9, preto\u017ee ho sk\u00fasen\u00ed umelci personalizuj\u00fa pomocou va\u0161ich fotografi\u00ed, \u010d\u00edm zabezpe\u010duj\u00fa pre va\u0161e die\u0165a jedine\u010dn\u00fd superhrdinsk\u00fd z\u00e1\u017eitok.<\/p>","protected":false},"excerpt":{"rendered":"<p>Start young with a Toddler Boy&#8217;s Custom Superhero T-Shirt. Personalized Tees transform any photo into a playful, bold t-shirt.<\/p>","protected":false},"featured_media":127416,"comment_status":"open","ping_status":"closed","template":"","meta":{"_acf_changed":false},"product_brand":[],"product_cat":[6209,6312,6412,6428],"product_tag":[6433,6439,6221],"class_list":{"0":"post-127062","1":"product","2":"type-product","3":"status-publish","4":"has-post-thumbnail","6":"product_cat-toddler-boy-t-shirts","7":"product_cat-custom-gifts-ironman","8":"product_cat-photo-to-tees","9":"product_cat-translate-products","10":"product_tag-ai-artwork","11":"product_tag-ai-kids-artwork","12":"product_tag-custom-t-shirts-near-me","14":"first","15":"instock","16":"taxable","17":"shipping-taxable","18":"purchasable","19":"product-type-simple"},"acf":[],"wcpa_form_fields":null,"_links":{"self":[{"href":"https:\/\/www.customywear.com\/sk\/wp-json\/wp\/v2\/product\/127062","targetHints":{"allow":["GET"]}}],"collection":[{"href":"https:\/\/www.customywear.com\/sk\/wp-json\/wp\/v2\/product"}],"about":[{"href":"https:\/\/www.customywear.com\/sk\/wp-json\/wp\/v2\/types\/product"}],"replies":[{"embeddable":true,"href":"https:\/\/www.customywear.com\/sk\/wp-json\/wp\/v2\/comments?post=127062"}],"wp:featuredmedia":[{"embeddable":true,"href":"https:\/\/www.customywear.com\/sk\/wp-json\/wp\/v2\/media\/127416"}],"wp:attachment":[{"href":"https:\/\/www.customywear.com\/sk\/wp-json\/wp\/v2\/media?parent=127062"}],"wp:term":[{"taxonomy":"product_brand","embeddable":true,"href":"https:\/\/www.customywear.com\/sk\/wp-json\/wp\/v2\/product_brand?post=127062"},{"taxonomy":"product_cat","embeddable":true,"href":"https:\/\/www.customywear.com\/sk\/wp-json\/wp\/v2\/product_cat?post=127062"},{"taxonomy":"product_tag","embeddable":true,"href":"https:\/\/www.customywear.com\/sk\/wp-json\/wp\/v2\/product_tag?post=127062"}],"curies":[{"name":"wp","href":"https:\/\/api.w.org\/{rel}","templated":true}]}}