{"id":127109,"date":"2025-02-11T14:54:40","date_gmt":"2025-02-11T14:54:40","guid":{"rendered":"https:\/\/www.customywear.com\/?post_type=product&#038;p=127109"},"modified":"2026-05-05T20:23:27","modified_gmt":"2026-05-05T20:23:27","slug":"damske-superhrdinske-tricko-ironman-na-mieru","status":"publish","type":"product","link":"https:\/\/www.customywear.com\/sk\/custom-ironman-superhero-t-shirt-for-women\/","title":{"rendered":"Vlastn\u00e9 Ironman Superhrdina T-Shirt pre \u017deny"},"content":{"rendered":"<p>Predstavujeme d\u00e1mske tri\u010dko s mot\u00edvom superhrdinu Ironmana, v ktorom sa va\u0161e ob\u013e\u00faben\u00e9 fotografie premenia na \u00fa\u017easn\u00fa personalizovan\u00fa postavu superhrdinu. Tento jedine\u010dn\u00fd dar\u010dek je ide\u00e1lny pre milovn\u00edkov komiksov so superhrdinami alebo na ak\u00fako\u013evek pr\u00edle\u017eitos\u0165, preto\u017ee sp\u00e1ja z\u00e1bavu a individualitu v jednom \u0161t\u00fdlovom balen\u00ed.<\/p>\n<h2>Pohodlie sa stret\u00e1va s kvalitou<\/h2>\n<p>Vyroben\u00e9 zo 100 % m\u00e4kkej bavlny zais\u0165uje pohodlie a jemnos\u0165 k poko\u017eke. Na\u0161a pr\u00e9miov\u00e1 tkanina zaru\u010duje odolnos\u0165 a dlh\u00fa \u017eivotnos\u0165, v\u010faka \u010domu sa stane z\u00e1kladn\u00fdm k\u00faskom v\u00e1\u0161ho \u0161atn\u00edka.<\/p>\n<h2>\u017div\u00e9 n\u00e1vrhy na mieru<\/h2>\n<p>Vysk\u00fa\u0161ajte vysokokvalitn\u00fa priamu potla\u010d na odev (DTG) pre \u017eiariv\u00e9 a trv\u00e1cne vzory. Ka\u017ed\u00fd kus na mieru je jedine\u010dne personalizovan\u00fd na\u0161imi sk\u00fasen\u00fdmi umelcami, v\u010faka \u010domu je va\u0161e tri\u010dko viac ne\u017e len oble\u010denie \u2013 je to nosite\u013en\u00e9 umeleck\u00e9 dielo, vyroben\u00e9 \u0161peci\u00e1lne pre v\u00e1s!<\/p>","protected":false},"excerpt":{"rendered":"<p>Posilnite \u017eeny pomocou vlastn\u00e9ho tri\u010dka Ironman Superhero. Personalizovan\u00e9 tri\u010dk\u00e1 premenia ak\u00fako\u013evek fotografiu na odv\u00e1\u017ene, jedine\u010dn\u00e9 tri\u010dko Hero.<\/p>","protected":false},"featured_media":127395,"comment_status":"open","ping_status":"closed","template":"","meta":{"_acf_changed":false},"product_brand":[],"product_cat":[6191,6312,6412,6428,75,6350],"product_tag":[6214,6433,6328,229,6215],"class_list":{"0":"post-127109","1":"product","2":"type-product","3":"status-publish","4":"has-post-thumbnail","6":"product_cat-t-shirts-women","7":"product_cat-custom-gifts-ironman","8":"product_cat-photo-to-tees","9":"product_cat-translate-products","10":"product_cat-women","11":"product_cat-womens-superhero-t-shirts","12":"product_tag-affordable-custom-t-shirts","13":"product_tag-ai-artwork","14":"product_tag-custom-image-t-shirt-for-women","15":"product_tag-custom-tee-shirts","16":"product_tag-screen-printing-near-me","18":"first","19":"instock","20":"taxable","21":"shipping-taxable","22":"purchasable","23":"product-type-simple"},"acf":[],"wcpa_form_fields":null,"_links":{"self":[{"href":"https:\/\/www.customywear.com\/sk\/wp-json\/wp\/v2\/product\/127109","targetHints":{"allow":["GET"]}}],"collection":[{"href":"https:\/\/www.customywear.com\/sk\/wp-json\/wp\/v2\/product"}],"about":[{"href":"https:\/\/www.customywear.com\/sk\/wp-json\/wp\/v2\/types\/product"}],"replies":[{"embeddable":true,"href":"https:\/\/www.customywear.com\/sk\/wp-json\/wp\/v2\/comments?post=127109"}],"wp:featuredmedia":[{"embeddable":true,"href":"https:\/\/www.customywear.com\/sk\/wp-json\/wp\/v2\/media\/127395"}],"wp:attachment":[{"href":"https:\/\/www.customywear.com\/sk\/wp-json\/wp\/v2\/media?parent=127109"}],"wp:term":[{"taxonomy":"product_brand","embeddable":true,"href":"https:\/\/www.customywear.com\/sk\/wp-json\/wp\/v2\/product_brand?post=127109"},{"taxonomy":"product_cat","embeddable":true,"href":"https:\/\/www.customywear.com\/sk\/wp-json\/wp\/v2\/product_cat?post=127109"},{"taxonomy":"product_tag","embeddable":true,"href":"https:\/\/www.customywear.com\/sk\/wp-json\/wp\/v2\/product_tag?post=127109"}],"curies":[{"name":"wp","href":"https:\/\/api.w.org\/{rel}","templated":true}]}}