{"id":127138,"date":"2025-02-11T14:54:43","date_gmt":"2025-02-11T14:54:43","guid":{"rendered":"https:\/\/www.customywear.com\/?post_type=product&#038;p=127138"},"modified":"2026-05-05T20:24:06","modified_gmt":"2026-05-05T20:24:06","slug":"vlastne-superhrdinske-tricko-ironman-s-vasou-fotografiou","status":"publish","type":"product","link":"https:\/\/www.customywear.com\/sk\/custom-ironman-superhero-t-shirt-with-your-photo\/","title":{"rendered":"Vlastn\u00e9 Ironman Superhrdina T-Shirt s Va\u0161ej Fotografie"},"content":{"rendered":"<p>Predstavujeme na\u0161e tri\u010dko s mot\u00edvom superhrdinu Ironmana na mieru, kde sa va\u0161e fotografie stan\u00fa jedine\u010dnou postavou superhrdinu! Toto tri\u010dko je perfektn\u00fdm dar\u010dekom pre milovn\u00edkov komiksov so superhrdinami alebo na ak\u00fako\u013evek pr\u00edle\u017eitos\u0165, ktor\u00e1 si vy\u017eaduje \u0161peci\u00e1lny n\u00e1dych. S d\u00f4razom na pohodlie je vyroben\u00e9 zo 100 % m\u00e4kkej bavlny, ktor\u00e1 zais\u0165uje jemn\u00fd pocit na poko\u017eke. Pr\u00e9miov\u00fd materi\u00e1l ho rob\u00ed odoln\u00fdm a dlhotrvaj\u00facim, zatia\u013e \u010do be\u017en\u00fd strih je vhodn\u00fd pre mu\u017eov aj \u017eeny, v\u010faka \u010domu je v\u0161estrann\u00fdm doplnkom ka\u017ed\u00e9ho \u0161atn\u00edka.<\/p>\n<h2>Kvalita, ktorej m\u00f4\u017eete d\u00f4verova\u0165<\/h2>\n<p>Na\u0161e tri\u010dk\u00e1 s\u00fa potla\u010den\u00e9 vysokokvalitnou DTG tla\u010dou, v\u00fdsledkom \u010doho s\u00fa \u017eiv\u00e9 a trv\u00e1cne vzory. Ka\u017ed\u00fd kus je personalizovan\u00fd na\u0161imi sk\u00fasen\u00fdmi umelcami, ktor\u00ed premie\u0148aj\u00fa va\u0161e milovan\u00e9 fotografie na mimoriadne digit\u00e1lne umenie. Je to sp\u00f4sob, ako vyjadri\u0165 svoju individualitu a z\u00e1rove\u0148 osl\u00e1vi\u0165 svojho ob\u013e\u00faben\u00e9ho superhrdinu!<\/p>\n<h2>Ide\u00e1lne pre ka\u017ed\u00fa pr\u00edle\u017eitos\u0165<\/h2>\n<p>Toto tri\u010dko s mot\u00edvom superhrdinu Ironmana na mieru je nielen \u0161t\u00fdlov\u00e9, ale aj praktick\u00e9 na ka\u017edodenn\u00e9 nosenie, v\u010faka \u010domu je vhodn\u00e9 na be\u017en\u00e9 v\u00fdlety, dar\u010deky alebo jednoducho na vyjadrenie va\u0161ej v\u00e1\u0161ne pre komiksov\u00fdch hrdinov. Vyniknite jedine\u010dn\u00fdm dizajnom, ktor\u00fd odr\u00e1\u017ea va\u0161u identitu!<\/p>","protected":false},"excerpt":{"rendered":"<p>O\u017eivte hrdinstvo pomocou vlastn\u00e9ho tri\u010dka Ironman Superhero s fotografiou. Personalizovan\u00e9 tri\u010dk\u00e1 premenia ak\u00fako\u013evek fotografiu na jedine\u010dn\u00e9 tri\u010dko in\u0161pirovan\u00e9 akciou.<\/p>","protected":false},"featured_media":127374,"comment_status":"open","ping_status":"closed","template":"","meta":{"_acf_changed":false},"product_brand":[6313],"product_cat":[6195,6312,186,6336,6412,6428],"product_tag":[6433,6327,6216,6168],"class_list":{"0":"post-127138","1":"product","2":"type-product","3":"status-publish","4":"has-post-thumbnail","6":"product_brand-customywear","7":"product_cat-t-shirts-men","8":"product_cat-custom-gifts-ironman","9":"product_cat-men","10":"product_cat-mens-superhero-t-shirts","11":"product_cat-photo-to-tees","12":"product_cat-translate-products","13":"product_tag-ai-artwork","14":"product_tag-custom-photo-t-shirt-for-men","15":"product_tag-mens-custom-t-shirts","16":"product_tag-unique-superhero-tees","18":"first","19":"instock","20":"taxable","21":"shipping-taxable","22":"purchasable","23":"product-type-simple"},"acf":[],"wcpa_form_fields":null,"_links":{"self":[{"href":"https:\/\/www.customywear.com\/sk\/wp-json\/wp\/v2\/product\/127138","targetHints":{"allow":["GET"]}}],"collection":[{"href":"https:\/\/www.customywear.com\/sk\/wp-json\/wp\/v2\/product"}],"about":[{"href":"https:\/\/www.customywear.com\/sk\/wp-json\/wp\/v2\/types\/product"}],"replies":[{"embeddable":true,"href":"https:\/\/www.customywear.com\/sk\/wp-json\/wp\/v2\/comments?post=127138"}],"wp:featuredmedia":[{"embeddable":true,"href":"https:\/\/www.customywear.com\/sk\/wp-json\/wp\/v2\/media\/127374"}],"wp:attachment":[{"href":"https:\/\/www.customywear.com\/sk\/wp-json\/wp\/v2\/media?parent=127138"}],"wp:term":[{"taxonomy":"product_brand","embeddable":true,"href":"https:\/\/www.customywear.com\/sk\/wp-json\/wp\/v2\/product_brand?post=127138"},{"taxonomy":"product_cat","embeddable":true,"href":"https:\/\/www.customywear.com\/sk\/wp-json\/wp\/v2\/product_cat?post=127138"},{"taxonomy":"product_tag","embeddable":true,"href":"https:\/\/www.customywear.com\/sk\/wp-json\/wp\/v2\/product_tag?post=127138"}],"curies":[{"name":"wp","href":"https:\/\/api.w.org\/{rel}","templated":true}]}}