{"id":127477,"date":"2025-02-18T10:29:50","date_gmt":"2025-02-18T10:29:50","guid":{"rendered":"https:\/\/www.customywear.com\/?post_type=product&#038;p=127477"},"modified":"2026-05-07T15:29:41","modified_gmt":"2026-05-07T15:29:41","slug":"chlapcenske-neonove-led-tricko","status":"publish","type":"product","link":"https:\/\/www.customywear.com\/sk\/custom-neon-led-tshirt-boys\/","title":{"rendered":"Vlastn\u00e9 Neon LED Znamenie T-Shirt pre Chlapcov \u2013 Osobn\u00e9 Fotografie Znak Tee, Jedine\u010dn\u00fd Dar\u010dek pre Deti"},"content":{"rendered":"<h2 class=\"wp-block-heading\">Preme\u0148te fotografie svojich det\u00ed<\/h2>\r\n<p>Vd\u00fdchnite \u017eivot fant\u00e1zii v\u00e1\u0161ho die\u0165a\u0165a s na\u0161\u00edm tri\u010dkom s ne\u00f3nov\u00fdm LED n\u00e1pisom na mieru pre chlapcov! Na\u0161i zru\u010dn\u00ed umelci digit\u00e1lne premenia fotografie v\u00e1\u0161ho die\u0165a\u0165a na \u017eiariv\u00fa postavi\u010dku so sveteln\u00fdm efektom, \u010d\u00edm zabezpe\u010dia jedine\u010dn\u00fd a osobn\u00fd n\u00e1dych.<\/p>\r\n<h2>Ide\u00e1lne pre ka\u017ed\u00fa pr\u00edle\u017eitos\u0165<\/h2>\r\n<p>Toto personalizovan\u00e9 tri\u010dko je ide\u00e1lnym dar\u010dekom pre milovn\u00edkov ne\u00f3nov\u00fdch LED svetiel alebo na \u0161peci\u00e1lne pr\u00edle\u017eitosti, ako s\u00fa narodeniny, Vianoce \u010di svadby. Va\u0161e die\u0165a si zamiluje nosenie jeho jedine\u010dn\u00e9ho dizajnu, nech ide kamko\u013evek!<\/p>\r\n<h2>Kvalita, ktor\u00e1 pretrv\u00e1<\/h2>\r\n<p>Na\u0161e tri\u010dk\u00e1 s\u00fa vyroben\u00e9 zo 100 % m\u00e4kkej bavlny a poskytuj\u00fa maxim\u00e1lne pohodlie. Pr\u00e9miov\u00e1 kvalita zaru\u010duje odolnos\u0165 a vysoko kvalitn\u00e1 priama potla\u010d na odev zaru\u010duje \u017eiariv\u00e9 a trv\u00e1cne vzory. Vyniknite s na\u0161\u00edm tri\u010dkom s ne\u00f3nov\u00fdm LED n\u00e1pisom na mieru e\u0161te dnes!<\/p>\r\n<p><strong>POZOR:<\/strong> Toto tri\u010dko nebude svieti\u0165. Ide o umeleck\u00e9 dielo v ne\u00f3novom LED \u0161t\u00fdle.<\/p>","protected":false},"excerpt":{"rendered":"<p>Roz\u017eiarte sa s vlastn\u00fdm tri\u010dkom s ne\u00f3nov\u00fdm LED n\u00e1pisom pre chlapcov. Personalizovan\u00e9 tri\u010dk\u00e1 premie\u0148aj\u00fa fotografie na \u017eiv\u00e9 ne\u00f3nov\u00e9 dizajny post\u00e1v pre deti.<\/p>","protected":false},"featured_media":127698,"comment_status":"open","ping_status":"closed","template":"","meta":{"_acf_changed":false},"product_brand":[],"product_cat":[6189,6314,6412,6428],"product_tag":[6433,6439,6221,6330],"class_list":{"0":"post-127477","1":"product","2":"type-product","3":"status-publish","4":"has-post-thumbnail","6":"product_cat-boys-t-shirts","7":"product_cat-custom-gifts-neon-led","8":"product_cat-photo-to-tees","9":"product_cat-translate-products","10":"product_tag-ai-artwork","11":"product_tag-ai-kids-artwork","12":"product_tag-custom-t-shirts-near-me","13":"product_tag-photo-print-t-shirt-for-boys","15":"first","16":"instock","17":"taxable","18":"shipping-taxable","19":"purchasable","20":"product-type-simple"},"acf":[],"wcpa_form_fields":null,"_links":{"self":[{"href":"https:\/\/www.customywear.com\/sk\/wp-json\/wp\/v2\/product\/127477","targetHints":{"allow":["GET"]}}],"collection":[{"href":"https:\/\/www.customywear.com\/sk\/wp-json\/wp\/v2\/product"}],"about":[{"href":"https:\/\/www.customywear.com\/sk\/wp-json\/wp\/v2\/types\/product"}],"replies":[{"embeddable":true,"href":"https:\/\/www.customywear.com\/sk\/wp-json\/wp\/v2\/comments?post=127477"}],"wp:featuredmedia":[{"embeddable":true,"href":"https:\/\/www.customywear.com\/sk\/wp-json\/wp\/v2\/media\/127698"}],"wp:attachment":[{"href":"https:\/\/www.customywear.com\/sk\/wp-json\/wp\/v2\/media?parent=127477"}],"wp:term":[{"taxonomy":"product_brand","embeddable":true,"href":"https:\/\/www.customywear.com\/sk\/wp-json\/wp\/v2\/product_brand?post=127477"},{"taxonomy":"product_cat","embeddable":true,"href":"https:\/\/www.customywear.com\/sk\/wp-json\/wp\/v2\/product_cat?post=127477"},{"taxonomy":"product_tag","embeddable":true,"href":"https:\/\/www.customywear.com\/sk\/wp-json\/wp\/v2\/product_tag?post=127477"}],"curies":[{"name":"wp","href":"https:\/\/api.w.org\/{rel}","templated":true}]}}