{"id":127599,"date":"2025-02-18T10:29:51","date_gmt":"2025-02-18T10:29:51","guid":{"rendered":"https:\/\/www.customywear.com\/?post_type=product&#038;p=127599"},"modified":"2026-05-07T15:29:41","modified_gmt":"2026-05-07T15:29:41","slug":"personalizovane-neon-led-tricko-male-deti-dievcata","status":"publish","type":"product","link":"https:\/\/www.customywear.com\/sk\/custom-neon-led-tshirt-toddler-girls\/","title":{"rendered":"Tri\u010dko s ne\u00f3nov\u00fdm LED displejom na mieru pre bato\u013eat\u00e1 \u2013 personalizovan\u00e9 tri\u010dko s postavi\u010dkou a fotografiou, jedine\u010dn\u00fd dar\u010dek pre deti"},"content":{"rendered":"<h2 class=\"wp-block-heading\">Preme\u0148te fotografie svojich det\u00ed<\/h2>\r\n<p>Predstavujeme diev\u010datk\u00e1m tri\u010dko s ne\u00f3nov\u00fdm LED podpisom na mieru \u2013 jedine\u010dn\u00fd sp\u00f4sob, ako osl\u00e1vi\u0165 individualitu v\u00e1\u0161ho die\u0165a\u0165a! Digit\u00e1lne transformujeme fotografie v\u00e1\u0161ho die\u0165a\u0165a na \u017eiariv\u00e9 postavi\u010dky v \u0161t\u00fdle LED svetiel, ktor\u00e9 s\u00fa ide\u00e1lne na to, aby sa pri ka\u017edej pr\u00edle\u017eitosti trblietali.<\/p>\r\n<h2>Ide\u00e1lne pre ka\u017ed\u00fa pr\u00edle\u017eitos\u0165<\/h2>\r\n<p>Toto tri\u010dko je premyslen\u00fdm dar\u010dekom pre milovn\u00edkov ne\u00f3nov\u00fdch LED svetiel. \u010ci u\u017e ide o narodeniny, Vianoce alebo svadbu, tento personalizovan\u00fd dizajn ur\u010dite zap\u00f4sob\u00ed. Ka\u017ed\u00fd kus je vyroben\u00fd tak, aby steles\u0148oval z\u00e1bavn\u00fa a hrav\u00fa podstatu, ktor\u00fa bato\u013eat\u00e1 zbo\u017e\u0148uj\u00fa.<\/p>\r\n<h2>Kvalita, ktorej m\u00f4\u017eete d\u00f4verova\u0165<\/h2>\r\n<p>Ka\u017ed\u00e9 tri\u010dko s ne\u00f3nov\u00fdm LED n\u00e1pisom na mieru, vyroben\u00e9 zo 100 % m\u00e4kkej bavlny, je nielen pohodln\u00e9, ale aj prvotriednej kvality a odoln\u00e9. Na\u0161a vysokokvalitn\u00e1 DTG potla\u010d zaru\u010duje \u017eiv\u00e9 a trv\u00e1cne vzory, zatia\u013e \u010do jedine\u010dn\u00e9 digit\u00e1lne umenie ka\u017ed\u00e9ho tri\u010dka je s l\u00e1skou vytvoren\u00e9 sk\u00fasen\u00fdmi umelcami. Objavte rados\u0165 z personalizovan\u00e9ho dar\u010deka e\u0161te dnes!<\/p>","protected":false},"excerpt":{"rendered":"<p>Roz\u017eiarte pre najmen\u0161\u00edch tri\u010dko s ne\u00f3nov\u00fdm LED n\u00e1pisom pre bato\u013eat\u00e1. Personalizovan\u00e9 tri\u010dk\u00e1 premie\u0148aj\u00fa fotografie na z\u00e1bavn\u00e9 ne\u00f3nov\u00e9 n\u00e1vrhy post\u00e1v.<\/p>","protected":false},"featured_media":127731,"comment_status":"open","ping_status":"closed","template":"","meta":{"_acf_changed":false},"product_brand":[],"product_cat":[6207,6314,6412,6428],"product_tag":[6433,6439,6221],"class_list":{"0":"post-127599","1":"product","2":"type-product","3":"status-publish","4":"has-post-thumbnail","6":"product_cat-toddler-girl-t-shirts","7":"product_cat-custom-gifts-neon-led","8":"product_cat-photo-to-tees","9":"product_cat-translate-products","10":"product_tag-ai-artwork","11":"product_tag-ai-kids-artwork","12":"product_tag-custom-t-shirts-near-me","14":"first","15":"instock","16":"taxable","17":"shipping-taxable","18":"purchasable","19":"product-type-simple"},"acf":[],"wcpa_form_fields":null,"_links":{"self":[{"href":"https:\/\/www.customywear.com\/sk\/wp-json\/wp\/v2\/product\/127599","targetHints":{"allow":["GET"]}}],"collection":[{"href":"https:\/\/www.customywear.com\/sk\/wp-json\/wp\/v2\/product"}],"about":[{"href":"https:\/\/www.customywear.com\/sk\/wp-json\/wp\/v2\/types\/product"}],"replies":[{"embeddable":true,"href":"https:\/\/www.customywear.com\/sk\/wp-json\/wp\/v2\/comments?post=127599"}],"wp:featuredmedia":[{"embeddable":true,"href":"https:\/\/www.customywear.com\/sk\/wp-json\/wp\/v2\/media\/127731"}],"wp:attachment":[{"href":"https:\/\/www.customywear.com\/sk\/wp-json\/wp\/v2\/media?parent=127599"}],"wp:term":[{"taxonomy":"product_brand","embeddable":true,"href":"https:\/\/www.customywear.com\/sk\/wp-json\/wp\/v2\/product_brand?post=127599"},{"taxonomy":"product_cat","embeddable":true,"href":"https:\/\/www.customywear.com\/sk\/wp-json\/wp\/v2\/product_cat?post=127599"},{"taxonomy":"product_tag","embeddable":true,"href":"https:\/\/www.customywear.com\/sk\/wp-json\/wp\/v2\/product_tag?post=127599"}],"curies":[{"name":"wp","href":"https:\/\/api.w.org\/{rel}","templated":true}]}}