{"id":127763,"date":"2025-03-04T14:47:48","date_gmt":"2025-03-04T14:47:48","guid":{"rendered":"https:\/\/www.customywear.com\/?post_type=product&#038;p=127763"},"modified":"2026-05-07T15:29:41","modified_gmt":"2026-05-07T15:29:41","slug":"personalizovane-dievcenske-discgolfove-tricko","status":"publish","type":"product","link":"https:\/\/www.customywear.com\/sk\/personalized-disc-golf-tshirt-girls\/","title":{"rendered":"Osobn\u00e9 Disc Golf Tri\u010dko pre Diev\u010dat\u00e1 \u2013 Vlastn\u00e9 Ml\u00e1de\u017e Disc Golf Tri\u010dko s Digital Art"},"content":{"rendered":"<p>Toto tri\u010dko s discgolfovou tematikou pre diev\u010dat\u00e1 je jedine\u010dnou zmesou z\u00e1bavy a personaliz\u00e1cie. Fotografie v\u00e1\u0161ho die\u0165a\u0165a digit\u00e1lne premen\u00edme na postavu na mieru, ktor\u00e1 ho predstav\u00ed ako zru\u010dn\u00e9ho discgolfistu. Toto tri\u010dko je vyroben\u00e9 zo super m\u00e4kkej 100 % bavlny a zaru\u010duje pohodlie a odolnos\u0165 pri celodennom nosen\u00ed. V\u010faka vysoko kvalitnej DTG potla\u010di s\u00fa \u017eiariv\u00e9 vzory navrhnut\u00e9 tak, aby vydr\u017eali, v\u010faka \u010domu je toto tri\u010dko perfektn\u00fdm dar\u010dekom pre ka\u017ed\u00e9ho nad\u0161enca alebo hr\u00e1\u010da discgolfu. Ide\u00e1lne na narodeniny, Vianoce, svadby alebo len tak na spr\u00edjemnenie d\u0148a v\u00e1\u0161ho mlad\u00e9ho \u0161portovca, ka\u017ed\u00fd dizajn je jedine\u010dn\u00fdm majstrovsk\u00fdm dielom vytvoren\u00fdm zru\u010dn\u00fdmi umelcami. Oslavujte l\u00e1sku v\u00e1\u0161ho die\u0165a\u0165a k discgolfu nie\u010d\u00edm \u0161peci\u00e1lnym a osobn\u00fdm!<\/p>","protected":false},"excerpt":{"rendered":"<p>Hru s personalizovan\u00fdm discgolfov\u00fdm tri\u010dkom pre diev\u010dat\u00e1. Vlastn\u00e9 ml\u00e1de\u017en\u00edcke discgolfov\u00e9 tri\u010dk\u00e1 premenia ak\u00fako\u013evek fotografiu na hrav\u00e9, \u0161portov\u00e9 tri\u010dko.<\/p>","protected":false},"featured_media":127913,"comment_status":"open","ping_status":"closed","template":"","meta":{"_acf_changed":false},"product_brand":[],"product_cat":[6193,6315,152,6412,6428,58],"product_tag":[6433,6439,6331,6221],"class_list":{"0":"post-127763","1":"product","2":"type-product","3":"status-publish","4":"has-post-thumbnail","6":"product_cat-girls-t-shirts","7":"product_cat-custom-gifts-disc-golf","8":"product_cat-girls","9":"product_cat-photo-to-tees","10":"product_cat-translate-products","11":"product_cat-youth-kids","12":"product_tag-ai-artwork","13":"product_tag-ai-kids-artwork","14":"product_tag-custom-picture-t-shirt-for-girls","15":"product_tag-custom-t-shirts-near-me","17":"first","18":"instock","19":"taxable","20":"shipping-taxable","21":"purchasable","22":"product-type-simple"},"acf":[],"wcpa_form_fields":null,"_links":{"self":[{"href":"https:\/\/www.customywear.com\/sk\/wp-json\/wp\/v2\/product\/127763","targetHints":{"allow":["GET"]}}],"collection":[{"href":"https:\/\/www.customywear.com\/sk\/wp-json\/wp\/v2\/product"}],"about":[{"href":"https:\/\/www.customywear.com\/sk\/wp-json\/wp\/v2\/types\/product"}],"replies":[{"embeddable":true,"href":"https:\/\/www.customywear.com\/sk\/wp-json\/wp\/v2\/comments?post=127763"}],"wp:featuredmedia":[{"embeddable":true,"href":"https:\/\/www.customywear.com\/sk\/wp-json\/wp\/v2\/media\/127913"}],"wp:attachment":[{"href":"https:\/\/www.customywear.com\/sk\/wp-json\/wp\/v2\/media?parent=127763"}],"wp:term":[{"taxonomy":"product_brand","embeddable":true,"href":"https:\/\/www.customywear.com\/sk\/wp-json\/wp\/v2\/product_brand?post=127763"},{"taxonomy":"product_cat","embeddable":true,"href":"https:\/\/www.customywear.com\/sk\/wp-json\/wp\/v2\/product_cat?post=127763"},{"taxonomy":"product_tag","embeddable":true,"href":"https:\/\/www.customywear.com\/sk\/wp-json\/wp\/v2\/product_tag?post=127763"}],"curies":[{"name":"wp","href":"https:\/\/api.w.org\/{rel}","templated":true}]}}