{"id":127780,"date":"2025-03-04T14:47:48","date_gmt":"2025-03-04T14:47:48","guid":{"rendered":"https:\/\/www.customywear.com\/?post_type=product&#038;p=127780"},"modified":"2026-05-07T15:29:41","modified_gmt":"2026-05-07T15:29:41","slug":"tricko-skupina-disc-golf-personalizovane","status":"publish","type":"product","link":"https:\/\/www.customywear.com\/sk\/personalized-disc-golf-tshirt-boys\/","title":{"rendered":"Osobn\u00e9 Disc Golf T-Shirt pre Chlapcov \u2013 Vlastn\u00e9 Ml\u00e1de\u017e Disc Golf Hr\u00e1\u010d Tri\u010dko"},"content":{"rendered":"<p>Prebu\u010fte v\u00e1\u0161e\u0148 v\u00e1\u0161ho die\u0165a\u0165a pre discgolf s na\u0161\u00edm tri\u010dkom s discgolfovou tematikou, ktor\u00e9 je ur\u010den\u00e9 v\u00fdhradne pre mlad\u00fdch chlapcov! Fotografie v\u00e1\u0161ho die\u0165a\u0165a digit\u00e1lne premen\u00edme na jedine\u010dn\u00fa postavu hr\u00e1\u010da discgolfu, ktor\u00e1 zachyt\u00e1va vzru\u0161enie z hry. Toto tri\u010dko je vyroben\u00e9 zo 100 % m\u00e4kkej bavlny a pon\u00faka maxim\u00e1lne pohodlie a odolnos\u0165, v\u010faka \u010domu je ide\u00e1lne na hranie aj ka\u017edodenn\u00e9 nosenie. V\u010faka vysoko kvalitnej a \u017eiarivej DTG potla\u010di m\u00e1 ka\u017ed\u00e9 tri\u010dko jedine\u010dn\u00fd dizajn vytvoren\u00fd zru\u010dn\u00fdmi umelcami. \u010ci u\u017e ide o narodeniny, Vianoce, svadby alebo len tak pre ni\u010d za ni\u010d, tento personalizovan\u00fd dar\u010dek ur\u010dite pote\u0161\u00ed ka\u017ed\u00e9ho mlad\u00e9ho nad\u0161enca discgolfu!<\/p>","protected":false},"excerpt":{"rendered":"<p>Hrajte \u0161t\u00fdlovo s personalizovan\u00fdm discgolfov\u00fdm tri\u010dkom pre chlapcov. Vlastn\u00e9 ko\u0161ele pre ml\u00e1de\u017en\u00edcky discgolf premenia ak\u00fako\u013evek fotografiu na z\u00e1bavn\u00e9, jedine\u010dn\u00e9 tri\u010dko.<\/p>","protected":false},"featured_media":127934,"comment_status":"open","ping_status":"closed","template":"","meta":{"_acf_changed":false},"product_brand":[],"product_cat":[6189,6315,6412,6428],"product_tag":[6433,6439,6221,6330],"class_list":{"0":"post-127780","1":"product","2":"type-product","3":"status-publish","4":"has-post-thumbnail","6":"product_cat-boys-t-shirts","7":"product_cat-custom-gifts-disc-golf","8":"product_cat-photo-to-tees","9":"product_cat-translate-products","10":"product_tag-ai-artwork","11":"product_tag-ai-kids-artwork","12":"product_tag-custom-t-shirts-near-me","13":"product_tag-photo-print-t-shirt-for-boys","15":"first","16":"instock","17":"taxable","18":"shipping-taxable","19":"purchasable","20":"product-type-simple"},"acf":[],"wcpa_form_fields":null,"_links":{"self":[{"href":"https:\/\/www.customywear.com\/sk\/wp-json\/wp\/v2\/product\/127780","targetHints":{"allow":["GET"]}}],"collection":[{"href":"https:\/\/www.customywear.com\/sk\/wp-json\/wp\/v2\/product"}],"about":[{"href":"https:\/\/www.customywear.com\/sk\/wp-json\/wp\/v2\/types\/product"}],"replies":[{"embeddable":true,"href":"https:\/\/www.customywear.com\/sk\/wp-json\/wp\/v2\/comments?post=127780"}],"wp:featuredmedia":[{"embeddable":true,"href":"https:\/\/www.customywear.com\/sk\/wp-json\/wp\/v2\/media\/127934"}],"wp:attachment":[{"href":"https:\/\/www.customywear.com\/sk\/wp-json\/wp\/v2\/media?parent=127780"}],"wp:term":[{"taxonomy":"product_brand","embeddable":true,"href":"https:\/\/www.customywear.com\/sk\/wp-json\/wp\/v2\/product_brand?post=127780"},{"taxonomy":"product_cat","embeddable":true,"href":"https:\/\/www.customywear.com\/sk\/wp-json\/wp\/v2\/product_cat?post=127780"},{"taxonomy":"product_tag","embeddable":true,"href":"https:\/\/www.customywear.com\/sk\/wp-json\/wp\/v2\/product_tag?post=127780"}],"curies":[{"name":"wp","href":"https:\/\/api.w.org\/{rel}","templated":true}]}}