{"id":127797,"date":"2025-03-04T14:47:49","date_gmt":"2025-03-04T14:47:49","guid":{"rendered":"https:\/\/www.customywear.com\/?post_type=product&#038;p=127797"},"modified":"2026-05-07T15:29:41","modified_gmt":"2026-05-07T15:29:41","slug":"personalizovane-discgolfove-tricko-pre-chlapcov-pre-batolata","status":"publish","type":"product","link":"https:\/\/www.customywear.com\/sk\/personalized-disc-golf-tshirt-toddler-boys\/","title":{"rendered":"Personalizovan\u00e9 tri\u010dko s discgolfom pre bato\u013eat\u00e1 \u2013 detsk\u00e9 tri\u010dko s discgolfom na mieru"},"content":{"rendered":"<p>Predstavujeme na\u0161e tri\u010dko s discgolfom na mieru ur\u010den\u00e9 \u0161peci\u00e1lne pre bato\u013eat\u00e1! Fotografie v\u00e1\u0161ho die\u0165a\u0165a premie\u0148ame na jedine\u010dn\u00e9, \u017eiv\u00e9 postavy hr\u00e1\u010dov discgolfu, ide\u00e1lne na prezent\u00e1ciu jeho l\u00e1sky k tomuto \u0161portu. Toto tri\u010dko je vyroben\u00e9 z m\u00e4kkej 100 % bavlny, je nielen pohodln\u00e9, ale aj odoln\u00e9 a dlho vydr\u017e\u00ed. Na\u0161a vysoko kvalitn\u00e1 DTG potla\u010d zaru\u010duje, \u017ee vzory s\u00fa ostr\u00e9, \u017eiv\u00e9 a dlho vydr\u017eia. \u010ci u\u017e ide o narodeniny, Vianoce alebo ak\u00fako\u013evek \u0161peci\u00e1lnu pr\u00edle\u017eitos\u0165, toto personalizovan\u00e9 tri\u010dko je perfektn\u00fdm dar\u010dekom pre mlad\u00fdch milovn\u00edkov a hr\u00e1\u010dov discgolfu.<\/p>","protected":false},"excerpt":{"rendered":"<p>Za\u010dnite Young s personalizovan\u00fdm discgolfov\u00fdm tri\u010dkom pre bato\u013eat\u00e1 chlapcov. Vlastn\u00e9 ml\u00e1de\u017en\u00edcke discgolfov\u00e9 tri\u010dk\u00e1 premenia ak\u00fako\u013evek fotografiu na hrav\u00e9, jedine\u010dn\u00e9 tri\u010dko.<\/p>","protected":false},"featured_media":127955,"comment_status":"open","ping_status":"closed","template":"","meta":{"_acf_changed":false},"product_brand":[],"product_cat":[6209,6315,6412,6428],"product_tag":[6433,6439,6221],"class_list":{"0":"post-127797","1":"product","2":"type-product","3":"status-publish","4":"has-post-thumbnail","6":"product_cat-toddler-boy-t-shirts","7":"product_cat-custom-gifts-disc-golf","8":"product_cat-photo-to-tees","9":"product_cat-translate-products","10":"product_tag-ai-artwork","11":"product_tag-ai-kids-artwork","12":"product_tag-custom-t-shirts-near-me","14":"first","15":"instock","16":"taxable","17":"shipping-taxable","18":"purchasable","19":"product-type-simple"},"acf":[],"wcpa_form_fields":null,"_links":{"self":[{"href":"https:\/\/www.customywear.com\/sk\/wp-json\/wp\/v2\/product\/127797","targetHints":{"allow":["GET"]}}],"collection":[{"href":"https:\/\/www.customywear.com\/sk\/wp-json\/wp\/v2\/product"}],"about":[{"href":"https:\/\/www.customywear.com\/sk\/wp-json\/wp\/v2\/types\/product"}],"replies":[{"embeddable":true,"href":"https:\/\/www.customywear.com\/sk\/wp-json\/wp\/v2\/comments?post=127797"}],"wp:featuredmedia":[{"embeddable":true,"href":"https:\/\/www.customywear.com\/sk\/wp-json\/wp\/v2\/media\/127955"}],"wp:attachment":[{"href":"https:\/\/www.customywear.com\/sk\/wp-json\/wp\/v2\/media?parent=127797"}],"wp:term":[{"taxonomy":"product_brand","embeddable":true,"href":"https:\/\/www.customywear.com\/sk\/wp-json\/wp\/v2\/product_brand?post=127797"},{"taxonomy":"product_cat","embeddable":true,"href":"https:\/\/www.customywear.com\/sk\/wp-json\/wp\/v2\/product_cat?post=127797"},{"taxonomy":"product_tag","embeddable":true,"href":"https:\/\/www.customywear.com\/sk\/wp-json\/wp\/v2\/product_tag?post=127797"}],"curies":[{"name":"wp","href":"https:\/\/api.w.org\/{rel}","templated":true}]}}