{"id":127844,"date":"2025-03-04T14:47:49","date_gmt":"2025-03-04T14:47:49","guid":{"rendered":"https:\/\/www.customywear.com\/?post_type=product&#038;p=127844"},"modified":"2026-05-05T20:23:26","modified_gmt":"2026-05-05T20:23:26","slug":"damske-personalizovane-discgolfove-tricko","status":"publish","type":"product","link":"https:\/\/www.customywear.com\/sk\/personalized-disc-golf-tshirt-women\/","title":{"rendered":"Osobn\u00e9 Disc Golf T-Shirt pre \u017deny \u2013 Vlastn\u00e1 \u017dena Disc Golf Hr\u00e1\u010d Tri\u010dko"},"content":{"rendered":"<p>Osl\u00e1vte svoju l\u00e1sku k discgolfu s na\u0161\u00edm d\u00e1mskym tri\u010dkom na mieru! Va\u0161e fotografie premen\u00edme na \u017eiv\u00e9, personalizovan\u00e9 postavi\u010dky hr\u00e1\u010dov discgolfu, v\u010faka \u010domu je to perfektn\u00fd dar\u010dek na ka\u017ed\u00fa pr\u00edle\u017eitos\u0165 \u2013 \u010di u\u017e s\u00fa to narodeniny, Vianoce alebo svadby. Na\u0161e tri\u010dk\u00e1 s\u00fa vyroben\u00e9 z m\u00e4kkej 100 % bavlny a pon\u00fakaj\u00fa maxim\u00e1lne pohodlie v pr\u00e9miovej kvalite, ktor\u00e1 zaru\u010duje odolnos\u0165 a dlh\u00fa \u017eivotnos\u0165. Ka\u017ed\u00fd dizajn sa vyzna\u010duje vysoko kvalitnou potla\u010dou priamo na odev (DTG), \u010do znamen\u00e1, \u017ee va\u0161e jedine\u010dn\u00e9 umeleck\u00e9 dielo zostane \u017eiariv\u00e9 po ka\u017edom pran\u00ed. Vyniknite na ihrisku alebo kdeko\u013evek inde s tri\u010dkom, ktor\u00e9 skuto\u010dne odr\u00e1\u017ea va\u0161u v\u00e1\u0161e\u0148!<\/p>","protected":false},"excerpt":{"rendered":"<p>Hrajte odv\u00e1\u017ene s personalizovan\u00fdm discgolfov\u00fdm tri\u010dkom pre \u017eeny. Vlastn\u00e9 \u017eensk\u00e9 discgolfov\u00e9 ko\u0161ele premenia ak\u00fako\u013evek fotografiu na jedine\u010dn\u00e9, \u0161portov\u00e9 tri\u010dko.<\/p>","protected":false},"featured_media":128000,"comment_status":"open","ping_status":"closed","template":"","meta":{"_acf_changed":false},"product_brand":[],"product_cat":[6191,6315,6412,6428,75,6352],"product_tag":[6214,6433,6328,229,6215],"class_list":{"0":"post-127844","1":"product","2":"type-product","3":"status-publish","4":"has-post-thumbnail","6":"product_cat-t-shirts-women","7":"product_cat-custom-gifts-disc-golf","8":"product_cat-photo-to-tees","9":"product_cat-translate-products","10":"product_cat-women","11":"product_cat-womens-sports-t-shirts","12":"product_tag-affordable-custom-t-shirts","13":"product_tag-ai-artwork","14":"product_tag-custom-image-t-shirt-for-women","15":"product_tag-custom-tee-shirts","16":"product_tag-screen-printing-near-me","18":"first","19":"instock","20":"taxable","21":"shipping-taxable","22":"purchasable","23":"product-type-simple"},"acf":[],"wcpa_form_fields":null,"_links":{"self":[{"href":"https:\/\/www.customywear.com\/sk\/wp-json\/wp\/v2\/product\/127844","targetHints":{"allow":["GET"]}}],"collection":[{"href":"https:\/\/www.customywear.com\/sk\/wp-json\/wp\/v2\/product"}],"about":[{"href":"https:\/\/www.customywear.com\/sk\/wp-json\/wp\/v2\/types\/product"}],"replies":[{"embeddable":true,"href":"https:\/\/www.customywear.com\/sk\/wp-json\/wp\/v2\/comments?post=127844"}],"wp:featuredmedia":[{"embeddable":true,"href":"https:\/\/www.customywear.com\/sk\/wp-json\/wp\/v2\/media\/128000"}],"wp:attachment":[{"href":"https:\/\/www.customywear.com\/sk\/wp-json\/wp\/v2\/media?parent=127844"}],"wp:term":[{"taxonomy":"product_brand","embeddable":true,"href":"https:\/\/www.customywear.com\/sk\/wp-json\/wp\/v2\/product_brand?post=127844"},{"taxonomy":"product_cat","embeddable":true,"href":"https:\/\/www.customywear.com\/sk\/wp-json\/wp\/v2\/product_cat?post=127844"},{"taxonomy":"product_tag","embeddable":true,"href":"https:\/\/www.customywear.com\/sk\/wp-json\/wp\/v2\/product_tag?post=127844"}],"curies":[{"name":"wp","href":"https:\/\/api.w.org\/{rel}","templated":true}]}}