{"id":128112,"date":"2025-03-15T15:21:29","date_gmt":"2025-03-15T15:21:29","guid":{"rendered":"https:\/\/www.customywear.com\/?post_type=product&#038;p=128112"},"modified":"2026-05-07T15:29:41","modified_gmt":"2026-05-07T15:29:41","slug":"personalizovane-chlapcenske-baseballove-tricko-pre-batolata","status":"publish","type":"product","link":"https:\/\/www.customywear.com\/sk\/personalized-baseball-tshirt-toddler-boys\/","title":{"rendered":"Personalizovan\u00e9 baseballov\u00e9 tri\u010dko pre bato\u013eat\u00e1 \u2013 tri\u010dko s baseballov\u00fdm hr\u00e1\u010dom s fotografiou na mieru"},"content":{"rendered":"<p>Toto tri\u010dko s bejzbalov\u00fdm mot\u00edvom na mieru pre bato\u013eat\u00e1 je jedine\u010dn\u00fdm sp\u00f4sobom, ako osl\u00e1vi\u0165 l\u00e1sku v\u00e1\u0161ho die\u0165a\u0165a k bejzbalu. S ka\u017ed\u00fdm n\u00e1kupom digit\u00e1lne premen\u00edme fotografiu v\u00e1\u0161ho die\u0165a\u0165a na \u017eiv\u00fa, personalizovan\u00fa postavu bejzbalov\u00e9ho hr\u00e1\u010da, ktor\u00e1 vyzer\u00e1, akoby bola pripraven\u00e1 odp\u00e1li\u0165 homerun! Toto tri\u010dko je vyroben\u00e9 zo 100 % m\u00e4kkej bavlny, zais\u0165uje pohodlie a je \u0161etrn\u00e9 k poko\u017eke v\u00e1\u0161ho die\u0165a\u0165a. Pr\u00e9miov\u00e1 kvalita zaru\u010duje odolnos\u0165, tak\u017ee vydr\u017e\u00ed hranie a perie sa bez vyblednutia. Na\u0161a vysoko kvalitn\u00e1 technika DTG tla\u010de o\u017eivuje dizajn \u017eiv\u00fdmi farbami, zatia\u013e \u010do ka\u017ed\u00fd kus je vyroben\u00fd zru\u010dn\u00fdmi umelcami, ktor\u00ed prid\u00e1vaj\u00fa svoj kreat\u00edvny n\u00e1dych, aby bolo ka\u017ed\u00e9 tri\u010dko jedine\u010dn\u00e9. \u010ci u\u017e na narodeniny, Vianoce alebo ak\u00fako\u013evek \u0161peci\u00e1lnu pr\u00edle\u017eitos\u0165, toto tri\u010dko je perfektn\u00fdm dar\u010dekom pre mal\u00fdch nad\u0161encov bejzbalu.<\/p>","protected":false},"excerpt":{"rendered":"<p>Za\u010dnite mlad\u00fd s personalizovan\u00fdm bejzbalov\u00fdm tri\u010dkom pre bato\u013eat\u00e1 chlapcov. Vlastn\u00e9 tri\u010dk\u00e1 s fotografiami baseballov\u00fdch hr\u00e1\u010dov premenia ak\u00fako\u013evek fotografiu na hrav\u00e9, jedine\u010dn\u00e9 tri\u010dk\u00e1.<\/p>","protected":false},"featured_media":128274,"comment_status":"open","ping_status":"closed","template":"","meta":{"_acf_changed":false},"product_brand":[],"product_cat":[6209,6316,6412,6428],"product_tag":[6433,6439,6221],"class_list":{"0":"post-128112","1":"product","2":"type-product","3":"status-publish","4":"has-post-thumbnail","6":"product_cat-toddler-boy-t-shirts","7":"product_cat-custom-gifts-ai-baseball","8":"product_cat-photo-to-tees","9":"product_cat-translate-products","10":"product_tag-ai-artwork","11":"product_tag-ai-kids-artwork","12":"product_tag-custom-t-shirts-near-me","14":"first","15":"instock","16":"taxable","17":"shipping-taxable","18":"purchasable","19":"product-type-simple"},"acf":[],"wcpa_form_fields":null,"_links":{"self":[{"href":"https:\/\/www.customywear.com\/sk\/wp-json\/wp\/v2\/product\/128112","targetHints":{"allow":["GET"]}}],"collection":[{"href":"https:\/\/www.customywear.com\/sk\/wp-json\/wp\/v2\/product"}],"about":[{"href":"https:\/\/www.customywear.com\/sk\/wp-json\/wp\/v2\/types\/product"}],"replies":[{"embeddable":true,"href":"https:\/\/www.customywear.com\/sk\/wp-json\/wp\/v2\/comments?post=128112"}],"wp:featuredmedia":[{"embeddable":true,"href":"https:\/\/www.customywear.com\/sk\/wp-json\/wp\/v2\/media\/128274"}],"wp:attachment":[{"href":"https:\/\/www.customywear.com\/sk\/wp-json\/wp\/v2\/media?parent=128112"}],"wp:term":[{"taxonomy":"product_brand","embeddable":true,"href":"https:\/\/www.customywear.com\/sk\/wp-json\/wp\/v2\/product_brand?post=128112"},{"taxonomy":"product_cat","embeddable":true,"href":"https:\/\/www.customywear.com\/sk\/wp-json\/wp\/v2\/product_cat?post=128112"},{"taxonomy":"product_tag","embeddable":true,"href":"https:\/\/www.customywear.com\/sk\/wp-json\/wp\/v2\/product_tag?post=128112"}],"curies":[{"name":"wp","href":"https:\/\/api.w.org\/{rel}","templated":true}]}}