{"id":128159,"date":"2025-03-15T15:21:29","date_gmt":"2025-03-15T15:21:29","guid":{"rendered":"https:\/\/www.customywear.com\/?post_type=product&#038;p=128159"},"modified":"2026-05-05T20:23:26","modified_gmt":"2026-05-05T20:23:26","slug":"personalizovane-damske-tricko-baseballoveho-hraca","status":"publish","type":"product","link":"https:\/\/www.customywear.com\/sk\/personalized-baseball-player-tshirt-women\/","title":{"rendered":"Osobn\u00e9 Hr\u00e1\u010d Bejzbalu T-Shirt pre \u017deny \u2013 Vlastn\u00e9 Fotografie Baseball Dar\u010dek"},"content":{"rendered":"<p>Uk\u00e1\u017ete svoju l\u00e1sku k baseballu s na\u0161\u00edm tri\u010dkom s baseballov\u00fdm mot\u00edvom, ktor\u00e9 je navrhnut\u00e9 \u0161peci\u00e1lne pre \u017eeny! Tento jedine\u010dn\u00fd k\u00fasok obsahuje digit\u00e1lne transformovan\u00fa verziu va\u0161ej ob\u013e\u00fabenej fotografie a vytv\u00e1ra personalizovan\u00fa postavu baseballov\u00e9ho hr\u00e1\u010da, ktor\u00e1 v\u00e1s vtiahne do hry. Toto tri\u010dko pr\u00e9miovej kvality je vyroben\u00e9 z m\u00e4kkej 100 % bavlny a zaru\u010duje pohodlie a z\u00e1rove\u0148 sa m\u00f4\u017ee pochv\u00e1li\u0165 \u017eiarivou, vysokokvalitnou potla\u010dou priamo na odev (DTG), ktor\u00e1 vd\u00fdchne \u017eivot v\u00e1\u0161mu jedine\u010dn\u00e9mu dizajnu. Toto tri\u010dko je ide\u00e1lne ako premyslen\u00fd dar\u010dek pre nad\u0161encov baseballu na narodeniny, Vianoce, svadby alebo ak\u00fako\u013evek \u0161peci\u00e1lnu pr\u00edle\u017eitos\u0165. Je to viac ne\u017e len oble\u010denie; je to umeleck\u00e9 dielo na mieru pre v\u00e1s!<\/p>","protected":false},"excerpt":{"rendered":"<p>Darujte \u017een\u00e1m prisp\u00f4soben\u00e9 tri\u010dko pre bejzbalov\u00e9 hr\u00e1\u010dky. Vlastn\u00e9 fotografie Baseballov\u00e9 dar\u010deky premenia ak\u00fako\u013evek fotografiu na odv\u00e1\u017ene, jedine\u010dn\u00e9 tri\u010dko.<\/p>","protected":false},"featured_media":128239,"comment_status":"open","ping_status":"closed","template":"","meta":{"_acf_changed":false},"product_brand":[],"product_cat":[6191,6316,6412,6428,75,6352],"product_tag":[6214,6433,6328,229,6215],"class_list":{"0":"post-128159","1":"product","2":"type-product","3":"status-publish","4":"has-post-thumbnail","6":"product_cat-t-shirts-women","7":"product_cat-custom-gifts-ai-baseball","8":"product_cat-photo-to-tees","9":"product_cat-translate-products","10":"product_cat-women","11":"product_cat-womens-sports-t-shirts","12":"product_tag-affordable-custom-t-shirts","13":"product_tag-ai-artwork","14":"product_tag-custom-image-t-shirt-for-women","15":"product_tag-custom-tee-shirts","16":"product_tag-screen-printing-near-me","18":"first","19":"instock","20":"taxable","21":"shipping-taxable","22":"purchasable","23":"product-type-simple"},"acf":[],"wcpa_form_fields":null,"_links":{"self":[{"href":"https:\/\/www.customywear.com\/sk\/wp-json\/wp\/v2\/product\/128159","targetHints":{"allow":["GET"]}}],"collection":[{"href":"https:\/\/www.customywear.com\/sk\/wp-json\/wp\/v2\/product"}],"about":[{"href":"https:\/\/www.customywear.com\/sk\/wp-json\/wp\/v2\/types\/product"}],"replies":[{"embeddable":true,"href":"https:\/\/www.customywear.com\/sk\/wp-json\/wp\/v2\/comments?post=128159"}],"wp:featuredmedia":[{"embeddable":true,"href":"https:\/\/www.customywear.com\/sk\/wp-json\/wp\/v2\/media\/128239"}],"wp:attachment":[{"href":"https:\/\/www.customywear.com\/sk\/wp-json\/wp\/v2\/media?parent=128159"}],"wp:term":[{"taxonomy":"product_brand","embeddable":true,"href":"https:\/\/www.customywear.com\/sk\/wp-json\/wp\/v2\/product_brand?post=128159"},{"taxonomy":"product_cat","embeddable":true,"href":"https:\/\/www.customywear.com\/sk\/wp-json\/wp\/v2\/product_cat?post=128159"},{"taxonomy":"product_tag","embeddable":true,"href":"https:\/\/www.customywear.com\/sk\/wp-json\/wp\/v2\/product_tag?post=128159"}],"curies":[{"name":"wp","href":"https:\/\/api.w.org\/{rel}","templated":true}]}}