{"id":128392,"date":"2025-03-25T13:57:04","date_gmt":"2025-03-25T13:57:04","guid":{"rendered":"https:\/\/www.customywear.com\/?post_type=product&#038;p=128392"},"modified":"2026-05-07T15:29:41","modified_gmt":"2026-05-07T15:29:41","slug":"tricko-babatko-chlapec-pickleball-na-mieru","status":"publish","type":"product","link":"https:\/\/www.customywear.com\/sk\/custom-toddler-pickleball-tshirt-boys\/","title":{"rendered":"Tri\u010dko s pickleballovou tematikou pre bato\u013eat\u00e1 pre chlapcov \u2013 personalizovan\u00fd dizajn postavy hr\u00e1\u010da s fotografiou"},"content":{"rendered":"<p>Darujte svojmu drobcovi jedine\u010dn\u00fd a z\u00e1bavn\u00fd dar\u010dek v podobe n\u00e1\u0161ho chlap\u010densk\u00e9ho tri\u010dka s mot\u00edvom pickleballu na mieru! Odfot\u00edme va\u0161e die\u0165a a premen\u00edme ho na rozko\u0161n\u00fa personalizovan\u00fa postavi\u010dku hr\u00e1\u010da pickleballu, ktor\u00e1 je ide\u00e1lna pre ka\u017ed\u00e9ho mlad\u00e9ho nad\u0161enca pickleballu. Toto tri\u010dko je vyroben\u00e9 z m\u00e4kkej 100 % bavlny pre prvotriedne pohodlie a odolnos\u0165 a m\u00e1 vysoko kvalitn\u00fa potla\u010d Direct-to-Garment (DTG), ktor\u00e1 zais\u0165uje \u017eiariv\u00e9 farby a trv\u00e1cne vzory. Toto jedine\u010dn\u00e9 tri\u010dko je ide\u00e1lne na narodeniny, Vianoce alebo ak\u00fako\u013evek \u0161peci\u00e1lnu pr\u00edle\u017eitos\u0165 a ur\u010dite vy\u010dar\u00ed \u00fasmev na tv\u00e1ri a podnieti konverz\u00e1ciu!<\/p>","protected":false},"excerpt":{"rendered":"<p>Posilnite mlad\u00fdch chlapcov vlastn\u00fdm tri\u010dkom pre bato\u013eat\u00e1. Personalizovan\u00e9 n\u00e1vrhy post\u00e1v pre prehr\u00e1va\u010de fotografi\u00ed premenia ak\u00fako\u013evek fotografiu na z\u00e1bavn\u00e9, jedine\u010dn\u00e9 tri\u010dk\u00e1.<\/p>","protected":false},"featured_media":128654,"comment_status":"open","ping_status":"closed","template":"","meta":{"_acf_changed":false},"product_brand":[],"product_cat":[6209,6318,6412,6428],"product_tag":[6433,6439,6221],"class_list":{"0":"post-128392","1":"product","2":"type-product","3":"status-publish","4":"has-post-thumbnail","6":"product_cat-toddler-boy-t-shirts","7":"product_cat-custom-gifts-pickleball","8":"product_cat-photo-to-tees","9":"product_cat-translate-products","10":"product_tag-ai-artwork","11":"product_tag-ai-kids-artwork","12":"product_tag-custom-t-shirts-near-me","14":"first","15":"instock","16":"taxable","17":"shipping-taxable","18":"purchasable","19":"product-type-simple"},"acf":[],"wcpa_form_fields":null,"_links":{"self":[{"href":"https:\/\/www.customywear.com\/sk\/wp-json\/wp\/v2\/product\/128392","targetHints":{"allow":["GET"]}}],"collection":[{"href":"https:\/\/www.customywear.com\/sk\/wp-json\/wp\/v2\/product"}],"about":[{"href":"https:\/\/www.customywear.com\/sk\/wp-json\/wp\/v2\/types\/product"}],"replies":[{"embeddable":true,"href":"https:\/\/www.customywear.com\/sk\/wp-json\/wp\/v2\/comments?post=128392"}],"wp:featuredmedia":[{"embeddable":true,"href":"https:\/\/www.customywear.com\/sk\/wp-json\/wp\/v2\/media\/128654"}],"wp:attachment":[{"href":"https:\/\/www.customywear.com\/sk\/wp-json\/wp\/v2\/media?parent=128392"}],"wp:term":[{"taxonomy":"product_brand","embeddable":true,"href":"https:\/\/www.customywear.com\/sk\/wp-json\/wp\/v2\/product_brand?post=128392"},{"taxonomy":"product_cat","embeddable":true,"href":"https:\/\/www.customywear.com\/sk\/wp-json\/wp\/v2\/product_cat?post=128392"},{"taxonomy":"product_tag","embeddable":true,"href":"https:\/\/www.customywear.com\/sk\/wp-json\/wp\/v2\/product_tag?post=128392"}],"curies":[{"name":"wp","href":"https:\/\/api.w.org\/{rel}","templated":true}]}}