{"id":128410,"date":"2025-03-25T13:57:04","date_gmt":"2025-03-25T13:57:04","guid":{"rendered":"https:\/\/www.customywear.com\/?post_type=product&#038;p=128410"},"modified":"2026-05-05T20:24:06","modified_gmt":"2026-05-05T20:24:06","slug":"vlastne-tricko-pre-hracov-nakladanej-lopticky","status":"publish","type":"product","link":"https:\/\/www.customywear.com\/sk\/custom-pickleball-player-tshirt\/","title":{"rendered":"Vlastn\u00e9 Pickleball Prehr\u00e1va\u010d T-Shirt pre Mu\u017eov \u2013 Osobn\u00e9 Fotografie Znak Dizajn"},"content":{"rendered":"<p>Pozdvihnite svoj z\u00e1\u017eitok z pickleballu s na\u0161\u00edm tri\u010dkom na mieru, ktor\u00e9 je ur\u010den\u00e9 v\u00fdhradne pre mu\u017eov! Odfot\u00edme v\u00e1s a vytvor\u00edme personalizovan\u00fa postavu hr\u00e1\u010da pickleballu, aby ste mohli predv\u00e1dza\u0165 svoj jedine\u010dn\u00fd \u0161t\u00fdl na ihrisku aj mimo neho. Toto tri\u010dko pr\u00e9miovej kvality je vyroben\u00e9 zo 100 % m\u00e4kkej bavlny, je odoln\u00e9 a trv\u00e1cne, ide\u00e1lne pre temperamentn\u00fdch hr\u00e1\u010dov. Na\u0161a vysoko kvalitn\u00e1 DTG potla\u010d zais\u0165uje \u017eiv\u00e9 a trv\u00e1cne vzory, ktor\u00e9 zd\u00f4raznia va\u0161u individualitu. Toto tri\u010dko je ide\u00e1lne ako dar\u010dek na narodeniny, Vianoce, svadby alebo ak\u00fako\u013evek \u0161peci\u00e1lnu pr\u00edle\u017eitos\u0165 a je nevyhnutnos\u0165ou pre milovn\u00edkov a nad\u0161encov pickleballu. Noste svoju v\u00e1\u0161e\u0148 s hrdos\u0165ou!<\/p>","protected":false},"excerpt":{"rendered":"<p>Hrajte silno s vlastn\u00fdm tri\u010dkom Pickleball Player pre mu\u017eov. Personalizovan\u00e9 n\u00e1vrhy post\u00e1v premenia ak\u00fako\u013evek fotografiu na odv\u00e1\u017ene, jedine\u010dn\u00e9 tri\u010dko.<\/p>","protected":false},"featured_media":128539,"comment_status":"open","ping_status":"closed","template":"","meta":{"_acf_changed":false},"product_brand":[],"product_cat":[6195,6318,186,6339,6412,6428],"product_tag":[6433,6327,6216],"class_list":{"0":"post-128410","1":"product","2":"type-product","3":"status-publish","4":"has-post-thumbnail","6":"product_cat-t-shirts-men","7":"product_cat-custom-gifts-pickleball","8":"product_cat-men","9":"product_cat-mens-sports-t-shirts","10":"product_cat-photo-to-tees","11":"product_cat-translate-products","12":"product_tag-ai-artwork","13":"product_tag-custom-photo-t-shirt-for-men","14":"product_tag-mens-custom-t-shirts","16":"first","17":"instock","18":"taxable","19":"shipping-taxable","20":"purchasable","21":"product-type-simple"},"acf":[],"wcpa_form_fields":null,"_links":{"self":[{"href":"https:\/\/www.customywear.com\/sk\/wp-json\/wp\/v2\/product\/128410","targetHints":{"allow":["GET"]}}],"collection":[{"href":"https:\/\/www.customywear.com\/sk\/wp-json\/wp\/v2\/product"}],"about":[{"href":"https:\/\/www.customywear.com\/sk\/wp-json\/wp\/v2\/types\/product"}],"replies":[{"embeddable":true,"href":"https:\/\/www.customywear.com\/sk\/wp-json\/wp\/v2\/comments?post=128410"}],"wp:featuredmedia":[{"embeddable":true,"href":"https:\/\/www.customywear.com\/sk\/wp-json\/wp\/v2\/media\/128539"}],"wp:attachment":[{"href":"https:\/\/www.customywear.com\/sk\/wp-json\/wp\/v2\/media?parent=128410"}],"wp:term":[{"taxonomy":"product_brand","embeddable":true,"href":"https:\/\/www.customywear.com\/sk\/wp-json\/wp\/v2\/product_brand?post=128410"},{"taxonomy":"product_cat","embeddable":true,"href":"https:\/\/www.customywear.com\/sk\/wp-json\/wp\/v2\/product_cat?post=128410"},{"taxonomy":"product_tag","embeddable":true,"href":"https:\/\/www.customywear.com\/sk\/wp-json\/wp\/v2\/product_tag?post=128410"}],"curies":[{"name":"wp","href":"https:\/\/api.w.org\/{rel}","templated":true}]}}