{"id":128439,"date":"2025-03-25T13:57:05","date_gmt":"2025-03-25T13:57:05","guid":{"rendered":"https:\/\/www.customywear.com\/?post_type=product&#038;p=128439"},"modified":"2026-05-07T15:29:41","modified_gmt":"2026-05-07T15:29:41","slug":"dievcenske-tricka-s-nakladanym-nalevom","status":"publish","type":"product","link":"https:\/\/www.customywear.com\/sk\/custom-pickleball-tshirt-girls\/","title":{"rendered":"Tri\u010dko s pickleballovou tematikou pre diev\u010dat\u00e1 \u2013 personalizovan\u00e1 fotografia pre dizajn postavy hr\u00e1\u010da"},"content":{"rendered":"<p>Darujte z\u00e1bavu s na\u0161\u00edm tri\u010dkom s mot\u00edvom pickleballu, ktor\u00e9 je navrhnut\u00e9 \u0161peci\u00e1lne pre mal\u00e9 diev\u010dat\u00e1! Vytvor\u00edme fotografiu v\u00e1\u0161ho die\u0165a\u0165a a premen\u00edme ju na \u017eiv\u00fa, personalizovan\u00fa postavu hr\u00e1\u010da pickleballu, \u010d\u00edm vd\u00fdchneme \u017eivot jeho l\u00e1ske k tomuto \u0161portu. Toto tri\u010dko pr\u00e9miovej kvality, vyroben\u00e9 z m\u00e4kkej 100 % bavlny, je nielen odoln\u00e9 a dlhotrvaj\u00face, ale m\u00e1 aj vysoko kvalitn\u00fa potla\u010d Direct-to-Garment (DTG) pre \u017eiv\u00e9 a trv\u00e1cne vzory. Toto jedine\u010dn\u00e9 digit\u00e1lne umeleck\u00e9 dielo, vytvoren\u00e9 zru\u010dn\u00fdmi umelcami, je perfektn\u00fdm dar\u010dekom pre nad\u0161encov pickleballu pri ka\u017edej pr\u00edle\u017eitosti, \u010di u\u017e ide o narodeniny, Vianoce alebo \u0161peci\u00e1lnu oslavu.<\/p>","protected":false},"excerpt":{"rendered":"<p>In\u0161pirujte diev\u010dat\u00e1 vlastn\u00fdm tri\u010dkom Pickleball. Personalizovan\u00e9 n\u00e1vrhy post\u00e1v pre hr\u00e1\u010dov premenia ak\u00fako\u013evek fotografiu na hrav\u00e9, jedine\u010dn\u00e9 tri\u010dko.<\/p>","protected":false},"featured_media":128633,"comment_status":"open","ping_status":"closed","template":"","meta":{"_acf_changed":false},"product_brand":[],"product_cat":[6193,6318,152,6412,6428,58],"product_tag":[6433,6439,6331,6221],"class_list":{"0":"post-128439","1":"product","2":"type-product","3":"status-publish","4":"has-post-thumbnail","6":"product_cat-girls-t-shirts","7":"product_cat-custom-gifts-pickleball","8":"product_cat-girls","9":"product_cat-photo-to-tees","10":"product_cat-translate-products","11":"product_cat-youth-kids","12":"product_tag-ai-artwork","13":"product_tag-ai-kids-artwork","14":"product_tag-custom-picture-t-shirt-for-girls","15":"product_tag-custom-t-shirts-near-me","17":"first","18":"instock","19":"taxable","20":"shipping-taxable","21":"purchasable","22":"product-type-simple"},"acf":[],"wcpa_form_fields":null,"_links":{"self":[{"href":"https:\/\/www.customywear.com\/sk\/wp-json\/wp\/v2\/product\/128439","targetHints":{"allow":["GET"]}}],"collection":[{"href":"https:\/\/www.customywear.com\/sk\/wp-json\/wp\/v2\/product"}],"about":[{"href":"https:\/\/www.customywear.com\/sk\/wp-json\/wp\/v2\/types\/product"}],"replies":[{"embeddable":true,"href":"https:\/\/www.customywear.com\/sk\/wp-json\/wp\/v2\/comments?post=128439"}],"wp:featuredmedia":[{"embeddable":true,"href":"https:\/\/www.customywear.com\/sk\/wp-json\/wp\/v2\/media\/128633"}],"wp:attachment":[{"href":"https:\/\/www.customywear.com\/sk\/wp-json\/wp\/v2\/media?parent=128439"}],"wp:term":[{"taxonomy":"product_brand","embeddable":true,"href":"https:\/\/www.customywear.com\/sk\/wp-json\/wp\/v2\/product_brand?post=128439"},{"taxonomy":"product_cat","embeddable":true,"href":"https:\/\/www.customywear.com\/sk\/wp-json\/wp\/v2\/product_cat?post=128439"},{"taxonomy":"product_tag","embeddable":true,"href":"https:\/\/www.customywear.com\/sk\/wp-json\/wp\/v2\/product_tag?post=128439"}],"curies":[{"name":"wp","href":"https:\/\/api.w.org\/{rel}","templated":true}]}}