{"id":128509,"date":"2025-03-25T13:57:06","date_gmt":"2025-03-25T13:57:06","guid":{"rendered":"https:\/\/www.customywear.com\/?post_type=product&#038;p=128509"},"modified":"2026-05-05T20:23:26","modified_gmt":"2026-05-05T20:23:26","slug":"damske-tricko-s-logom-pickleballu","status":"publish","type":"product","link":"https:\/\/www.customywear.com\/sk\/custom-pickleball-player-tshirt-women\/","title":{"rendered":"Vlastn\u00e9 Pickleball Prehr\u00e1va\u010d T-Shirt pre \u017deny \u2013 Osobn\u00e9 Fotografie Znak Dizajn"},"content":{"rendered":"<p>Osl\u00e1vte svoju l\u00e1sku k pickleballu s na\u0161\u00edm tri\u010dkom s pickleballovou tematikou, ktor\u00e9 je navrhnut\u00e9 \u0161peci\u00e1lne pre \u017eeny. Va\u0161u ob\u013e\u00faben\u00fa fotografiu premen\u00edme na \u017eiv\u00fa postavu hr\u00e1\u010da pickleballu, v\u010faka \u010domu sa budete c\u00edti\u0165 ako na ihrisku. Toto tri\u010dko pr\u00e9miovej kvality, vyroben\u00e9 z m\u00e4kkej 100 % bavlny, je odoln\u00e9 aj pohodln\u00e9. Na\u0161a vysoko kvalitn\u00e1 priama potla\u010d na odev zaru\u010duje, \u017ee v\u00e1\u0161 jedine\u010dn\u00fd dizajn bude \u017eiv\u00fd a dlhotrvaj\u00faci, v\u010faka \u010domu je v\u00fdnimo\u010dn\u00fdm dar\u010dekom na ka\u017ed\u00fa pr\u00edle\u017eitos\u0165 \u2013 \u010di u\u017e s\u00fa to narodeniny, Vianoce alebo svadba. Uk\u00e1\u017ete svoju v\u00e1\u0161e\u0148 pre t\u00fato hru personalizovan\u00fdm sp\u00f4sobom, ktor\u00fd odr\u00e1\u017ea v\u00e1\u0161ho ducha!<\/p>","protected":false},"excerpt":{"rendered":"<p>Hrajte sa vo ve\u013ekom \u0161t\u00fdle s tri\u010dkom Pickleball Player pre \u017eeny. Personalizovan\u00e9 n\u00e1vrhy post\u00e1v premenia ka\u017ed\u00fa fotografiu na z\u00e1bavn\u00e9, jedine\u010dn\u00e9 tri\u010dko.<\/p>","protected":false},"featured_media":128560,"comment_status":"open","ping_status":"closed","template":"","meta":{"_acf_changed":false},"product_brand":[],"product_cat":[6191,6318,6412,6428,75,6352],"product_tag":[6214,6433,6328,229,6215],"class_list":{"0":"post-128509","1":"product","2":"type-product","3":"status-publish","4":"has-post-thumbnail","6":"product_cat-t-shirts-women","7":"product_cat-custom-gifts-pickleball","8":"product_cat-photo-to-tees","9":"product_cat-translate-products","10":"product_cat-women","11":"product_cat-womens-sports-t-shirts","12":"product_tag-affordable-custom-t-shirts","13":"product_tag-ai-artwork","14":"product_tag-custom-image-t-shirt-for-women","15":"product_tag-custom-tee-shirts","16":"product_tag-screen-printing-near-me","18":"first","19":"instock","20":"taxable","21":"shipping-taxable","22":"purchasable","23":"product-type-simple"},"acf":[],"wcpa_form_fields":null,"_links":{"self":[{"href":"https:\/\/www.customywear.com\/sk\/wp-json\/wp\/v2\/product\/128509","targetHints":{"allow":["GET"]}}],"collection":[{"href":"https:\/\/www.customywear.com\/sk\/wp-json\/wp\/v2\/product"}],"about":[{"href":"https:\/\/www.customywear.com\/sk\/wp-json\/wp\/v2\/types\/product"}],"replies":[{"embeddable":true,"href":"https:\/\/www.customywear.com\/sk\/wp-json\/wp\/v2\/comments?post=128509"}],"wp:featuredmedia":[{"embeddable":true,"href":"https:\/\/www.customywear.com\/sk\/wp-json\/wp\/v2\/media\/128560"}],"wp:attachment":[{"href":"https:\/\/www.customywear.com\/sk\/wp-json\/wp\/v2\/media?parent=128509"}],"wp:term":[{"taxonomy":"product_brand","embeddable":true,"href":"https:\/\/www.customywear.com\/sk\/wp-json\/wp\/v2\/product_brand?post=128509"},{"taxonomy":"product_cat","embeddable":true,"href":"https:\/\/www.customywear.com\/sk\/wp-json\/wp\/v2\/product_cat?post=128509"},{"taxonomy":"product_tag","embeddable":true,"href":"https:\/\/www.customywear.com\/sk\/wp-json\/wp\/v2\/product_tag?post=128509"}],"curies":[{"name":"wp","href":"https:\/\/api.w.org\/{rel}","templated":true}]}}