{"id":128710,"date":"2025-03-27T20:32:28","date_gmt":"2025-03-27T20:32:28","guid":{"rendered":"https:\/\/www.customywear.com\/?post_type=product&#038;p=128710"},"modified":"2026-05-07T15:29:41","modified_gmt":"2026-05-07T15:29:41","slug":"dievcenske-golfove-tricko-pre-batolata-na-mieru","status":"publish","type":"product","link":"https:\/\/www.customywear.com\/sk\/custom-toddler-girls-golf-tshirt\/","title":{"rendered":"Golfov\u00e9 tri\u010dko pre bato\u013eat\u00e1 \u2013 personalizovan\u00fd dizajn pre golfistov z fotografie"},"content":{"rendered":"<p>Predstavujeme v\u00e1m na\u0161e jedine\u010dn\u00e9 golfov\u00e9 tri\u010dko pre bato\u013eat\u00e1, v ktorom sa fotografie v\u00e1\u0161ho die\u0165a\u0165a premenia na o\u010daruj\u00face postavi\u010dky golfistov a vd\u00fdchnu \u017eivot \u017eiv\u00e9mu a umeleck\u00e9mu golfov\u00e9mu ihrisku. Toto tri\u010dko pr\u00e9miovej kvality, vyroben\u00e9 z m\u00e4kkej 100 % bavlny, je nielen odoln\u00e9, ale aj pohodln\u00e9 pre v\u00e1\u0161ho mal\u00e9ho \u0161portovca. Ka\u017ed\u00fd dizajn je vyroben\u00fd s vysoko kvalitnou DTG potla\u010dou, ktor\u00e1 zais\u0165uje \u017eiv\u00e9 a trv\u00e1cne vizu\u00e1lne efekty, ktor\u00e9 zachyt\u00e1vaj\u00fa podstatu osobnosti v\u00e1\u0161ho die\u0165a\u0165a. Tento personalizovan\u00fd a jedine\u010dn\u00fd dar\u010dek je ide\u00e1lny pre ka\u017ed\u00fa pr\u00edle\u017eitos\u0165 \u2013 \u010di u\u017e s\u00fa to narodeniny, Vianoce alebo svadba \u2013 pre mlad\u00fdch milovn\u00edkov \u0161portu aj pre za\u010d\u00ednaj\u00facich hr\u00e1\u010dov.<\/p>","protected":false},"excerpt":{"rendered":"<p>Zasiahnite green s vlastn\u00fdm diev\u010densk\u00fdm golfov\u00fdm tri\u010dkom pre bato\u013eat\u00e1. Personalizovan\u00e9 n\u00e1vrhy golfov\u00fdch hr\u00e1\u010dov z fotografi\u00ed premenia ak\u00fako\u013evek fotografiu na hrav\u00e9, jedine\u010dn\u00e9 tri\u010dk\u00e1.<\/p>","protected":false},"featured_media":128976,"comment_status":"open","ping_status":"closed","template":"","meta":{"_acf_changed":false},"product_brand":[],"product_cat":[6207,6319,6412,6428],"product_tag":[6433,6439,6221],"class_list":{"0":"post-128710","1":"product","2":"type-product","3":"status-publish","4":"has-post-thumbnail","6":"product_cat-toddler-girl-t-shirts","7":"product_cat-custom-gifts-ai-golf","8":"product_cat-photo-to-tees","9":"product_cat-translate-products","10":"product_tag-ai-artwork","11":"product_tag-ai-kids-artwork","12":"product_tag-custom-t-shirts-near-me","14":"first","15":"instock","16":"taxable","17":"shipping-taxable","18":"purchasable","19":"product-type-simple"},"acf":[],"wcpa_form_fields":null,"_links":{"self":[{"href":"https:\/\/www.customywear.com\/sk\/wp-json\/wp\/v2\/product\/128710","targetHints":{"allow":["GET"]}}],"collection":[{"href":"https:\/\/www.customywear.com\/sk\/wp-json\/wp\/v2\/product"}],"about":[{"href":"https:\/\/www.customywear.com\/sk\/wp-json\/wp\/v2\/types\/product"}],"replies":[{"embeddable":true,"href":"https:\/\/www.customywear.com\/sk\/wp-json\/wp\/v2\/comments?post=128710"}],"wp:featuredmedia":[{"embeddable":true,"href":"https:\/\/www.customywear.com\/sk\/wp-json\/wp\/v2\/media\/128976"}],"wp:attachment":[{"href":"https:\/\/www.customywear.com\/sk\/wp-json\/wp\/v2\/media?parent=128710"}],"wp:term":[{"taxonomy":"product_brand","embeddable":true,"href":"https:\/\/www.customywear.com\/sk\/wp-json\/wp\/v2\/product_brand?post=128710"},{"taxonomy":"product_cat","embeddable":true,"href":"https:\/\/www.customywear.com\/sk\/wp-json\/wp\/v2\/product_cat?post=128710"},{"taxonomy":"product_tag","embeddable":true,"href":"https:\/\/www.customywear.com\/sk\/wp-json\/wp\/v2\/product_tag?post=128710"}],"curies":[{"name":"wp","href":"https:\/\/api.w.org\/{rel}","templated":true}]}}