{"id":128721,"date":"2025-03-27T20:32:28","date_gmt":"2025-03-27T20:32:28","guid":{"rendered":"https:\/\/www.customywear.com\/?post_type=product&#038;p=128721"},"modified":"2026-05-07T15:29:41","modified_gmt":"2026-05-07T15:29:41","slug":"dievcenske-golfove-tricko-na-mieru","status":"publish","type":"product","link":"https:\/\/www.customywear.com\/sk\/custom-girls-golf-tshirt\/","title":{"rendered":"Diev\u010densk\u00e9 golfov\u00e9 tri\u010dko na mieru \u2013 personalizovan\u00fd dizajn pre golfistov z fotografie"},"content":{"rendered":"<p>Pozdvihnite \u0161t\u00fdl svojho mlad\u00e9ho golfistu s na\u0161\u00edm golfov\u00fdm tri\u010dkom na mieru, ktor\u00e9 je ur\u010den\u00e9 v\u00fdhradne pre diev\u010dat\u00e1. Ka\u017ed\u00e9 tri\u010dko sa vyzna\u010duje \u017eiv\u00fdm, personalizovan\u00fdm digit\u00e1lnym umeleck\u00fdm dizajnom, ktor\u00fd premen\u00ed fotografie v\u00e1\u0161ho die\u0165a\u0165a na podmaniv\u00e9 postavy golfistov, dokonale zasaden\u00e9 do farebn\u00e9ho pozadia golfov\u00e9ho ihriska. Toto m\u00e4kk\u00e9 a odoln\u00e9 tri\u010dko je vyroben\u00e9 zo 100 % pr\u00e9miovej bavlny a zaru\u010duje pohodlie a z\u00e1rove\u0148 predstavuje jedine\u010dn\u00e9 umeleck\u00e9 dielo. Toto tri\u010dko je ide\u00e1lne na narodeniny, Vianoce alebo ak\u00fako\u013evek \u0161peci\u00e1lnu pr\u00edle\u017eitos\u0165 a je perfektn\u00fdm dar\u010dekom pre mlad\u00fdch \u0161portov\u00fdch nad\u0161encov, ktor\u00ed chc\u00fa vyjadri\u0165 svoju l\u00e1sku ku golfu.<\/p>","protected":false},"excerpt":{"rendered":"<p>In\u0161pirujte mlad\u00e9 diev\u010dat\u00e1 vlastn\u00fdm diev\u010densk\u00fdm golfov\u00fdm tri\u010dkom. Personalizovan\u00e9 n\u00e1vrhy golfov\u00fdch hr\u00e1\u010dov z fotografi\u00ed premenia ak\u00fako\u013evek fotografiu na jedine\u010dn\u00e9 tri\u010dko.<\/p>","protected":false},"featured_media":128955,"comment_status":"open","ping_status":"closed","template":"","meta":{"_acf_changed":false},"product_brand":[],"product_cat":[6193,6319,152,6412,6428,58],"product_tag":[6433,6439,6331,6221],"class_list":{"0":"post-128721","1":"product","2":"type-product","3":"status-publish","4":"has-post-thumbnail","6":"product_cat-girls-t-shirts","7":"product_cat-custom-gifts-ai-golf","8":"product_cat-girls","9":"product_cat-photo-to-tees","10":"product_cat-translate-products","11":"product_cat-youth-kids","12":"product_tag-ai-artwork","13":"product_tag-ai-kids-artwork","14":"product_tag-custom-picture-t-shirt-for-girls","15":"product_tag-custom-t-shirts-near-me","17":"first","18":"instock","19":"taxable","20":"shipping-taxable","21":"purchasable","22":"product-type-simple"},"acf":[],"wcpa_form_fields":null,"_links":{"self":[{"href":"https:\/\/www.customywear.com\/sk\/wp-json\/wp\/v2\/product\/128721","targetHints":{"allow":["GET"]}}],"collection":[{"href":"https:\/\/www.customywear.com\/sk\/wp-json\/wp\/v2\/product"}],"about":[{"href":"https:\/\/www.customywear.com\/sk\/wp-json\/wp\/v2\/types\/product"}],"replies":[{"embeddable":true,"href":"https:\/\/www.customywear.com\/sk\/wp-json\/wp\/v2\/comments?post=128721"}],"wp:featuredmedia":[{"embeddable":true,"href":"https:\/\/www.customywear.com\/sk\/wp-json\/wp\/v2\/media\/128955"}],"wp:attachment":[{"href":"https:\/\/www.customywear.com\/sk\/wp-json\/wp\/v2\/media?parent=128721"}],"wp:term":[{"taxonomy":"product_brand","embeddable":true,"href":"https:\/\/www.customywear.com\/sk\/wp-json\/wp\/v2\/product_brand?post=128721"},{"taxonomy":"product_cat","embeddable":true,"href":"https:\/\/www.customywear.com\/sk\/wp-json\/wp\/v2\/product_cat?post=128721"},{"taxonomy":"product_tag","embeddable":true,"href":"https:\/\/www.customywear.com\/sk\/wp-json\/wp\/v2\/product_tag?post=128721"}],"curies":[{"name":"wp","href":"https:\/\/api.w.org\/{rel}","templated":true}]}}