{"id":128802,"date":"2025-03-27T20:32:29","date_gmt":"2025-03-27T20:32:29","guid":{"rendered":"https:\/\/www.customywear.com\/?post_type=product&#038;p=128802"},"modified":"2026-05-05T20:23:26","modified_gmt":"2026-05-05T20:23:26","slug":"damske-golfove-tricko-na-mieru","status":"publish","type":"product","link":"https:\/\/www.customywear.com\/sk\/custom-golf-tshirt-women-personalized\/","title":{"rendered":"Vlastn\u00e9 Golfov\u00e9 T-Shirt pre \u017deny \u2013 Osobn\u00e9 Fotografie, Umenia, 100% Bavlna \u0160portov\u00e9 \u010caj"},"content":{"rendered":"<p>Pozdvihnite svoj golfov\u00fd z\u00e1\u017eitok s na\u0161\u00edm golfov\u00fdm tri\u010dkom na mieru pre \u017eeny, v ktorom premen\u00edme va\u0161u ob\u013e\u00faben\u00fa fotografiu na \u017eiv\u00fa a umeleck\u00fa postavu golfistu na pozad\u00ed farebn\u00e9ho golfov\u00e9ho ihriska. Toto tri\u010dko pr\u00e9miovej kvality, vyroben\u00e9 zo 100 % m\u00e4kkej bavlny, je odoln\u00e9 aj pohodln\u00e9, ide\u00e1lne pre \u0161portov\u00fdch nad\u0161encov. Vysokokvalitn\u00e1 potla\u010d priamo na odev (DTG) zais\u0165uje, \u017ee v\u00e1\u0161 personalizovan\u00fd dizajn bude \u017eiv\u00fd a dlhotrvaj\u00faci. \u010ci u\u017e ide o narodeniny, Vianoce alebo svadbu, toto jedine\u010dn\u00e9 tri\u010dko je premyslen\u00fdm dar\u010dekom pre milovn\u00edkov aj hr\u00e1\u010dov golfu a dod\u00e1 osobn\u00fd n\u00e1dych ka\u017edej pr\u00edle\u017eitosti.<\/p>","protected":false},"excerpt":{"rendered":"<p>Hojda\u0165 sa \u0161t\u00fdlovo s vlastn\u00fdm golfov\u00fdm tri\u010dkom pre \u017eeny. Personalizovan\u00e9 fotografick\u00e9 umenie na \u0161portov\u00fdch tri\u010dk\u00e1ch zo 100% bavlny premen\u00ed ak\u00fako\u013evek fotografiu na \u0161portov\u00e9, jedine\u010dn\u00e9 tri\u010dko.<\/p>","protected":false},"featured_media":128882,"comment_status":"open","ping_status":"closed","template":"","meta":{"_acf_changed":false},"product_brand":[],"product_cat":[6191,6319,6412,6428,75,6352],"product_tag":[6214,6433,6328,229,6215],"class_list":{"0":"post-128802","1":"product","2":"type-product","3":"status-publish","4":"has-post-thumbnail","6":"product_cat-t-shirts-women","7":"product_cat-custom-gifts-ai-golf","8":"product_cat-photo-to-tees","9":"product_cat-translate-products","10":"product_cat-women","11":"product_cat-womens-sports-t-shirts","12":"product_tag-affordable-custom-t-shirts","13":"product_tag-ai-artwork","14":"product_tag-custom-image-t-shirt-for-women","15":"product_tag-custom-tee-shirts","16":"product_tag-screen-printing-near-me","18":"first","19":"instock","20":"taxable","21":"shipping-taxable","22":"purchasable","23":"product-type-simple"},"acf":[],"wcpa_form_fields":null,"_links":{"self":[{"href":"https:\/\/www.customywear.com\/sk\/wp-json\/wp\/v2\/product\/128802","targetHints":{"allow":["GET"]}}],"collection":[{"href":"https:\/\/www.customywear.com\/sk\/wp-json\/wp\/v2\/product"}],"about":[{"href":"https:\/\/www.customywear.com\/sk\/wp-json\/wp\/v2\/types\/product"}],"replies":[{"embeddable":true,"href":"https:\/\/www.customywear.com\/sk\/wp-json\/wp\/v2\/comments?post=128802"}],"wp:featuredmedia":[{"embeddable":true,"href":"https:\/\/www.customywear.com\/sk\/wp-json\/wp\/v2\/media\/128882"}],"wp:attachment":[{"href":"https:\/\/www.customywear.com\/sk\/wp-json\/wp\/v2\/media?parent=128802"}],"wp:term":[{"taxonomy":"product_brand","embeddable":true,"href":"https:\/\/www.customywear.com\/sk\/wp-json\/wp\/v2\/product_brand?post=128802"},{"taxonomy":"product_cat","embeddable":true,"href":"https:\/\/www.customywear.com\/sk\/wp-json\/wp\/v2\/product_cat?post=128802"},{"taxonomy":"product_tag","embeddable":true,"href":"https:\/\/www.customywear.com\/sk\/wp-json\/wp\/v2\/product_tag?post=128802"}],"curies":[{"name":"wp","href":"https:\/\/api.w.org\/{rel}","templated":true}]}}