{"id":128831,"date":"2025-03-27T20:32:29","date_gmt":"2025-03-27T20:32:29","guid":{"rendered":"https:\/\/www.customywear.com\/?post_type=product&#038;p=128831"},"modified":"2026-05-05T20:24:06","modified_gmt":"2026-05-05T20:24:06","slug":"panske-golfove-tricko-na-mieru","status":"publish","type":"product","link":"https:\/\/www.customywear.com\/sk\/custom-golf-tshirt-men-personalized\/","title":{"rendered":"Vlastn\u00e9 Golfov\u00e9 T-Shirt pre Mu\u017eov \u2013 Osobn\u00e9 Fotografie, Umenia, 100% Bavlna \u0160portov\u00e9 \u010caj"},"content":{"rendered":"<p>Za\u017eite spojenie \u0161portu a umenia s na\u0161\u00edm p\u00e1nskym golfov\u00fdm tri\u010dkom na mieru. Toto jedine\u010dn\u00e9 tri\u010dko sa vyzna\u010duje \u017eiv\u00fdm, personalizovan\u00fdm znakom vytvoren\u00fdm z va\u0161ej vlastnej fotografie, ktor\u00fd zachyt\u00e1va v\u00e1\u0161ho golfov\u00e9ho ducha v farebnom prostred\u00ed ihriska. Vyroben\u00e9 z m\u00e4kkej 100 % bavlny pon\u00faka prvotriednu kvalitu a odolnos\u0165 pre ka\u017edodenn\u00e9 nosenie. Na\u0161a vysoko kvalitn\u00e1 priama potla\u010d na odev zaru\u010duje, \u017ee ka\u017ed\u00fd dizajn zostane \u017eiv\u00fd a dlhotrvaj\u00faci. Ide\u00e1lne ako premyslen\u00fd dar\u010dek na narodeniny, Vianoce, svadby alebo ak\u00fako\u013evek \u0161peci\u00e1lnu pr\u00edle\u017eitos\u0165 pre \u0161portov\u00e9ho nad\u0161enca vo va\u0161om \u017eivote!<\/p>","protected":false},"excerpt":{"rendered":"<p>Hrajte sa pohodlne s golfov\u00fdm tri\u010dkom na mieru pre mu\u017eov. Personalizovan\u00e9 fotografick\u00e9 umenie na \u0161portov\u00fdch tri\u010dk\u00e1ch zo 100% bavlny premen\u00ed ka\u017ed\u00fa fotografiu na odv\u00e1\u017ene, jedine\u010dn\u00e9 tri\u010dko.<\/p>","protected":false},"featured_media":128861,"comment_status":"open","ping_status":"closed","template":"","meta":{"_acf_changed":false},"product_brand":[],"product_cat":[6195,6319,186,6339,6412,6428],"product_tag":[6433,6327,6216],"class_list":{"0":"post-128831","1":"product","2":"type-product","3":"status-publish","4":"has-post-thumbnail","6":"product_cat-t-shirts-men","7":"product_cat-custom-gifts-ai-golf","8":"product_cat-men","9":"product_cat-mens-sports-t-shirts","10":"product_cat-photo-to-tees","11":"product_cat-translate-products","12":"product_tag-ai-artwork","13":"product_tag-custom-photo-t-shirt-for-men","14":"product_tag-mens-custom-t-shirts","16":"first","17":"instock","18":"taxable","19":"shipping-taxable","20":"purchasable","21":"product-type-simple"},"acf":[],"wcpa_form_fields":null,"_links":{"self":[{"href":"https:\/\/www.customywear.com\/sk\/wp-json\/wp\/v2\/product\/128831","targetHints":{"allow":["GET"]}}],"collection":[{"href":"https:\/\/www.customywear.com\/sk\/wp-json\/wp\/v2\/product"}],"about":[{"href":"https:\/\/www.customywear.com\/sk\/wp-json\/wp\/v2\/types\/product"}],"replies":[{"embeddable":true,"href":"https:\/\/www.customywear.com\/sk\/wp-json\/wp\/v2\/comments?post=128831"}],"wp:featuredmedia":[{"embeddable":true,"href":"https:\/\/www.customywear.com\/sk\/wp-json\/wp\/v2\/media\/128861"}],"wp:attachment":[{"href":"https:\/\/www.customywear.com\/sk\/wp-json\/wp\/v2\/media?parent=128831"}],"wp:term":[{"taxonomy":"product_brand","embeddable":true,"href":"https:\/\/www.customywear.com\/sk\/wp-json\/wp\/v2\/product_brand?post=128831"},{"taxonomy":"product_cat","embeddable":true,"href":"https:\/\/www.customywear.com\/sk\/wp-json\/wp\/v2\/product_cat?post=128831"},{"taxonomy":"product_tag","embeddable":true,"href":"https:\/\/www.customywear.com\/sk\/wp-json\/wp\/v2\/product_tag?post=128831"}],"curies":[{"name":"wp","href":"https:\/\/api.w.org\/{rel}","templated":true}]}}