{"id":129028,"date":"2025-03-29T13:55:40","date_gmt":"2025-03-29T13:55:40","guid":{"rendered":"https:\/\/www.customywear.com\/?post_type=product&#038;p=129028"},"modified":"2026-05-07T15:29:41","modified_gmt":"2026-05-07T15:29:41","slug":"vlastne-detske-tricko-s-francuzskou-tematikou","status":"publish","type":"product","link":"https:\/\/www.customywear.com\/sk\/custom-french-themed-tshirt-kids\/","title":{"rendered":"Detsk\u00e9 tri\u010dko s franc\u00fazskou tematikou na mieru \u2013 personalizovan\u00e9 tri\u010dko s postavi\u010dkou a fotografiou"},"content":{"rendered":"<p>Preme\u0148te ob\u013e\u00faben\u00fa fotografiu v\u00e1\u0161ho die\u0165a\u0165a na \u00fa\u017easn\u00e9 tri\u010dko na mieru s v\u00fdraznou franc\u00fazskou tematikou! Tento jedine\u010dn\u00fd dizajn predstavuje va\u0161e die\u0165a ako m\u00f3dneho Franc\u00faza oble\u010den\u00e9ho vo farb\u00e1ch franc\u00fazskej vlajky na p\u00f4vabnom a farebnom pozad\u00ed in\u0161pirovanom Franc\u00fazskom. Toto tri\u010dko pr\u00e9miovej kvality, vyroben\u00e9 z m\u00e4kkej 100 % bavlny, sa nielen skvele nos\u00ed, ale sa m\u00f4\u017ee pochv\u00e1li\u0165 aj vysoko kvalitnou DTG potla\u010dou pre \u017eiariv\u00e9 a trv\u00e1cne vzory. Ide\u00e1lne ako premyslen\u00fd dar\u010dek pre nad\u0161encov franc\u00fazskej kult\u00fary, za\u010d\u00ednaj\u00facich cestovate\u013eov alebo na \u0161peci\u00e1lne pr\u00edle\u017eitosti, ako s\u00fa narodeniny, Vianoce a svadby. Ka\u017ed\u00fd kus je jedine\u010dne vyroben\u00fd zru\u010dn\u00fdmi umelcami, \u010do zaru\u010duje, \u017ee v\u00e1\u0161 dizajn bude skuto\u010dne jedine\u010dn\u00fd!<\/p>","protected":false},"excerpt":{"rendered":"<p>Uctievajte trad\u00edciu s vlastn\u00fdm tri\u010dkom s franc\u00fazskou tematikou pre deti. Personalizovan\u00e9 tri\u010dk\u00e1 s fotografick\u00fdmi postavami premenia ka\u017ed\u00fa fotografiu na z\u00e1bavn\u00e9, jedine\u010dn\u00e9 tri\u010dko.<\/p>","protected":false},"featured_media":129238,"comment_status":"open","ping_status":"closed","template":"","meta":{"_acf_changed":false},"product_brand":[],"product_cat":[6193,6320,152,6412,6428,58],"product_tag":[6433,6439,6331,6221],"class_list":{"0":"post-129028","1":"product","2":"type-product","3":"status-publish","4":"has-post-thumbnail","6":"product_cat-girls-t-shirts","7":"product_cat-custom-gifts-french-culture","8":"product_cat-girls","9":"product_cat-photo-to-tees","10":"product_cat-translate-products","11":"product_cat-youth-kids","12":"product_tag-ai-artwork","13":"product_tag-ai-kids-artwork","14":"product_tag-custom-picture-t-shirt-for-girls","15":"product_tag-custom-t-shirts-near-me","17":"first","18":"instock","19":"taxable","20":"shipping-taxable","21":"purchasable","22":"product-type-simple"},"acf":[],"wcpa_form_fields":null,"_links":{"self":[{"href":"https:\/\/www.customywear.com\/sk\/wp-json\/wp\/v2\/product\/129028","targetHints":{"allow":["GET"]}}],"collection":[{"href":"https:\/\/www.customywear.com\/sk\/wp-json\/wp\/v2\/product"}],"about":[{"href":"https:\/\/www.customywear.com\/sk\/wp-json\/wp\/v2\/types\/product"}],"replies":[{"embeddable":true,"href":"https:\/\/www.customywear.com\/sk\/wp-json\/wp\/v2\/comments?post=129028"}],"wp:featuredmedia":[{"embeddable":true,"href":"https:\/\/www.customywear.com\/sk\/wp-json\/wp\/v2\/media\/129238"}],"wp:attachment":[{"href":"https:\/\/www.customywear.com\/sk\/wp-json\/wp\/v2\/media?parent=129028"}],"wp:term":[{"taxonomy":"product_brand","embeddable":true,"href":"https:\/\/www.customywear.com\/sk\/wp-json\/wp\/v2\/product_brand?post=129028"},{"taxonomy":"product_cat","embeddable":true,"href":"https:\/\/www.customywear.com\/sk\/wp-json\/wp\/v2\/product_cat?post=129028"},{"taxonomy":"product_tag","embeddable":true,"href":"https:\/\/www.customywear.com\/sk\/wp-json\/wp\/v2\/product_tag?post=129028"}],"curies":[{"name":"wp","href":"https:\/\/api.w.org\/{rel}","templated":true}]}}