{"id":129045,"date":"2025-03-29T13:55:41","date_gmt":"2025-03-29T13:55:41","guid":{"rendered":"https:\/\/www.customywear.com\/?post_type=product&#038;p=129045"},"modified":"2026-05-07T15:29:32","modified_gmt":"2026-05-07T15:29:32","slug":"tricko-chlapec-francuzska-tema-osobne","status":"publish","type":"product","link":"https:\/\/www.customywear.com\/sk\/custom-french-themed-tshirt-boys\/","title":{"rendered":"Vlastn\u00e9 franc\u00fazsky-Tematick\u00e9 T-Shirt pre Chlapcov \u2013 Osobn\u00e9 Fotografie Znak Tee"},"content":{"rendered":"<p>Preme\u0148te fotografiu v\u00e1\u0161ho die\u0165a\u0165a na \u017eiv\u00fa, personalizovan\u00fa postavi\u010dku oble\u010den\u00fa vo farb\u00e1ch franc\u00fazskej vlajky, ktor\u00e1 s\u00eddli na n\u00e1dherne vytvorenom umeleckom pozad\u00ed Franc\u00fazska. Toto tri\u010dko na mieru je vyroben\u00e9 zo 100 % m\u00e4kkej bavlny, ktor\u00e1 zaru\u010duje pohodlie a \u0161t\u00fdl, a vyzna\u010duje sa vysoko kvalitnou DTG potla\u010dou pre odoln\u00fd a p\u00fatav\u00fd dizajn. Tento jedine\u010dn\u00fd k\u00fasok je ide\u00e1lny ako premyslen\u00fd dar\u010dek na narodeniny, Vianoce alebo svadby a je ide\u00e1lny pre mlad\u00fdch chlapcov, ktor\u00ed miluj\u00fa franc\u00fazsku kult\u00faru alebo sn\u00edvaj\u00fa o cestovan\u00ed do Franc\u00fazska.<\/p>","protected":false},"excerpt":{"rendered":"<p>Uk\u00e1\u017ete franc\u00fazsky vkus s vlastn\u00fdm tri\u010dkom s franc\u00fazskou tematikou pre chlapcov. Personalizovan\u00e9 tri\u010dk\u00e1 s fotografick\u00fdmi postavami premenia ak\u00fako\u013evek fotografiu na jedine\u010dn\u00e9 tri\u010dko.<\/p>","protected":false},"featured_media":129217,"comment_status":"open","ping_status":"closed","template":"","meta":{"_acf_changed":false},"product_brand":[],"product_cat":[6189,6320,6412,6428],"product_tag":[6433,6439,6221,6330],"class_list":{"0":"post-129045","1":"product","2":"type-product","3":"status-publish","4":"has-post-thumbnail","6":"product_cat-boys-t-shirts","7":"product_cat-custom-gifts-french-culture","8":"product_cat-photo-to-tees","9":"product_cat-translate-products","10":"product_tag-ai-artwork","11":"product_tag-ai-kids-artwork","12":"product_tag-custom-t-shirts-near-me","13":"product_tag-photo-print-t-shirt-for-boys","15":"first","16":"instock","17":"taxable","18":"shipping-taxable","19":"purchasable","20":"product-type-simple"},"acf":[],"wcpa_form_fields":null,"_links":{"self":[{"href":"https:\/\/www.customywear.com\/sk\/wp-json\/wp\/v2\/product\/129045","targetHints":{"allow":["GET"]}}],"collection":[{"href":"https:\/\/www.customywear.com\/sk\/wp-json\/wp\/v2\/product"}],"about":[{"href":"https:\/\/www.customywear.com\/sk\/wp-json\/wp\/v2\/types\/product"}],"replies":[{"embeddable":true,"href":"https:\/\/www.customywear.com\/sk\/wp-json\/wp\/v2\/comments?post=129045"}],"wp:featuredmedia":[{"embeddable":true,"href":"https:\/\/www.customywear.com\/sk\/wp-json\/wp\/v2\/media\/129217"}],"wp:attachment":[{"href":"https:\/\/www.customywear.com\/sk\/wp-json\/wp\/v2\/media?parent=129045"}],"wp:term":[{"taxonomy":"product_brand","embeddable":true,"href":"https:\/\/www.customywear.com\/sk\/wp-json\/wp\/v2\/product_brand?post=129045"},{"taxonomy":"product_cat","embeddable":true,"href":"https:\/\/www.customywear.com\/sk\/wp-json\/wp\/v2\/product_cat?post=129045"},{"taxonomy":"product_tag","embeddable":true,"href":"https:\/\/www.customywear.com\/sk\/wp-json\/wp\/v2\/product_tag?post=129045"}],"curies":[{"name":"wp","href":"https:\/\/api.w.org\/{rel}","templated":true}]}}