{"id":129062,"date":"2025-03-29T13:55:41","date_gmt":"2025-03-29T13:55:41","guid":{"rendered":"https:\/\/www.customywear.com\/?post_type=product&#038;p=129062"},"modified":"2026-05-07T15:29:32","modified_gmt":"2026-05-07T15:29:32","slug":"tricko-s-francuzskou-tematikou-na-mieru-pre-batolata","status":"publish","type":"product","link":"https:\/\/www.customywear.com\/sk\/custom-french-themed-tshirt-toddlers\/","title":{"rendered":"Tri\u010dko s franc\u00fazskou tematikou pre bato\u013eat\u00e1 \u2013 personalizovan\u00e9 tri\u010dko s postavi\u010dkou a fotografiou"},"content":{"rendered":"<p>Preme\u0148te svoje bato\u013ea na o\u010daruj\u00faceho mal\u00e9ho franc\u00fazskeho ob\u010dana s na\u0161\u00edm tri\u010dkom na mieru! Tento jedine\u010dn\u00fd produkt obsahuje digit\u00e1lne vytvoren\u00fd obr\u00e1zok v\u00e1\u0161ho die\u0165a\u0165a oble\u010den\u00e9ho v \u017eiariv\u00fdch farb\u00e1ch franc\u00fazskej vlajky, ktor\u00fd je zasaden\u00fd do umeleck\u00e9ho a farebn\u00e9ho pozadia in\u0161pirovan\u00e9ho Franc\u00fazskom. Toto tri\u010dko pr\u00e9miovej kvality je vyroben\u00e9 z m\u00e4kkej 100 % bavlny a zaru\u010duje pohodlie, zatia\u013e \u010do na\u0161a vysoko kvalitn\u00e1 DTG potla\u010d zaru\u010duje, \u017ee \u017eiariv\u00fd dizajn vydr\u017e\u00ed. Toto personalizovan\u00e9 tri\u010dko je ide\u00e1lne ako premyslen\u00fd dar\u010dek pre milovn\u00edkov franc\u00fazskej kult\u00fary, za\u010d\u00ednaj\u00facich cestovate\u013eov alebo na oslavu \u0161peci\u00e1lnych pr\u00edle\u017eitost\u00ed, ako s\u00fa narodeniny, Vianoce alebo svadby. Je to o\u010daruj\u00faci sp\u00f4sob, ako prezentova\u0165 individualitu a l\u00e1sku v\u00e1\u0161ho die\u0165a\u0165a k Franc\u00fazsku.<\/p>","protected":false},"excerpt":{"rendered":"<p>Oble\u010dte bato\u013eat\u00e1 \u0161t\u00fdlovo s tri\u010dkom s franc\u00fazskou tematikou pre bato\u013eat\u00e1. Personalizovan\u00e9 tri\u010dk\u00e1 s fotografick\u00fdmi postavami premenia ak\u00fako\u013evek fotografiu na hrav\u00e9, jedine\u010dn\u00e9 tri\u010dko.<\/p>","protected":false},"featured_media":129259,"comment_status":"open","ping_status":"closed","template":"","meta":{"_acf_changed":false},"product_brand":[],"product_cat":[6209,6320,6412,6428],"product_tag":[6433,6439,6221],"class_list":{"0":"post-129062","1":"product","2":"type-product","3":"status-publish","4":"has-post-thumbnail","6":"product_cat-toddler-boy-t-shirts","7":"product_cat-custom-gifts-french-culture","8":"product_cat-photo-to-tees","9":"product_cat-translate-products","10":"product_tag-ai-artwork","11":"product_tag-ai-kids-artwork","12":"product_tag-custom-t-shirts-near-me","14":"first","15":"instock","16":"taxable","17":"shipping-taxable","18":"purchasable","19":"product-type-simple"},"acf":[],"wcpa_form_fields":null,"_links":{"self":[{"href":"https:\/\/www.customywear.com\/sk\/wp-json\/wp\/v2\/product\/129062","targetHints":{"allow":["GET"]}}],"collection":[{"href":"https:\/\/www.customywear.com\/sk\/wp-json\/wp\/v2\/product"}],"about":[{"href":"https:\/\/www.customywear.com\/sk\/wp-json\/wp\/v2\/types\/product"}],"replies":[{"embeddable":true,"href":"https:\/\/www.customywear.com\/sk\/wp-json\/wp\/v2\/comments?post=129062"}],"wp:featuredmedia":[{"embeddable":true,"href":"https:\/\/www.customywear.com\/sk\/wp-json\/wp\/v2\/media\/129259"}],"wp:attachment":[{"href":"https:\/\/www.customywear.com\/sk\/wp-json\/wp\/v2\/media?parent=129062"}],"wp:term":[{"taxonomy":"product_brand","embeddable":true,"href":"https:\/\/www.customywear.com\/sk\/wp-json\/wp\/v2\/product_brand?post=129062"},{"taxonomy":"product_cat","embeddable":true,"href":"https:\/\/www.customywear.com\/sk\/wp-json\/wp\/v2\/product_cat?post=129062"},{"taxonomy":"product_tag","embeddable":true,"href":"https:\/\/www.customywear.com\/sk\/wp-json\/wp\/v2\/product_tag?post=129062"}],"curies":[{"name":"wp","href":"https:\/\/api.w.org\/{rel}","templated":true}]}}