{"id":129109,"date":"2025-03-29T13:55:42","date_gmt":"2025-03-29T13:55:42","guid":{"rendered":"https:\/\/www.customywear.com\/?post_type=product&#038;p=129109"},"modified":"2026-05-05T20:23:26","modified_gmt":"2026-05-05T20:23:26","slug":"damske-tricko-s-francuzskou-tematikou-na-mieru","status":"publish","type":"product","link":"https:\/\/www.customywear.com\/sk\/custom-french-themed-tshirt-women\/","title":{"rendered":"Vlastn\u00e9 franc\u00fazsky-Tematick\u00e9 T-Shirt pre \u017deny \u2013 Osobn\u00e9 Fotografie Znak Tee"},"content":{"rendered":"<p>Nechajte sa unies\u0165 \u010darom Franc\u00fazska s na\u0161\u00edm d\u00e1mskym tri\u010dkom s franc\u00fazskou tematikou na mieru! Preme\u0148te svoju ob\u013e\u00faben\u00fa fotografiu na \u017eiv\u00fa a personalizovan\u00fa postavu oble\u010den\u00fa vo farb\u00e1ch franc\u00fazskej vlajky, to v\u0161etko na pozad\u00ed rozmarn\u00e9ho franc\u00fazskeho ihriska. Toto pr\u00e9miov\u00e9 tri\u010dko je vyroben\u00e9 z m\u00e4kkej 100 % bavlny a vyzna\u010duje sa vysoko kvalitnou DTG potla\u010dou pre \u017eiariv\u00e9 a trv\u00e1cne vzory, ktor\u00e9 odr\u00e1\u017eaj\u00fa v\u00e1\u0161 jedine\u010dn\u00fd \u0161t\u00fdl. Ide\u00e1lne ako premyslen\u00fd dar\u010dek na narodeniny, Vianoce, svadby alebo jednoducho pre t\u00fdch, ktor\u00ed si cenia franc\u00fazsku kult\u00faru a sn\u00edvaj\u00fa o cestovan\u00ed do Franc\u00fazska.<\/p>","protected":false},"excerpt":{"rendered":"<p>Pozdvihnite m\u00f3du s vlastn\u00fdm tri\u010dkom s franc\u00fazskou tematikou pre \u017eeny. Personalizovan\u00e9 tri\u010dk\u00e1 s fotografiami premenia ak\u00fako\u013evek fotografiu na \u0161t\u00fdlov\u00e9, jedine\u010dn\u00e9 tri\u010dko.<\/p>","protected":false},"featured_media":129196,"comment_status":"open","ping_status":"closed","template":"","meta":{"_acf_changed":false},"product_brand":[],"product_cat":[6191,6320,6412,6428,75,6358,6355],"product_tag":[6214,6433,6328,229,6215],"class_list":{"0":"post-129109","1":"product","2":"type-product","3":"status-publish","4":"has-post-thumbnail","6":"product_cat-t-shirts-women","7":"product_cat-custom-gifts-french-culture","8":"product_cat-photo-to-tees","9":"product_cat-translate-products","10":"product_cat-women","11":"product_cat-womens-anniversary-t-shirts","12":"product_cat-womens-culture-country-t-shirts","13":"product_tag-affordable-custom-t-shirts","14":"product_tag-ai-artwork","15":"product_tag-custom-image-t-shirt-for-women","16":"product_tag-custom-tee-shirts","17":"product_tag-screen-printing-near-me","19":"first","20":"instock","21":"taxable","22":"shipping-taxable","23":"purchasable","24":"product-type-simple"},"acf":[],"wcpa_form_fields":null,"_links":{"self":[{"href":"https:\/\/www.customywear.com\/sk\/wp-json\/wp\/v2\/product\/129109","targetHints":{"allow":["GET"]}}],"collection":[{"href":"https:\/\/www.customywear.com\/sk\/wp-json\/wp\/v2\/product"}],"about":[{"href":"https:\/\/www.customywear.com\/sk\/wp-json\/wp\/v2\/types\/product"}],"replies":[{"embeddable":true,"href":"https:\/\/www.customywear.com\/sk\/wp-json\/wp\/v2\/comments?post=129109"}],"wp:featuredmedia":[{"embeddable":true,"href":"https:\/\/www.customywear.com\/sk\/wp-json\/wp\/v2\/media\/129196"}],"wp:attachment":[{"href":"https:\/\/www.customywear.com\/sk\/wp-json\/wp\/v2\/media?parent=129109"}],"wp:term":[{"taxonomy":"product_brand","embeddable":true,"href":"https:\/\/www.customywear.com\/sk\/wp-json\/wp\/v2\/product_brand?post=129109"},{"taxonomy":"product_cat","embeddable":true,"href":"https:\/\/www.customywear.com\/sk\/wp-json\/wp\/v2\/product_cat?post=129109"},{"taxonomy":"product_tag","embeddable":true,"href":"https:\/\/www.customywear.com\/sk\/wp-json\/wp\/v2\/product_tag?post=129109"}],"curies":[{"name":"wp","href":"https:\/\/api.w.org\/{rel}","templated":true}]}}