{"id":129138,"date":"2025-03-29T13:55:42","date_gmt":"2025-03-29T13:55:42","guid":{"rendered":"https:\/\/www.customywear.com\/?post_type=product&#038;p=129138"},"modified":"2026-05-05T20:24:06","modified_gmt":"2026-05-05T20:24:06","slug":"panske-tricko-s-francuzskou-tematikou","status":"publish","type":"product","link":"https:\/\/www.customywear.com\/sk\/custom-french-themed-tshirt-men\/","title":{"rendered":"Vlastn\u00e9 franc\u00fazsky-Tematick\u00e9 T-Shirt pre Mu\u017eov \u2013 Osobn\u00e9 Fotografie Znak Tee"},"content":{"rendered":"<p>Preme\u0148te svoju ob\u013e\u00faben\u00fa fotografiu na v\u00fdrazn\u00fa personalizovan\u00fa postavu na na\u0161om tri\u010dku s franc\u00fazskou tematikou na mieru! Tento jedine\u010dn\u00fd dizajn sa vyzna\u010duje \u017eiariv\u00fdmi farbami pripom\u00ednaj\u00facimi franc\u00fazsku vlajku na pozad\u00ed kr\u00e1sne vytvoren\u00e9ho umeleck\u00e9ho pozadia ihriska. Toto tri\u010dko pr\u00e9miovej kvality, vyroben\u00e9 z m\u00e4kkej 100 % bavlny, s\u013eubuje pohodlie a odolnos\u0165. Ide\u00e1lne ako dar\u010dek pre nad\u0161encov franc\u00fazskej kult\u00fary, cestovate\u013eov alebo na oslavu \u0161peci\u00e1lnych pr\u00edle\u017eitost\u00ed, ako s\u00fa narodeniny, Vianoce a svadby. Ka\u017ed\u00fd dizajn je jedine\u010dne vytvoren\u00fd zru\u010dn\u00fdmi umelcami, \u010do zaru\u010duje jedine\u010dn\u00e9 nosite\u013en\u00e9 umeleck\u00e9 dielo.<\/p>","protected":false},"excerpt":{"rendered":"<p>Uk\u00e1\u017ete eleganciu s vlastn\u00fdm tri\u010dkom s franc\u00fazskou tematikou pre mu\u017eov. Personalizovan\u00e9 tri\u010dk\u00e1 s fotografick\u00fdmi postavami premenia ak\u00fako\u013evek fotografiu na odv\u00e1\u017ene, jedine\u010dn\u00e9 tri\u010dko.<\/p>","protected":false},"featured_media":129175,"comment_status":"open","ping_status":"closed","template":"","meta":{"_acf_changed":false},"product_brand":[],"product_cat":[6195,6320,186,6345,6412,6428],"product_tag":[6433,6327,6216],"class_list":{"0":"post-129138","1":"product","2":"type-product","3":"status-publish","4":"has-post-thumbnail","6":"product_cat-t-shirts-men","7":"product_cat-custom-gifts-french-culture","8":"product_cat-men","9":"product_cat-mens-country-culture-t-shirts","10":"product_cat-photo-to-tees","11":"product_cat-translate-products","12":"product_tag-ai-artwork","13":"product_tag-custom-photo-t-shirt-for-men","14":"product_tag-mens-custom-t-shirts","16":"first","17":"instock","18":"taxable","19":"shipping-taxable","20":"purchasable","21":"product-type-simple"},"acf":[],"wcpa_form_fields":null,"_links":{"self":[{"href":"https:\/\/www.customywear.com\/sk\/wp-json\/wp\/v2\/product\/129138","targetHints":{"allow":["GET"]}}],"collection":[{"href":"https:\/\/www.customywear.com\/sk\/wp-json\/wp\/v2\/product"}],"about":[{"href":"https:\/\/www.customywear.com\/sk\/wp-json\/wp\/v2\/types\/product"}],"replies":[{"embeddable":true,"href":"https:\/\/www.customywear.com\/sk\/wp-json\/wp\/v2\/comments?post=129138"}],"wp:featuredmedia":[{"embeddable":true,"href":"https:\/\/www.customywear.com\/sk\/wp-json\/wp\/v2\/media\/129175"}],"wp:attachment":[{"href":"https:\/\/www.customywear.com\/sk\/wp-json\/wp\/v2\/media?parent=129138"}],"wp:term":[{"taxonomy":"product_brand","embeddable":true,"href":"https:\/\/www.customywear.com\/sk\/wp-json\/wp\/v2\/product_brand?post=129138"},{"taxonomy":"product_cat","embeddable":true,"href":"https:\/\/www.customywear.com\/sk\/wp-json\/wp\/v2\/product_cat?post=129138"},{"taxonomy":"product_tag","embeddable":true,"href":"https:\/\/www.customywear.com\/sk\/wp-json\/wp\/v2\/product_tag?post=129138"}],"curies":[{"name":"wp","href":"https:\/\/api.w.org\/{rel}","templated":true}]}}