{"id":129398,"date":"2025-04-10T09:32:17","date_gmt":"2025-04-10T09:32:17","guid":{"rendered":"https:\/\/www.customywear.com\/?post_type=product&#038;p=129398"},"modified":"2026-05-07T15:29:31","modified_gmt":"2026-05-07T15:29:31","slug":"dievcenske-tricko-speed-racer-s-fotografiou-na-mieru","status":"publish","type":"product","link":"https:\/\/www.customywear.com\/sk\/girls-custom-speed-racer-photo-tee\/","title":{"rendered":"Diev\u010densk\u00e9 personalizovan\u00e9 pretek\u00e1rske tri\u010dko \u2013 detsk\u00e9 tri\u010dko Speed \u200b\u200bRacer s fotografiou | Jedine\u010dn\u00fd dar\u010dek pre diev\u010dat\u00e1, ktor\u00e9 miluj\u00fa aut\u00e1 a r\u00fdchlos\u0165"},"content":{"rendered":"<p>Zap\u00e1\u013ete detsk\u00fa fant\u00e1ziu s na\u0161\u00edm <strong data-start=\"485\" data-end=\"528\">Diev\u010densk\u00e9 personalizovan\u00e9 tri\u010dko Speed \u200b\u200bRacer<\/strong>, dar\u010dek na mieru, ktor\u00fd premen\u00ed jej fotografiu na vzru\u0161uj\u00facu sc\u00e9nu z pretek\u00e1rskeho auta! Toto tri\u010dko je vyroben\u00e9 z m\u00e4kkej 100 % pr\u00e9miovej bavlny a potla\u010den\u00e9 \u017eiarivou, nevybledn\u00facou technol\u00f3giou DTG, tak\u017ee je pohodln\u00e9 aj podmaniv\u00e9 z\u00e1rove\u0148. Je ur\u010den\u00e9 pre mlad\u00e9 diev\u010dat\u00e1, ktor\u00e9 miluj\u00fa r\u00fdchlos\u0165, preteky a jedine\u010dn\u00fa m\u00f3du. Ka\u017ed\u00e9 tri\u010dko obsahuje ru\u010dne vyroben\u00e9 digit\u00e1lne umeleck\u00e9 dielo, ktor\u00e9 z nej rob\u00ed hviezdnu jazdky\u0148u. Toto tri\u010dko na mieru, ide\u00e1lne na narodeniny alebo \u0161peci\u00e1lne pr\u00edle\u017eitosti, je radostnou jazdou za kreativitou a z\u00e1bavou!<\/p>","protected":false},"excerpt":{"rendered":"<p>Pretekajte v \u0161t\u00fdle s diev\u010densk\u00fdm personalizovan\u00fdm pretek\u00e1rskym tri\u010dkom. Vlastn\u00e9 tri\u010dk\u00e1 Speed Racer pre deti premenia ak\u00fako\u013evek fotografiu na z\u00e1bavn\u00e9, jedine\u010dn\u00e9 tri\u010dko.<\/p>","protected":false},"featured_media":129568,"comment_status":"open","ping_status":"closed","template":"","meta":{"_acf_changed":false},"product_brand":[],"product_cat":[6193,6323,152,6412,6428,58],"product_tag":[6433,6439,6331,6221],"class_list":{"0":"post-129398","1":"product","2":"type-product","3":"status-publish","4":"has-post-thumbnail","6":"product_cat-girls-t-shirts","7":"product_cat-custom-gifts-formula-1-racing-car","8":"product_cat-girls","9":"product_cat-photo-to-tees","10":"product_cat-translate-products","11":"product_cat-youth-kids","12":"product_tag-ai-artwork","13":"product_tag-ai-kids-artwork","14":"product_tag-custom-picture-t-shirt-for-girls","15":"product_tag-custom-t-shirts-near-me","17":"first","18":"instock","19":"taxable","20":"shipping-taxable","21":"purchasable","22":"product-type-simple"},"acf":[],"wcpa_form_fields":null,"_links":{"self":[{"href":"https:\/\/www.customywear.com\/sk\/wp-json\/wp\/v2\/product\/129398","targetHints":{"allow":["GET"]}}],"collection":[{"href":"https:\/\/www.customywear.com\/sk\/wp-json\/wp\/v2\/product"}],"about":[{"href":"https:\/\/www.customywear.com\/sk\/wp-json\/wp\/v2\/types\/product"}],"replies":[{"embeddable":true,"href":"https:\/\/www.customywear.com\/sk\/wp-json\/wp\/v2\/comments?post=129398"}],"wp:featuredmedia":[{"embeddable":true,"href":"https:\/\/www.customywear.com\/sk\/wp-json\/wp\/v2\/media\/129568"}],"wp:attachment":[{"href":"https:\/\/www.customywear.com\/sk\/wp-json\/wp\/v2\/media?parent=129398"}],"wp:term":[{"taxonomy":"product_brand","embeddable":true,"href":"https:\/\/www.customywear.com\/sk\/wp-json\/wp\/v2\/product_brand?post=129398"},{"taxonomy":"product_cat","embeddable":true,"href":"https:\/\/www.customywear.com\/sk\/wp-json\/wp\/v2\/product_cat?post=129398"},{"taxonomy":"product_tag","embeddable":true,"href":"https:\/\/www.customywear.com\/sk\/wp-json\/wp\/v2\/product_tag?post=129398"}],"curies":[{"name":"wp","href":"https:\/\/api.w.org\/{rel}","templated":true}]}}